{"id":5735,"date":"2024-05-09T00:29:05","date_gmt":"2024-05-09T00:29:05","guid":{"rendered":"https:\/\/jackmatrix.com.au\/website-bedingungen\/"},"modified":"2024-06-06T02:53:42","modified_gmt":"2024-06-06T02:53:42","slug":"website-bedingungen","status":"publish","type":"page","link":"https:\/\/jackmatrix.com.au\/de\/website-bedingungen\/","title":{"rendered":"Website Bedingungen"},"content":{"rendered":"<p>[et_pb_section fb_built=&#8221;1&#8243; _builder_version=&#8221;4.25.0&#8243; background_color=&#8221;#2AA78A&#8221; background_enable_image=&#8221;off&#8221; custom_padding=&#8221;2vw|0px|2vw|0px|true|false&#8221; global_colors_info=&#8221;{}&#8221;][et_pb_row _builder_version=&#8221;4.16&#8243; global_colors_info=&#8221;{}&#8221;][et_pb_column type=&#8221;4_4&#8243; _builder_version=&#8221;4.16&#8243; custom_padding=&#8221;|||&#8221; global_colors_info=&#8221;{}&#8221; custom_padding__hover=&#8221;|||&#8221;][et_pb_text _builder_version=&#8221;4.25.1&#8243; text_font=&#8221;Satoshi Regular &#8211; Body Copy||||||||&#8221; text_font_size=&#8221;24px&#8221; text_line_height=&#8221;2em&#8221; ul_font=&#8221;||||||||&#8221; ol_font=&#8221;||||||||&#8221; header_font=&#8221;Stoshi Black &#8211; headlines|700|||||||&#8221; header_font_size=&#8221;64px&#8221; header_line_height=&#8221;1.2em&#8221; header_2_font=&#8221;||||||||&#8221; header_3_font=&#8221;||||||||&#8221; header_4_font=&#8221;||||||||&#8221; header_5_font=&#8221;||||||||&#8221; header_6_font=&#8221;||||||||&#8221; text_orientation=&#8221;center&#8221; background_layout=&#8221;dark&#8221; max_width=&#8221;600px&#8221; module_alignment=&#8221;center&#8221; custom_margin=&#8221;|||&#8221; hover_enabled=&#8221;0&#8243; text_font_size_tablet=&#8221;&#8221; text_font_size_phone=&#8221;16px&#8221; text_font_size_last_edited=&#8221;on|phone&#8221; header_font_size_tablet=&#8221;45px&#8221; header_font_size_phone=&#8221;&#8221; header_font_size_last_edited=&#8221;on|phone&#8221; locked=&#8221;off&#8221; global_colors_info=&#8221;{}&#8221; sticky_enabled=&#8221;0&#8243;]<\/p>\n<h1>Website Bedingungen<\/h1>\n<p>[\/et_pb_text][\/et_pb_column][\/et_pb_row][\/et_pb_section][et_pb_section fb_built=&#8221;1&#8243; admin_label=&#8221;Services&#8221; _builder_version=&#8221;4.24.2&#8243; background_enable_image=&#8221;off&#8221; background_size=&#8221;initial&#8221; background_position=&#8221;bottom_right&#8221; custom_padding=&#8221;0|0px|0px|0px|false|false&#8221; locked=&#8221;off&#8221; global_colors_info=&#8221;{}&#8221;][et_pb_row _builder_version=&#8221;4.16&#8243; custom_padding=&#8221;27px|0px|0|0px|false|false&#8221; global_colors_info=&#8221;{}&#8221;][et_pb_column type=&#8221;4_4&#8243; _builder_version=&#8221;4.16&#8243; custom_padding=&#8221;|||&#8221; global_colors_info=&#8221;{}&#8221; custom_padding__hover=&#8221;|||&#8221;][et_pb_text _builder_version=&#8221;4.25.0&#8243; text_font=&#8221;Satoshi Regular &#8211; Body Copy||||||||&#8221; text_font_size=&#8221;18px&#8221; text_line_height=&#8221;2em&#8221; header_font=&#8221;||||||||&#8221; header_2_font=&#8221;Stoshi Black &#8211; headlines||||||||&#8221; header_2_font_size=&#8221;42px&#8221; header_3_font=&#8221;|700||on|||||&#8221; header_3_font_size=&#8221;20px&#8221; header_3_letter_spacing=&#8221;1px&#8221; header_3_line_height=&#8221;1.7em&#8221; text_font_size_tablet=&#8221;&#8221; text_font_size_phone=&#8221;14px&#8221; text_font_size_last_edited=&#8221;on|phone&#8221; global_colors_info=&#8221;{}&#8221;]<\/p>\n<p><span style=\"color: #000000;\"><strong>Vereinbarung zwischen Nutzern und Whites Group<\/strong><\/span><\/p>\n<p>Die Website der Whites Group besteht aus verschiedenen Webseiten, die von der Whites Group betrieben werden.<br \/>Die Website der Whites Group wird Ihnen unter der Bedingung angeboten, dass Sie die hierin enthaltenen Bestimmungen, Bedingungen und Hinweise ohne \u00c4nderungen akzeptieren.<br \/>Durch die Nutzung der Website der Whites Group erkl\u00e4ren Sie sich mit all diesen Bedingungen und Hinweisen einverstanden.<\/p>\n<p><span style=\"color: #000000;\"><strong>\u00c4nderung dieser Nutzungsbedingungen<\/strong><\/span><br \/>Die Whites Group beh\u00e4lt sich das Recht vor, die Bedingungen und Hinweise zu \u00e4ndern, unter denen die Website der Whites Group angeboten wird, einschlie\u00dflich, aber nicht beschr\u00e4nkt auf die Geb\u00fchren im Zusammenhang mit der Nutzung der Website der Whites Group.<\/p>\n<p><span style=\"color: #000000;\"><strong>Links zu Websites von Drittanbietern<\/strong><\/span><br \/>Die Website der Whites Group kann Links zu anderen Websites (&#8220;verlinkte Websites&#8221;) enthalten. Die verlinkten Seiten stehen nicht unter der Kontrolle der Whites Group und die Whites Group ist nicht verantwortlich f\u00fcr den Inhalt der verlinkten Seiten, einschlie\u00dflich, aber nicht beschr\u00e4nkt auf Links, die auf einer verlinkten Seite enthalten sind, oder f\u00fcr \u00c4nderungen oder Aktualisierungen auf einer verlinkten Seite. Whites Group ist nicht verantwortlich f\u00fcr Webcasting oder jede andere Form der \u00dcbertragung, die von einer verlinkten Website empfangen wird. Die Whites Group stellt Ihnen diese Links nur als Annehmlichkeit zur Verf\u00fcgung, und die Aufnahme eines Links bedeutet nicht, dass die Whites Group die Website bef\u00fcrwortet oder eine Verbindung zu deren Betreibern herstellt.<\/p>\n<p><span style=\"color: #000000;\"><strong>Keine ungesetzliche oder verbotene Nutzung<\/strong><\/span><br \/>Als Bedingung f\u00fcr die Nutzung der Website der Whites Group garantieren Sie der Whites Group, dass Sie die Website der Whites Group nicht f\u00fcr Zwecke nutzen werden, die rechtswidrig oder durch diese Bedingungen und Hinweise verboten sind. Sie d\u00fcrfen die Website der Whites Group nicht auf eine Art und Weise nutzen, die die Website der Whites Group besch\u00e4digen, deaktivieren, \u00fcberlasten oder beeintr\u00e4chtigen oder die Nutzung der Website der Whites Group durch andere Parteien st\u00f6ren k\u00f6nnte. Es ist Ihnen nicht gestattet, Materialien oder Informationen \u00fcber Mittel zu erhalten, die nicht absichtlich \u00fcber die Websites der Whites Group zur Verf\u00fcgung gestellt oder bereitgestellt werden.<\/p>\n<p><span style=\"color: #000000;\"><strong>Nutzung von Kommunikationsdiensten<\/strong><\/span><br \/>Die Website der Whites Group kann Bulletin-Board-Dienste, Chat-Bereiche, News-Gruppen, Foren, Communities, pers\u00f6nliche Webseiten, Kalender und\/oder andere Nachrichten- oder Kommunikationseinrichtungen enthalten, die es Ihnen erm\u00f6glichen, mit der \u00d6ffentlichkeit oder einer Gruppe zu kommunizieren (zusammenfassend als &#8220;Kommunikationsdienste&#8221; bezeichnet). Sie erkl\u00e4ren sich damit einverstanden, die Kommunikationsdienste nur zu nutzen, um Nachrichten und Material zu ver\u00f6ffentlichen, zu senden und zu empfangen, die ordnungsgem\u00e4\u00df sind und sich auf den jeweiligen Kommunikationsdienst beziehen. Als Beispiel, und nicht als Einschr\u00e4nkung, erkl\u00e4ren Sie sich damit einverstanden, dass Sie bei der Nutzung eines Kommunikationsdienstes nichts unternehmen werden:<\/p>\n<p>&#8211; Diffamieren, missbrauchen, bel\u00e4stigen, stalken, bedrohen oder anderweitig die gesetzlichen Rechte (wie das Recht auf Privatsph\u00e4re und \u00d6ffentlichkeit) anderer verletzen.<br \/>&#8211; unangemessene, gottesl\u00e4sterliche, verleumderische, verletzende, obsz\u00f6ne, unanst\u00e4ndige oder ungesetzliche Themen, Namen, Materialien oder Informationen zu ver\u00f6ffentlichen, einzustellen, hochzuladen, zu verteilen oder zu verbreiten.<br \/>&#8211; Dateien hochzuladen, die Software oder anderes Material enthalten, das durch Gesetze zum Schutz des geistigen Eigentums (oder durch das Recht auf Privatsph\u00e4re oder \u00d6ffentlichkeit) gesch\u00fctzt ist, es sei denn, Sie besitzen oder kontrollieren die Rechte daran oder haben alle erforderlichen Genehmigungen erhalten.<br \/>&#8211; Dateien hochzuladen, die Viren, besch\u00e4digte Dateien oder andere \u00e4hnliche Software oder Programme enthalten, die den Betrieb eines fremden Computers beeintr\u00e4chtigen k\u00f6nnen.<br \/>&#8211; Werbung oder Angebote zum Verkauf oder Kauf von Waren oder Dienstleistungen zu gesch\u00e4ftlichen Zwecken, es sei denn, der Kommunikationsdienst erlaubt solche Nachrichten ausdr\u00fccklich.<br \/>&#8211; Umfragen, Wettbewerbe, Schneeballsysteme oder Kettenbriefe durchf\u00fchren oder weiterleiten.<br \/>&#8211; das Herunterladen von Dateien, die von einem anderen Benutzer eines Kommunikationsdienstes eingestellt wurden und von denen Sie wissen oder vern\u00fcnftigerweise wissen sollten, dass sie nicht auf diese Weise legal verbreitet werden d\u00fcrfen.<br \/>&#8211; F\u00e4lschen oder L\u00f6schen von Autorenangaben, rechtlichen oder anderen ordnungsgem\u00e4\u00dfen Hinweisen oder Eigentumsbezeichnungen oder Kennzeichnungen der Herkunft oder Quelle von Software oder anderem Material, das in einer hochgeladenen Datei enthalten ist.<br \/>&#8211; Andere Benutzer in der Nutzung der Kommunikationsdienste einschr\u00e4nken oder daran hindern, diese zu nutzen.<br \/>&#8211; gegen einen Verhaltenskodex oder andere Richtlinien versto\u00dfen, die f\u00fcr einen bestimmten Kommunikationsdienst gelten.<br \/>&#8211; Informationen \u00fcber andere, einschlie\u00dflich E-Mail-Adressen, ohne deren Zustimmung zu sammeln oder anderweitig zu erfassen.<br \/>&#8211; gegen geltende Gesetze oder Vorschriften versto\u00dfen.<\/p>\n<p>Die Whites Group ist nicht verpflichtet, die Kommunikationsdienste zu \u00fcberwachen. Die Whites Group beh\u00e4lt sich jedoch das Recht vor, Materialien, die in einem Kommunikationsdienst ver\u00f6ffentlicht werden, zu \u00fcberpr\u00fcfen und nach eigenem Ermessen zu entfernen. Die Whites Group beh\u00e4lt sich das Recht vor, Ihren Zugang zu einzelnen oder allen Kommunikationsdiensten jederzeit und ohne Vorank\u00fcndigung aus beliebigen Gr\u00fcnden zu sperren.<\/p>\n<p>Die Whites Group beh\u00e4lt sich das Recht vor, jederzeit alle Informationen offenzulegen, die zur Erf\u00fcllung geltender Gesetze, Vorschriften, rechtlicher Verfahren oder beh\u00f6rdlicher Anforderungen erforderlich sind, oder nach eigenem Ermessen Informationen oder Materialien ganz oder teilweise zu bearbeiten, deren Ver\u00f6ffentlichung zu verweigern oder zu entfernen.<\/p>\n<p>Seien Sie immer vorsichtig, wenn Sie pers\u00f6nliche Informationen \u00fcber sich oder Ihre Kinder in einem Kommunikationsdienst preisgeben. Die Whites Group kontrolliert oder bef\u00fcrwortet die Inhalte, Nachrichten oder Informationen, die in den Kommunikationsdiensten zu finden sind, nicht und lehnt daher ausdr\u00fccklich jede Haftung in Bezug auf die Kommunikationsdienste und alle Handlungen, die sich aus Ihrer Teilnahme an einem Kommunikationsdienst ergeben, ab. Manager und Moderatoren sind keine autorisierten Sprecher der Whites Group, und ihre Ansichten spiegeln nicht unbedingt die der Whites Group wider.<\/p>\n<p>Materialien, die in einen Kommunikationsdienst hochgeladen werden, k\u00f6nnen Einschr\u00e4nkungen in Bezug auf die Nutzung, Vervielf\u00e4ltigung und\/oder Verbreitung unterworfen sein.<\/p>\n<p>Sie sind f\u00fcr die Einhaltung dieser Beschr\u00e4nkungen verantwortlich, wenn Sie die Materialien herunterladen.<\/p>\n<p><span style=\"color: #000000;\"><strong>Materialien, die der Whites Group zur Verf\u00fcgung gestellt oder auf einer Website der Whites Group ver\u00f6ffentlicht werden<\/strong><\/span><br \/>Die Whites Group erhebt keinen Anspruch auf das Eigentum an den Materialien, die Sie der Whites Group zur Verf\u00fcgung stellen (einschlie\u00dflich Feedback und Vorschl\u00e4gen) oder auf einer Website der Whites Group oder den damit verbundenen Diensten ver\u00f6ffentlichen, hochladen, eingeben oder \u00fcbermitteln (zusammenfassend als &#8220;\u00dcbermittlungen&#8221; bezeichnet). Durch das Einstellen, Hochladen, Eingeben, Bereitstellen oder \u00dcbermitteln Ihres Beitrags gew\u00e4hren Sie jedoch der Whites Group, ihren verbundenen Unternehmen und notwendigen Unterlizenznehmern die Erlaubnis, Ihren Beitrag in Verbindung mit dem Betrieb ihrer Internetgesch\u00e4fte zu verwenden, einschlie\u00dflich, aber nicht beschr\u00e4nkt auf die Rechte: Ihren Beitrag zu kopieren, zu verteilen, zu \u00fcbertragen, \u00f6ffentlich auszustellen, \u00f6ffentlich vorzuf\u00fchren, zu reproduzieren, zu bearbeiten, zu \u00fcbersetzen und umzuformatieren; und Ihren Namen in Verbindung mit Ihrem Beitrag zu ver\u00f6ffentlichen.<\/p>\n<p>Es wird keine Verg\u00fctung f\u00fcr die Verwendung Ihrer Einsendung gezahlt, wie hier vorgesehen. Die Whites Group ist nicht verpflichtet, Ihre Beitr\u00e4ge zu ver\u00f6ffentlichen oder zu verwenden und kann jeden Beitrag jederzeit nach eigenem Ermessen entfernen.<br \/>Durch das Einstellen, Hochladen, Eingeben, Bereitstellen oder \u00dcbermitteln Ihrer Beitr\u00e4ge garantieren und erkl\u00e4ren Sie, dass Sie alle Rechte an Ihren Beitr\u00e4gen, wie in diesem Abschnitt beschrieben, besitzen oder anderweitig kontrollieren, einschlie\u00dflich, aber nicht beschr\u00e4nkt auf alle Rechte, die f\u00fcr das Bereitstellen, Einstellen, Hochladen, Eingeben oder \u00dcbermitteln der Beitr\u00e4ge erforderlich sind.<\/p>\n<p><span style=\"color: #000000;\"><strong>Haftungsausschlu\u00df<\/strong><\/span><br \/>Die Informationen, Software, Produkte und Dienstleistungen, die auf der Website der Whites Group enthalten oder \u00fcber diese verf\u00fcgbar sind, k\u00f6nnen Ungenauigkeiten oder typografische Fehler enthalten. Die hierin enthaltenen Informationen werden in regelm\u00e4\u00dfigen Abst\u00e4nden ge\u00e4ndert. Die Whites Group und\/oder ihre Lieferanten k\u00f6nnen jederzeit Verbesserungen und\/oder \u00c4nderungen an der Website der Whites Group vornehmen. Ratschl\u00e4ge, die Sie \u00fcber die Website der Whites Group erhalten, sollten nicht f\u00fcr pers\u00f6nliche, medizinische, rechtliche oder finanzielle Entscheidungen herangezogen werden. Sie sollten sich f\u00fcr eine spezifische, auf Ihre Situation zugeschnittene Beratung an einen entsprechenden Fachmann wenden.<\/p>\n<p>Die Whites Group und\/oder ihre Lieferanten machen keine Zusicherungen \u00fcber die Eignung, Zuverl\u00e4ssigkeit, Verf\u00fcgbarkeit, Aktualit\u00e4t und Genauigkeit der Informationen, Software, Produkte, Dienstleistungen und zugeh\u00f6rigen Grafiken, die auf der Website der Whites Group enthalten sind, f\u00fcr irgendeinen Zweck. Soweit dies nach geltendem Recht zul\u00e4ssig ist, werden alle diese Informationen, Software, Produkte, Dienstleistungen und zugeh\u00f6rigen Grafiken ohne jegliche Garantie oder Bedingung bereitgestellt. Die Whites Group und\/oder ihre Lieferanten lehnen hiermit alle Garantien und Bedingungen in Bezug auf diese Informationen, Software, Produkte, Dienstleistungen und zugeh\u00f6rigen Grafiken ab, einschlie\u00dflich aller stillschweigenden Garantien oder Bedingungen der Marktg\u00e4ngigkeit, der Eignung f\u00fcr einen bestimmten Zweck, des Eigentums und der Nichtverletzung von Rechten.<\/p>\n<p>Soweit es das geltende Recht zul\u00e4sst, haften die Whites Group und\/oder ihre Zulieferer in keinem Fall f\u00fcr direkte, indirekte, strafende, zuf\u00e4llige, besondere oder Folgesch\u00e4den oder Sch\u00e4den jeglicher Art, einschlie\u00dflich, aber nicht beschr\u00e4nkt auf Sch\u00e4den aus Nutzungsausfall, Datenverlust oder entgangenem Gewinn, die sich aus der Nutzung oder Leistung der Website der Whites Group, aus der Verz\u00f6gerung oder der Unm\u00f6glichkeit der Nutzung der Website der Whites Group oder damit verbundener Dienstleistungen ergeben oder in irgendeiner Weise damit zusammenh\u00e4ngen, der Bereitstellung oder Nichtbereitstellung von Diensten oder f\u00fcr Informationen, Software, Produkte, Dienste und zugeh\u00f6rige Grafiken, die \u00fcber die Website der Whites Group bezogen werden, oder anderweitig aus der Nutzung der Website der Whites Group entstehen, unabh\u00e4ngig davon, ob diese auf einem Vertrag, einer unerlaubten Handlung, Fahrl\u00e4ssigkeit, verschuldensunabh\u00e4ngiger Haftung oder anderweitig beruhen, selbst wenn die Whites Group oder einer ihrer Lieferanten \u00fcber die M\u00f6glichkeit von Sch\u00e4den informiert wurde. Da einige Staaten\/Gerichtsbarkeiten den Ausschluss oder die Beschr\u00e4nkung der Haftung f\u00fcr Folgesch\u00e4den oder beil\u00e4ufig entstandene Sch\u00e4den nicht zulassen, gilt die obige Beschr\u00e4nkung m\u00f6glicherweise nicht f\u00fcr Sie. Sollten Sie mit irgendeinem Teil der Website der Whites Group oder mit einer dieser Nutzungsbedingungen unzufrieden sein, besteht Ihr einziges und ausschlie\u00dfliches Rechtsmittel darin, die Nutzung der Website der Whites Group einzustellen.<\/p>\n<p><span style=\"color: #000000;\"><strong>Beendigung\/Zugangsbeschr\u00e4nkung<\/strong><\/span><br \/>Whites Group beh\u00e4lt sich das Recht vor, nach eigenem Ermessen Ihren Zugang zur Whites Group Website und den damit verbundenen Diensten oder einem Teil davon jederzeit und ohne Vorank\u00fcndigung zu beenden.<\/p>\n<p><span style=\"color: #000000;\"><strong>Hinweise zu Copyright und Markenzeichen:<\/strong><\/span><br \/>Alle Inhalte der Website der Whites Group sind: \u00a9 2015 &#8211; Whites Group Pty Ltd und\/oder seine Lieferanten. Alle Rechte vorbehalten.<\/p>\n<p><span style=\"color: #000000;\"><strong>Markenzeichen<\/strong><\/span><br \/>Die Namen der hier erw\u00e4hnten Unternehmen und Produkte k\u00f6nnen Marken der jeweiligen Eigent\u00fcmer sein.<br \/>Die hier dargestellten Beispielunternehmen, Organisationen, Produkte, Personen und Ereignisse sind fiktiv. Eine Verbindung mit einem realen Unternehmen, einer Organisation, einem Produkt, einer Person oder einem Ereignis ist weder beabsichtigt noch sollte daraus geschlossen werden.<\/p>\n<p>\u00ae JACK, MURRAY, WHITES THINKING OUTSIDE, RETAIN-iT, SCREEN UP, ULTRAPOST, GRIP &amp; GROW, STAYMESH, WHITES RURAL, STOCKPOST, STOCKBOSS, UTE PACK, STIFF STAY und Agri-Wire sind eingetragene Marken der Whites Group Pty Ltd<br \/>\u2122 HANDYPAK, WIREPAK, MINI MESH, ENVIRO-TIE, FIREGUARD, WEATHERVIEW, BELTPAK, TOP NOTCH, FARM PAK, FARMLITE, HANDYFENCE, FIN GRIP, RINGfast und RIGI-FLOOR sind Marken der Whites Group Pty Ltd<br \/>\u00ae MaxTensor ist eine eingetragene Marke von Shiny Works, S.L.<br \/>\u00ae STOCK-ade, Impulse &amp; Jambro sind eingetragene Marken von Paslode Pty Limited<br \/>\u00ae Knipex ist eine eingetragene Marke der KNIPEX-Werk C. Gustav Putsch KG<br \/>\u00ae Bezinal ist eine eingetragene Marke von NV Bekaert SA<br \/>\u00ae FAMOUS TOLEDO EXCELLENCE BY DESIGN ist eine eingetragene Marke von Tridon Australia Pty Ltd.<\/p>\n<p>Alle hier nicht ausdr\u00fccklich gew\u00e4hrten Rechte sind vorbehalten.<\/p>\n<p><span style=\"color: #000000;\"><strong>Hinweise und Verfahren zur Geltendmachung von Urheberrechtsverletzungen<\/strong><\/span><br \/>Gem\u00e4\u00df title 17, united states code, section 512(c)(2), sollten Meldungen \u00fcber angebliche Urheberrechtsverletzungen im Rahmen des Urheberrechts der Vereinigten Staaten an den designierten Agenten des Dienstanbieters geschickt werden. Alle Anfragen, die sich nicht auf das folgende Verfahren beziehen, werden nicht beantwortet. Siehe Hinweis und Verfahren zur Geltendmachung von Anspr\u00fcchen wegen Urheberrechtsverletzungen.<\/p>\n<p>&nbsp;<\/p>\n<p>[\/et_pb_text][\/et_pb_column][\/et_pb_row][\/et_pb_section]<\/p>\n","protected":false},"excerpt":{"rendered":"<p>Website BedingungenVereinbarung zwischen Nutzern und Whites Group Die Website der Whites Group besteht aus verschiedenen Webseiten, die von der Whites Group betrieben werden.Die Website der Whites Group wird Ihnen unter der Bedingung angeboten, dass Sie die hierin enthaltenen Bestimmungen, Bedingungen und Hinweise ohne \u00c4nderungen akzeptieren.Durch die Nutzung der Website der Whites Group erkl\u00e4ren Sie sich [&hellip;]<\/p>\n","protected":false},"author":2,"featured_media":0,"parent":0,"menu_order":0,"comment_status":"closed","ping_status":"closed","template":"","meta":{"_et_pb_use_builder":"on","_et_pb_old_content":"","_et_gb_content_width":"","footnotes":""},"class_list":["post-5735","page","type-page","status-publish","hentry"],"yoast_head":"<!-- This site is optimized with the Yoast SEO plugin v27.5 - https:\/\/yoast.com\/product\/yoast-seo-wordpress\/ -->\n<title>Website Bedingungen - Jack Matrix<\/title>\n<meta name=\"robots\" content=\"index, follow, max-snippet:-1, max-image-preview:large, max-video-preview:-1\" \/>\n<link rel=\"canonical\" href=\"https:\/\/jackmatrix.com.au\/de\/website-bedingungen\/\" \/>\n<meta property=\"og:locale\" content=\"de_DE\" \/>\n<meta property=\"og:type\" content=\"article\" \/>\n<meta property=\"og:title\" content=\"Website Bedingungen - Jack Matrix\" \/>\n<meta property=\"og:description\" content=\"Website BedingungenVereinbarung zwischen Nutzern und Whites Group Die Website der Whites Group besteht aus verschiedenen Webseiten, die von der Whites Group betrieben werden.Die Website der Whites Group wird Ihnen unter der Bedingung angeboten, dass Sie die hierin enthaltenen Bestimmungen, Bedingungen und Hinweise ohne \u00c4nderungen akzeptieren.Durch die Nutzung der Website der Whites Group erkl\u00e4ren Sie sich [&hellip;]\" \/>\n<meta property=\"og:url\" content=\"https:\/\/jackmatrix.com.au\/de\/website-bedingungen\/\" \/>\n<meta property=\"og:site_name\" content=\"Jack Matrix\" \/>\n<meta property=\"article:modified_time\" content=\"2024-06-06T02:53:42+00:00\" \/>\n<meta name=\"twitter:card\" content=\"summary_large_image\" \/>\n<meta name=\"twitter:label1\" content=\"Est. reading time\" \/>\n\t<meta name=\"twitter:data1\" content=\"11 minutes\" \/>\n<script type=\"application\/ld+json\" class=\"yoast-schema-graph\">{\"@context\":\"https:\\\/\\\/schema.org\",\"@graph\":[{\"@type\":\"WebPage\",\"@id\":\"https:\\\/\\\/jackmatrix.com.au\\\/de\\\/website-bedingungen\\\/\",\"url\":\"https:\\\/\\\/jackmatrix.com.au\\\/de\\\/website-bedingungen\\\/\",\"name\":\"Website Bedingungen - Jack Matrix\",\"isPartOf\":{\"@id\":\"https:\\\/\\\/jackmatrix.com.au\\\/de\\\/#website\"},\"datePublished\":\"2024-05-09T00:29:05+00:00\",\"dateModified\":\"2024-06-06T02:53:42+00:00\",\"breadcrumb\":{\"@id\":\"https:\\\/\\\/jackmatrix.com.au\\\/de\\\/website-bedingungen\\\/#breadcrumb\"},\"inLanguage\":\"de-DE\",\"potentialAction\":[{\"@type\":\"ReadAction\",\"target\":[\"https:\\\/\\\/jackmatrix.com.au\\\/de\\\/website-bedingungen\\\/\"]}]},{\"@type\":\"BreadcrumbList\",\"@id\":\"https:\\\/\\\/jackmatrix.com.au\\\/de\\\/website-bedingungen\\\/#breadcrumb\",\"itemListElement\":[{\"@type\":\"ListItem\",\"position\":1,\"name\":\"Home\",\"item\":\"https:\\\/\\\/jackmatrix.com.au\\\/de\\\/homepage\\\/\"},{\"@type\":\"ListItem\",\"position\":2,\"name\":\"Website Bedingungen\"}]},{\"@type\":\"WebSite\",\"@id\":\"https:\\\/\\\/jackmatrix.com.au\\\/de\\\/#website\",\"url\":\"https:\\\/\\\/jackmatrix.com.au\\\/de\\\/\",\"name\":\"Jack Matrix\",\"description\":\"\",\"potentialAction\":[{\"@type\":\"SearchAction\",\"target\":{\"@type\":\"EntryPoint\",\"urlTemplate\":\"https:\\\/\\\/jackmatrix.com.au\\\/de\\\/?s={search_term_string}\"},\"query-input\":{\"@type\":\"PropertyValueSpecification\",\"valueRequired\":true,\"valueName\":\"search_term_string\"}}],\"inLanguage\":\"de-DE\"}]}<\/script>\n<!-- \/ Yoast SEO plugin. -->","yoast_head_json":{"title":"Website Bedingungen - Jack Matrix","robots":{"index":"index","follow":"follow","max-snippet":"max-snippet:-1","max-image-preview":"max-image-preview:large","max-video-preview":"max-video-preview:-1"},"canonical":"https:\/\/jackmatrix.com.au\/de\/website-bedingungen\/","og_locale":"de_DE","og_type":"article","og_title":"Website Bedingungen - Jack Matrix","og_description":"Website BedingungenVereinbarung zwischen Nutzern und Whites Group Die Website der Whites Group besteht aus verschiedenen Webseiten, die von der Whites Group betrieben werden.Die Website der Whites Group wird Ihnen unter der Bedingung angeboten, dass Sie die hierin enthaltenen Bestimmungen, Bedingungen und Hinweise ohne \u00c4nderungen akzeptieren.Durch die Nutzung der Website der Whites Group erkl\u00e4ren Sie sich [&hellip;]","og_url":"https:\/\/jackmatrix.com.au\/de\/website-bedingungen\/","og_site_name":"Jack Matrix","article_modified_time":"2024-06-06T02:53:42+00:00","twitter_card":"summary_large_image","twitter_misc":{"Est. reading time":"11 minutes"},"schema":{"@context":"https:\/\/schema.org","@graph":[{"@type":"WebPage","@id":"https:\/\/jackmatrix.com.au\/de\/website-bedingungen\/","url":"https:\/\/jackmatrix.com.au\/de\/website-bedingungen\/","name":"Website Bedingungen - Jack Matrix","isPartOf":{"@id":"https:\/\/jackmatrix.com.au\/de\/#website"},"datePublished":"2024-05-09T00:29:05+00:00","dateModified":"2024-06-06T02:53:42+00:00","breadcrumb":{"@id":"https:\/\/jackmatrix.com.au\/de\/website-bedingungen\/#breadcrumb"},"inLanguage":"de-DE","potentialAction":[{"@type":"ReadAction","target":["https:\/\/jackmatrix.com.au\/de\/website-bedingungen\/"]}]},{"@type":"BreadcrumbList","@id":"https:\/\/jackmatrix.com.au\/de\/website-bedingungen\/#breadcrumb","itemListElement":[{"@type":"ListItem","position":1,"name":"Home","item":"https:\/\/jackmatrix.com.au\/de\/homepage\/"},{"@type":"ListItem","position":2,"name":"Website Bedingungen"}]},{"@type":"WebSite","@id":"https:\/\/jackmatrix.com.au\/de\/#website","url":"https:\/\/jackmatrix.com.au\/de\/","name":"Jack Matrix","description":"","potentialAction":[{"@type":"SearchAction","target":{"@type":"EntryPoint","urlTemplate":"https:\/\/jackmatrix.com.au\/de\/?s={search_term_string}"},"query-input":{"@type":"PropertyValueSpecification","valueRequired":true,"valueName":"search_term_string"}}],"inLanguage":"de-DE"}]}},"_links":{"self":[{"href":"https:\/\/jackmatrix.com.au\/de\/wp-json\/wp\/v2\/pages\/5735","targetHints":{"allow":["GET"]}}],"collection":[{"href":"https:\/\/jackmatrix.com.au\/de\/wp-json\/wp\/v2\/pages"}],"about":[{"href":"https:\/\/jackmatrix.com.au\/de\/wp-json\/wp\/v2\/types\/page"}],"author":[{"embeddable":true,"href":"https:\/\/jackmatrix.com.au\/de\/wp-json\/wp\/v2\/users\/2"}],"replies":[{"embeddable":true,"href":"https:\/\/jackmatrix.com.au\/de\/wp-json\/wp\/v2\/comments?post=5735"}],"version-history":[{"count":10,"href":"https:\/\/jackmatrix.com.au\/de\/wp-json\/wp\/v2\/pages\/5735\/revisions"}],"predecessor-version":[{"id":5794,"href":"https:\/\/jackmatrix.com.au\/de\/wp-json\/wp\/v2\/pages\/5735\/revisions\/5794"}],"wp:attachment":[{"href":"https:\/\/jackmatrix.com.au\/de\/wp-json\/wp\/v2\/media?parent=5735"}],"curies":[{"name":"wp","href":"https:\/\/api.w.org\/{rel}","templated":true}]}}