{"id":5741,"date":"2024-05-09T00:40:12","date_gmt":"2024-05-09T00:40:12","guid":{"rendered":"https:\/\/jackmatrix.com.au\/datenschutzbestimmungen\/"},"modified":"2024-06-06T02:53:42","modified_gmt":"2024-06-06T02:53:42","slug":"datenschutzbestimmungen","status":"publish","type":"page","link":"https:\/\/jackmatrix.com.au\/de\/datenschutzbestimmungen\/","title":{"rendered":"Datenschutzbestimmungen"},"content":{"rendered":"<p>[et_pb_section fb_built=&#8220;1&#8243; _builder_version=&#8220;4.25.0&#8243; background_color=&#8220;#2AA78A&#8220; background_enable_image=&#8220;off&#8220; custom_padding=&#8220;2vw|0px|2vw|0px|true|false&#8220; global_colors_info=&#8220;{}&#8220;][et_pb_row _builder_version=&#8220;4.16&#8243; global_colors_info=&#8220;{}&#8220;][et_pb_column type=&#8220;4_4&#8243; _builder_version=&#8220;4.16&#8243; custom_padding=&#8220;|||&#8220; global_colors_info=&#8220;{}&#8220; custom_padding__hover=&#8220;|||&#8220;][et_pb_text _builder_version=&#8220;4.25.1&#8243; text_font=&#8220;Satoshi Regular &#8211; Body Copy||||||||&#8220; text_font_size=&#8220;24px&#8220; text_line_height=&#8220;2em&#8220; ul_font=&#8220;||||||||&#8220; ol_font=&#8220;||||||||&#8220; header_font=&#8220;Stoshi Black &#8211; headlines|700|||||||&#8220; header_font_size=&#8220;64px&#8220; header_line_height=&#8220;1.2em&#8220; header_2_font=&#8220;||||||||&#8220; header_3_font=&#8220;||||||||&#8220; header_4_font=&#8220;||||||||&#8220; header_5_font=&#8220;||||||||&#8220; header_6_font=&#8220;||||||||&#8220; text_orientation=&#8220;center&#8220; background_layout=&#8220;dark&#8220; max_width=&#8220;600px&#8220; module_alignment=&#8220;center&#8220; custom_margin=&#8220;|||&#8220; hover_enabled=&#8220;0&#8243; text_font_size_tablet=&#8220;&#8220; text_font_size_phone=&#8220;16px&#8220; text_font_size_last_edited=&#8220;on|phone&#8220; header_font_size_tablet=&#8220;45px&#8220; header_font_size_phone=&#8220;&#8220; header_font_size_last_edited=&#8220;on|phone&#8220; locked=&#8220;off&#8220; global_colors_info=&#8220;{}&#8220; sticky_enabled=&#8220;0&#8243;]<\/p>\n<h1>Datenschutzbestimmungen<\/h1>\n<p>[\/et_pb_text][\/et_pb_column][\/et_pb_row][\/et_pb_section][et_pb_section fb_built=&#8220;1&#8243; admin_label=&#8220;Services&#8220; _builder_version=&#8220;4.24.2&#8243; background_enable_image=&#8220;off&#8220; background_size=&#8220;initial&#8220; background_position=&#8220;bottom_right&#8220; custom_padding=&#8220;0|0px|0px|0px|false|false&#8220; locked=&#8220;off&#8220; global_colors_info=&#8220;{}&#8220;][et_pb_row _builder_version=&#8220;4.16&#8243; custom_padding=&#8220;27px|0px|0|0px|false|false&#8220; global_colors_info=&#8220;{}&#8220;][et_pb_column type=&#8220;4_4&#8243; _builder_version=&#8220;4.16&#8243; custom_padding=&#8220;|||&#8220; global_colors_info=&#8220;{}&#8220; custom_padding__hover=&#8220;|||&#8220;][et_pb_text _builder_version=&#8220;4.25.0&#8243; text_font=&#8220;Satoshi Regular &#8211; Body Copy||||||||&#8220; text_font_size=&#8220;18px&#8220; text_line_height=&#8220;2em&#8220; header_font=&#8220;||||||||&#8220; header_2_font=&#8220;Stoshi Black &#8211; headlines||||||||&#8220; header_2_font_size=&#8220;42px&#8220; header_3_font=&#8220;|700||on|||||&#8220; header_3_font_size=&#8220;20px&#8220; header_3_letter_spacing=&#8220;1px&#8220; header_3_line_height=&#8220;1.7em&#8220; text_font_size_tablet=&#8220;&#8220; text_font_size_phone=&#8220;14px&#8220; text_font_size_last_edited=&#8220;on|phone&#8220; global_colors_info=&#8220;{}&#8220;]<\/p>\n<p><span style=\"color: #000000;\"><strong>Respektieren Sie Ihre Privatsph\u00e4re<\/strong><\/span><br \/>Die Whites Group Pty Ltd ABN 25 001 845 478 und alle mit ihr verbundenen Unternehmen (&#8222;Whites Group&#8220;) nehmen ihre Verpflichtungen gem\u00e4\u00df dem Privacy Act, 1988 (Cth) (&#8222;Gesetz&#8220;) und den australischen Datenschutzgrunds\u00e4tzen ernst. Die Whites Group respektiert das Recht auf Privatsph\u00e4re ihrer Kunden, Lieferanten, Auftragnehmer, Vertreter und anderer Personen, mit denen sie Gesch\u00e4fte t\u00e4tigt (&#8222;Sie\/Ihre&#8220;), und ist sich der Notwendigkeit bewusst, Ihre pers\u00f6nlichen Daten zu sch\u00fctzen.Diese Datenschutzerkl\u00e4rung legt dar, wie die Whites Group Ihre pers\u00f6nlichen Daten verwaltet. Dar\u00fcber hinaus wird in allgemeiner Form beschrieben, \u00fcber welche Arten von pers\u00f6nlichen Daten die Whites Group verf\u00fcgt, zu welchem Zweck und wie diese Daten gesammelt, verwendet, gespeichert und weitergegeben werden.<\/p>\n<p><span style=\"color: #000000;\"><strong>Erfassen Ihrer pers\u00f6nlichen Daten<\/strong><\/span><br \/>Als Gro\u00dfh\u00e4ndler einer breiten Produktpalette umfasst die von Whites Group gesammelte und verwaltete pers\u00f6nliche Information im Allgemeinen:<\/p>\n<p><span style=\"color: #000000;\"><strong>Pers\u00f6nliche Daten wie Name, Adresse, F\u00fchrerscheininformationen;<\/strong><\/span><\/p>\n<p>Kontaktinformationen, einschlie\u00dflich Telefonnummer, Faxnummer und E-Mail-Adresse;<br \/>Angaben zu Kreditkarte und Scheck;<br \/>Berichte von Kreditauskunfteien;<br \/>Angaben zum Unternehmen wie Name, Gr\u00f6\u00dfe und Art des Gesch\u00e4fts; und<br \/>Eindeutige Identifikatoren wie Benutzername, Kontonummer und Passwort.<br \/>Diese pers\u00f6nlichen Daten werden zum Zweck der Gesch\u00e4ftsbeziehungen der Whites Group mit ihren Kunden, der Durchf\u00fchrung von Kreditw\u00fcrdigkeitspr\u00fcfungen in \u00dcbereinstimmung mit den Kreditrichtlinien der Whites Group und der F\u00f6rderung und Vermarktung der Waren und Dienstleistungen der Whites Group erhoben.<br \/>Die Whites Group sammelt keine Informationen \u00fcber die rassische oder ethnische Herkunft eines Kunden, politische Ansichten oder \u00dcberzeugungen, die Mitgliedschaft in einer politischen Vereinigung, einem Berufs- oder Handelsverband, die Mitgliedschaft in einer Gewerkschaft, religi\u00f6se \u00dcberzeugungen oder Zugeh\u00f6rigkeit, philosophische \u00dcberzeugungen, sexuelle Vorlieben oder Praktiken, Vorstrafen oder Gesundheitsinformationen.<\/p>\n<p><span style=\"color: #000000;\"><strong>Verwendung und Offenlegung Ihrer pers\u00f6nlichen Daten<\/strong><\/span><br \/>Ihre pers\u00f6nlichen Daten, wie sie zum Zeitpunkt der Erfassung bekannt gegeben wurden, werden von der Whites Group in erster Linie dazu verwendet, Sie mit unseren Waren und Dienstleistungen zu versorgen. Sie werden auch f\u00fcr Nebenzwecke wie die Erf\u00fcllung von Kundenanfragen und die Pflege der Beziehungen der Whites Group zu ihren Kunden verwendet.<\/p>\n<p>Die Whites Group kann die gesammelten pers\u00f6nlichen Daten auch f\u00fcr die Vermarktung ihrer Waren und Dienstleistungen verwenden. Die Whites Group kann auch vertraulich gesammelte pers\u00f6nliche Daten an Dritte weitergeben, wenn sie gemeinsame Werbeaktionen durchf\u00fchrt. In diesen F\u00e4llen wird die Whites Group von dem Dritten verlangen, dass er die pers\u00f6nlichen Daten streng nach den Bestimmungen dieser Richtlinie aufbewahrt und verwendet. Wenn Sie zu irgendeinem Zeitpunkt keine Direktwerbung von der Whites Group erhalten m\u00f6chten, k\u00f6nnen Sie sich gegen jede weitere Direktwerbung entscheiden.<\/p>\n<p>Die Whites Group verpflichtet sich Ihnen gegen\u00fcber, Ihre pers\u00f6nlichen Daten nicht zu verkaufen, zu lizenzieren oder auszutauschen. Die Whites Group wird Ihre pers\u00f6nlichen Daten nicht anderweitig verwenden oder weitergeben, es sei denn, eine solche Verwendung oder Weitergabe ist gem\u00e4\u00df den australischen Datenschutzgrunds\u00e4tzen zul\u00e4ssig. Einige Beispiele daf\u00fcr, wo eine solche Verwendung oder Weitergabe Ihrer pers\u00f6nlichen Daten zul\u00e4ssig w\u00e4re, sind:<\/p>\n<p>Die Verwendung oder Weitergabe ist gesetzlich vorgeschrieben oder genehmigt;<\/p>\n<p>Die Verwendung oder Weitergabe ist notwendig, um eine Bedrohung f\u00fcr Leben, Gesundheit oder Sicherheit abzuwenden;<br \/>Die Verwendung oder Weitergabe ist notwendig, um mutma\u00dfliche rechtswidrige Handlungen zu untersuchen, Straftaten zu verhindern oder aufzudecken oder um unangemessenes Verhalten zu verhindern;<br \/>Die Nutzung oder Weitergabe ist f\u00fcr die Vorbereitung oder Durchf\u00fchrung eines Gerichtsverfahrens erforderlich; oder<br \/>Sie haben entweder ausdr\u00fccklich oder stillschweigend in die Weitergabe von Informationen \u00fcber Sie eingewilligt.<br \/><span style=\"color: #000000;\"><strong>Verwendung der Website jackmatrix.com.au<\/strong><\/span><br \/>Die Whites Group verwendet auf ihrer Website Cookies, um Informationen zu sammeln. Die gesammelten Daten k\u00f6nnen pers\u00f6nliche Informationen \u00fcber Sie enthalten, wie z.B. Ihre Browsing-Aktivit\u00e4ten auf der meetjack.com.au Website, um gezieltes Marketing auf der Grundlage Ihrer Interessen zu betreiben. Wenn Sie nicht w\u00fcnschen, dass Informationen durch die Verwendung von Cookies gesammelt werden, empfiehlt Whites Group, dass Sie Cookies in Ihrem Browser deaktivieren. Es gibt auch Webdienste, mit denen Sie kontrollieren k\u00f6nnen, welche Informationen \u00fcber Sie gesammelt werden, wie z.B. der Anzeigenvorgaben-Manager von Google.<\/p>\n<p><span style=\"color: #000000;\"><strong>Die Richtigkeit Ihrer pers\u00f6nlichen Daten<\/strong><\/span><br \/>Die Whites Group ist bestrebt, sicherzustellen, dass alle pers\u00f6nlichen Daten, die \u00fcber Sie gespeichert sind, in \u00dcbereinstimmung mit den australischen Datenschutzgrunds\u00e4tzen erhoben und verwendet werden. Das bedeutet, dass sich die Whites Group von Zeit zu Zeit mit Ihnen in Verbindung setzen kann, um zu erfahren, ob es \u00c4nderungen an Ihren pers\u00f6nlichen Daten gibt. Wenn Sie der Meinung sind, dass Ihre pers\u00f6nlichen Daten, die sich im Besitz der Whites Group befinden, nicht korrekt oder vollst\u00e4ndig sind oder anderweitig ge\u00e4ndert werden m\u00fcssen, z\u00f6gern Sie bitte nicht, die Whites Group zu kontaktieren.<\/p>\n<p><span style=\"color: #000000;\"><strong>Sicherheit pers\u00f6nlicher Daten<\/strong><\/span><br \/>Die Whites Group bewahrt die pers\u00f6nlichen Daten ihrer Kunden sicher auf und ergreift angemessene Vorsichtsma\u00dfnahmen, um die Wahrscheinlichkeit des Verlusts, des Missbrauchs oder des unbefugten Zugriffs, der Modifizierung oder der Offenlegung oder Ver\u00e4nderung dieser Daten zu minimieren.<\/p>\n<p><span style=\"color: #000000;\"><strong>Vernichtung von pers\u00f6nlichen Informationen<\/strong><\/span><br \/>Die Whites Group ergreift alle angemessenen Ma\u00dfnahmen, um sicherzustellen, dass pers\u00f6nliche Informationen \u00fcber ihre Kunden vernichtet werden, wenn sie nicht mehr ben\u00f6tigt werden.<\/p>\n<p><span style=\"color: #000000;\"><strong>Zugang zu Ihren pers\u00f6nlichen Informationen<\/strong><\/span><br \/>Die Whites Group wird Ihnen Zugang zu Ihren pers\u00f6nlichen Daten geben, die sie \u00fcber Sie besitzt. Ihr Recht auf Zugang zu Ihren pers\u00f6nlichen Daten, die sich im Besitz der Whites Group befinden, unterliegt bestimmten, gesetzlich zul\u00e4ssigen Ausnahmen und kann unter anderem durch folgende Umst\u00e4nde beeintr\u00e4chtigt werden:<\/p>\n<p>Die Informationen sind kommerziell sensibel f\u00fcr die Whites Group oder einen ihrer Dienstleister oder Kunden;<\/p>\n<p>Der Zugang ist unrechtm\u00e4\u00dfig;<br \/>Eine leichtfertige oder l\u00e4stige Anfrage von Ihnen oder einer anderen Person in Ihrem Namen; oder<br \/>Das Bestehen eines Rechtsstreits oder eines potenziellen Rechtsstreits.<\/p>\n<p>Wenn Whites Group Ihnen den Zugang zu Ihren pers\u00f6nlichen Daten verweigert, wird Whites Group eine Erkl\u00e4rung daf\u00fcr abgeben. F\u00fcr die meisten Anfragen werden Ihre Informationen kostenlos zur Verf\u00fcgung gestellt. Die Whites Group kann jedoch eine Geb\u00fchr erheben, um ihre angemessenen Kosten in Bezug auf die Abfrage und Bereitstellung der Informationen zu decken.<\/p>\n<p><span style=\"color: #000000;\"><strong>Opt-out in Bezug auf Direktmarketing<\/strong><\/span><br \/>Die Whites Group erkennt an und respektiert die Entscheidung ihrer Kunden, das Direktmarketing der Whites Group abzulehnen. Wenn Sie keine Direktwerbung von der Whites Group erhalten m\u00f6chten, k\u00f6nnen Sie sich abmelden, indem Sie dem Link folgen, der auf jeder elektronischen Direktwerbung erscheint, oder indem Sie den Datenschutzbeauftragten der Whites Group dar\u00fcber informieren, dass Sie keine Direktwerbung erhalten m\u00f6chten.<\/p>\n<p><span style=\"color: #000000;\"><strong>Ausnahmen von dieser Politik<\/strong><\/span><br \/>Diese Richtlinie gilt nicht f\u00fcr Informationen, die zwischen der Whites Group und einem ihrer verbundenen Unternehmen ausgetauscht werden k\u00f6nnen. Sie gilt auch nicht f\u00fcr Informationen, die die Whites Group \u00fcber ihre Mitarbeiter besitzt.<\/p>\n<p>&nbsp;<\/p>\n<p><span style=\"color: #000000;\"><strong>Kl\u00e4ren Sie Ihre Bedenken zum Datenschutz<\/strong><\/span><br \/>Die Whites Group hat einen Datenschutzbeauftragten ernannt, der sich um alle Datenschutzbeschwerden k\u00fcmmert. Wenn Sie Fragen zu den Datenschutzpraktiken der Whites Group haben oder sich \u00fcber den Umgang mit Ihren pers\u00f6nlichen Daten beschweren m\u00f6chten, wenden Sie sich bitte per E-Mail an den Datenschutzbeauftragten der Whites Group unter <strong><br \/>\n  <a href=\"mailto:privacy@whitesgroup.com.au\">privacy@whitesgroup.com.au<\/a><br \/>\n<\/strong>.<\/p>\n<p>&nbsp;<\/p>\n<p><span style=\"color: #000000;\"><strong>\u00c4nderungen an dieser Politik<\/strong><\/span><br \/>Die Whites Group beh\u00e4lt sich das Recht vor, diese Datenschutzrichtlinie von Zeit zu Zeit zu \u00e4ndern. Alle \u00c4nderungen an der Datenschutzrichtlinie werden auf der Website der Whites Group ver\u00f6ffentlicht.<\/p>\n<p>&nbsp;<\/p>\n<p><span style=\"color: #000000;\"><strong>Kontaktaufnahme mit der Whites Group<\/strong><\/span><br \/>Um Ihre pers\u00f6nlichen Daten zu \u00fcberpr\u00fcfen und zu aktualisieren oder um eine Kopie dieser Datenschutzrichtlinie zu erhalten, wenden Sie sich bitte an den Datenschutzbeauftragten der Whites Group. Diese Datenschutzerkl\u00e4rung kann auch auf der Website der Whites Group unter www.whitesgroup.com.au eingesehen werden.<\/p>\n<p>Autorisiert von:<br \/>Whites Gruppe Pty Ltd<br \/>ABN 25 001 845 478<br \/>Richtlinie wirksam: Februar 2015<\/p>\n<p>&nbsp;<\/p>\n<p>[\/et_pb_text][\/et_pb_column][\/et_pb_row][\/et_pb_section]<\/p>\n","protected":false},"excerpt":{"rendered":"<p>DatenschutzbestimmungenRespektieren Sie Ihre Privatsph\u00e4reDie Whites Group Pty Ltd ABN 25 001 845 478 und alle mit ihr verbundenen Unternehmen (&#8222;Whites Group&#8220;) nehmen ihre Verpflichtungen gem\u00e4\u00df dem Privacy Act, 1988 (Cth) (&#8222;Gesetz&#8220;) und den australischen Datenschutzgrunds\u00e4tzen ernst. Die Whites Group respektiert das Recht auf Privatsph\u00e4re ihrer Kunden, Lieferanten, Auftragnehmer, Vertreter und anderer Personen, mit denen sie [&hellip;]<\/p>\n","protected":false},"author":2,"featured_media":0,"parent":0,"menu_order":0,"comment_status":"closed","ping_status":"closed","template":"","meta":{"_et_pb_use_builder":"on","_et_pb_old_content":"","_et_gb_content_width":"","footnotes":""},"class_list":["post-5741","page","type-page","status-publish","hentry"],"yoast_head":"<!-- This site is optimized with the Yoast SEO plugin v26.3 - https:\/\/yoast.com\/wordpress\/plugins\/seo\/ -->\n<title>Datenschutzbestimmungen - Jack Matrix<\/title>\n<meta name=\"robots\" content=\"index, follow, max-snippet:-1, max-image-preview:large, max-video-preview:-1\" \/>\n<link rel=\"canonical\" href=\"https:\/\/jackmatrix.com.au\/de\/datenschutzbestimmungen\/\" \/>\n<meta property=\"og:locale\" content=\"de_DE\" \/>\n<meta property=\"og:type\" content=\"article\" \/>\n<meta property=\"og:title\" content=\"Datenschutzbestimmungen - Jack Matrix\" \/>\n<meta property=\"og:description\" content=\"DatenschutzbestimmungenRespektieren Sie Ihre Privatsph\u00e4reDie Whites Group Pty Ltd ABN 25 001 845 478 und alle mit ihr verbundenen Unternehmen (&quot;Whites Group&quot;) nehmen ihre Verpflichtungen gem\u00e4\u00df dem Privacy Act, 1988 (Cth) (&quot;Gesetz&quot;) und den australischen Datenschutzgrunds\u00e4tzen ernst. Die Whites Group respektiert das Recht auf Privatsph\u00e4re ihrer Kunden, Lieferanten, Auftragnehmer, Vertreter und anderer Personen, mit denen sie [&hellip;]\" \/>\n<meta property=\"og:url\" content=\"https:\/\/jackmatrix.com.au\/de\/datenschutzbestimmungen\/\" \/>\n<meta property=\"og:site_name\" content=\"Jack Matrix\" \/>\n<meta property=\"article:modified_time\" content=\"2024-06-06T02:53:42+00:00\" \/>\n<meta name=\"twitter:card\" content=\"summary_large_image\" \/>\n<meta name=\"twitter:label1\" content=\"Gesch\u00e4tzte Lesezeit\" \/>\n\t<meta name=\"twitter:data1\" content=\"8\u00a0Minuten\" \/>\n<script type=\"application\/ld+json\" class=\"yoast-schema-graph\">{\"@context\":\"https:\/\/schema.org\",\"@graph\":[{\"@type\":\"WebPage\",\"@id\":\"https:\/\/jackmatrix.com.au\/de\/datenschutzbestimmungen\/\",\"url\":\"https:\/\/jackmatrix.com.au\/de\/datenschutzbestimmungen\/\",\"name\":\"Datenschutzbestimmungen - Jack Matrix\",\"isPartOf\":{\"@id\":\"https:\/\/jackmatrix.com.au\/de\/#website\"},\"datePublished\":\"2024-05-09T00:40:12+00:00\",\"dateModified\":\"2024-06-06T02:53:42+00:00\",\"breadcrumb\":{\"@id\":\"https:\/\/jackmatrix.com.au\/de\/datenschutzbestimmungen\/#breadcrumb\"},\"inLanguage\":\"de\",\"potentialAction\":[{\"@type\":\"ReadAction\",\"target\":[\"https:\/\/jackmatrix.com.au\/de\/datenschutzbestimmungen\/\"]}]},{\"@type\":\"BreadcrumbList\",\"@id\":\"https:\/\/jackmatrix.com.au\/de\/datenschutzbestimmungen\/#breadcrumb\",\"itemListElement\":[{\"@type\":\"ListItem\",\"position\":1,\"name\":\"Home\",\"item\":\"https:\/\/jackmatrix.com.au\/de\/homepage\/\"},{\"@type\":\"ListItem\",\"position\":2,\"name\":\"Datenschutzbestimmungen\"}]},{\"@type\":\"WebSite\",\"@id\":\"https:\/\/jackmatrix.com.au\/de\/#website\",\"url\":\"https:\/\/jackmatrix.com.au\/de\/\",\"name\":\"Jack Matrix\",\"description\":\"\",\"potentialAction\":[{\"@type\":\"SearchAction\",\"target\":{\"@type\":\"EntryPoint\",\"urlTemplate\":\"https:\/\/jackmatrix.com.au\/de\/?s={search_term_string}\"},\"query-input\":{\"@type\":\"PropertyValueSpecification\",\"valueRequired\":true,\"valueName\":\"search_term_string\"}}],\"inLanguage\":\"de\"}]}<\/script>\n<!-- \/ Yoast SEO plugin. -->","yoast_head_json":{"title":"Datenschutzbestimmungen - Jack Matrix","robots":{"index":"index","follow":"follow","max-snippet":"max-snippet:-1","max-image-preview":"max-image-preview:large","max-video-preview":"max-video-preview:-1"},"canonical":"https:\/\/jackmatrix.com.au\/de\/datenschutzbestimmungen\/","og_locale":"de_DE","og_type":"article","og_title":"Datenschutzbestimmungen - Jack Matrix","og_description":"DatenschutzbestimmungenRespektieren Sie Ihre Privatsph\u00e4reDie Whites Group Pty Ltd ABN 25 001 845 478 und alle mit ihr verbundenen Unternehmen (\"Whites Group\") nehmen ihre Verpflichtungen gem\u00e4\u00df dem Privacy Act, 1988 (Cth) (\"Gesetz\") und den australischen Datenschutzgrunds\u00e4tzen ernst. Die Whites Group respektiert das Recht auf Privatsph\u00e4re ihrer Kunden, Lieferanten, Auftragnehmer, Vertreter und anderer Personen, mit denen sie [&hellip;]","og_url":"https:\/\/jackmatrix.com.au\/de\/datenschutzbestimmungen\/","og_site_name":"Jack Matrix","article_modified_time":"2024-06-06T02:53:42+00:00","twitter_card":"summary_large_image","twitter_misc":{"Gesch\u00e4tzte Lesezeit":"8\u00a0Minuten"},"schema":{"@context":"https:\/\/schema.org","@graph":[{"@type":"WebPage","@id":"https:\/\/jackmatrix.com.au\/de\/datenschutzbestimmungen\/","url":"https:\/\/jackmatrix.com.au\/de\/datenschutzbestimmungen\/","name":"Datenschutzbestimmungen - Jack Matrix","isPartOf":{"@id":"https:\/\/jackmatrix.com.au\/de\/#website"},"datePublished":"2024-05-09T00:40:12+00:00","dateModified":"2024-06-06T02:53:42+00:00","breadcrumb":{"@id":"https:\/\/jackmatrix.com.au\/de\/datenschutzbestimmungen\/#breadcrumb"},"inLanguage":"de","potentialAction":[{"@type":"ReadAction","target":["https:\/\/jackmatrix.com.au\/de\/datenschutzbestimmungen\/"]}]},{"@type":"BreadcrumbList","@id":"https:\/\/jackmatrix.com.au\/de\/datenschutzbestimmungen\/#breadcrumb","itemListElement":[{"@type":"ListItem","position":1,"name":"Home","item":"https:\/\/jackmatrix.com.au\/de\/homepage\/"},{"@type":"ListItem","position":2,"name":"Datenschutzbestimmungen"}]},{"@type":"WebSite","@id":"https:\/\/jackmatrix.com.au\/de\/#website","url":"https:\/\/jackmatrix.com.au\/de\/","name":"Jack Matrix","description":"","potentialAction":[{"@type":"SearchAction","target":{"@type":"EntryPoint","urlTemplate":"https:\/\/jackmatrix.com.au\/de\/?s={search_term_string}"},"query-input":{"@type":"PropertyValueSpecification","valueRequired":true,"valueName":"search_term_string"}}],"inLanguage":"de"}]}},"_links":{"self":[{"href":"https:\/\/jackmatrix.com.au\/de\/wp-json\/wp\/v2\/pages\/5741","targetHints":{"allow":["GET"]}}],"collection":[{"href":"https:\/\/jackmatrix.com.au\/de\/wp-json\/wp\/v2\/pages"}],"about":[{"href":"https:\/\/jackmatrix.com.au\/de\/wp-json\/wp\/v2\/types\/page"}],"author":[{"embeddable":true,"href":"https:\/\/jackmatrix.com.au\/de\/wp-json\/wp\/v2\/users\/2"}],"replies":[{"embeddable":true,"href":"https:\/\/jackmatrix.com.au\/de\/wp-json\/wp\/v2\/comments?post=5741"}],"version-history":[{"count":8,"href":"https:\/\/jackmatrix.com.au\/de\/wp-json\/wp\/v2\/pages\/5741\/revisions"}],"predecessor-version":[{"id":5797,"href":"https:\/\/jackmatrix.com.au\/de\/wp-json\/wp\/v2\/pages\/5741\/revisions\/5797"}],"wp:attachment":[{"href":"https:\/\/jackmatrix.com.au\/de\/wp-json\/wp\/v2\/media?parent=5741"}],"curies":[{"name":"wp","href":"https:\/\/api.w.org\/{rel}","templated":true}]}}