{"id":6219,"date":"2024-03-21T07:34:51","date_gmt":"2024-03-21T07:34:51","guid":{"rendered":"https:\/\/jackmatrix.com.au\/kontaktieren-sie-uns\/"},"modified":"2024-06-06T02:59:12","modified_gmt":"2024-06-06T02:59:12","slug":"kontaktieren-sie-uns","status":"publish","type":"page","link":"https:\/\/jackmatrix.com.au\/de\/kontaktieren-sie-uns\/","title":{"rendered":"Kontaktieren Sie uns"},"content":{"rendered":"<p>[et_pb_section fb_built=&#8220;1&#8243; _builder_version=&#8220;4.25.1&#8243; background_image=&#8220;https:\/\/jackmatrix.com.au\/wp-content\/uploads\/2024\/05\/Jack-Matrix-Contact-Us_Banner-1252&#215;400-1.jpg&#8220; custom_padding=&#8220;6vw|0px|6vw|0px|true|false&#8220; background_last_edited=&#8220;on|phone&#8220; background_image_phone=&#8220;https:\/\/jackmatrix.com.au\/wp-content\/uploads\/2024\/05\/Jack-Matrix-Contact-Us_Banner-400&#215;400-1.jpg&#8220; background_enable_image_phone=&#8220;on&#8220; locked=&#8220;off&#8220; global_colors_info=&#8220;{}&#8220;][et_pb_row _builder_version=&#8220;4.25.1&#8243; max_width=&#8220;74%&#8220; global_colors_info=&#8220;{}&#8220;][et_pb_column type=&#8220;4_4&#8243; _builder_version=&#8220;4.16&#8243; custom_padding=&#8220;|||&#8220; global_colors_info=&#8220;{}&#8220; custom_padding__hover=&#8220;|||&#8220;][et_pb_text content_tablet=&#8220;<\/p>\n<h1>Kontaktieren Sie uns<\/h1>\n<p>Sind Sie daran interessiert, Produkte aus unserem Jack Matrix-Sortiment zu f\u00fchren, oder haben Sie Fragen? Kontaktieren Sie noch heute unsere Experten f\u00fcr Wiederverk\u00e4ufer.<\/p>\n<p>&#8220; content_phone=&#8220;<\/p>\n<h1>Kontaktieren Sie uns<\/h1>\n<p>Sind Sie daran interessiert, Produkte aus unserem Jack Matrix-Sortiment zu f\u00fchren, oder haben Sie Fragen? Kontaktieren Sie noch heute unsere Experten f\u00fcr Wiederverk\u00e4ufer.<\/p>\n<p>&#8220; content_last_edited=&#8220;on|phone&#8220; _builder_version=&#8220;4.25.1&#8243; text_font=&#8220;Satoshi Regular &#8211; Body Copy||||||||&#8220; text_font_size=&#8220;22px&#8220; text_line_height=&#8220;2em&#8220; ul_font=&#8220;||||||||&#8220; ol_font=&#8220;||||||||&#8220; header_font=&#8220;Stoshi Black &#8211; headlines|700|||||||&#8220; header_font_size=&#8220;64px&#8220; header_line_height=&#8220;1.2em&#8220; header_2_font=&#8220;||||||||&#8220; header_3_font=&#8220;||||||||&#8220; header_4_font=&#8220;||||||||&#8220; header_5_font=&#8220;||||||||&#8220; header_6_font=&#8220;||||||||&#8220; text_orientation=&#8220;center&#8220; background_layout=&#8220;dark&#8220; max_width=&#8220;1000px&#8220; module_alignment=&#8220;center&#8220; custom_margin=&#8220;|||&#8220; text_font_size_tablet=&#8220;18px&#8220; text_font_size_phone=&#8220;&#8220; text_font_size_last_edited=&#8220;on|desktop&#8220; header_font_size_tablet=&#8220;45px&#8220; header_font_size_phone=&#8220;&#8220; header_font_size_last_edited=&#8220;on|desktop&#8220; locked=&#8220;off&#8220; global_colors_info=&#8220;{}&#8220;]<\/p>\n<h1>Kontaktieren Sie uns<\/h1>\n<p>Sind Sie daran interessiert, Produkte aus unserem Jack Matrix-Sortiment zu f\u00fchren, oder haben Sie Fragen?<br \/>Kontaktieren Sie noch heute unsere Experten f\u00fcr Wiederverk\u00e4ufer.<\/p>\n<p>[\/et_pb_text][\/et_pb_column][\/et_pb_row][\/et_pb_section][et_pb_section fb_built=&#8220;1&#8243; use_custom_gutter=&#8220;on&#8220; specialty=&#8220;on&#8220; bg_img_2=&#8220;https:\/\/jackmatrix.com.au\/wp-content\/uploads\/2024\/05\/Jack-Matrix-Contact-Us-600&#215;510-1.jpg&#8220; background_size_2=&#8220;cover&#8220; background_position_2=&#8220;top_center&#8220; use_background_color_gradient_2=&#8220;off&#8220; background_color_gradient_overlays_image_2=&#8220;on&#8220; padding_right_1=&#8220;4vw&#8220; padding_left_1=&#8220;8vw&#8220; padding_top_bottom_link_1=&#8220;false&#8220; padding_left_right_link_1=&#8220;false&#8220; padding_1_tablet=&#8220;|10%||10%||true&#8220; padding_1_phone=&#8220;&#8220; padding_1_last_edited=&#8220;on|desktop&#8220; admin_label=&#8220;Header&#8220; _builder_version=&#8220;4.25.1&#8243; inner_width=&#8220;100%&#8220; inner_max_width=&#8220;100%&#8220; custom_padding=&#8220;|0px|0|0px|false|false&#8220; use_custom_width=&#8220;on&#8220; width_unit=&#8220;off&#8220; custom_width_percent=&#8220;100%&#8220; global_colors_info=&#8220;{}&#8220;][et_pb_column type=&#8220;1_2&#8243; _builder_version=&#8220;4.16&#8243; custom_padding=&#8220;|||&#8220; global_colors_info=&#8220;{}&#8220; padding_tablet=&#8220;|10%||10%||true&#8220; padding_last_edited=&#8220;on|desktop&#8220; custom_padding__hover=&#8220;|||&#8220; padding_phone=&#8220;|10%||10%||true&#8220;][et_pb_text _builder_version=&#8220;4.25.1&#8243; text_font=&#8220;Satoshi Regular &#8211; Body Copy||||||||&#8220; text_font_size=&#8220;22px&#8220; text_line_height=&#8220;2em&#8220; header_font=&#8220;Stoshi Black &#8211; headlines|700|||||||&#8220; header_font_size=&#8220;64px&#8220; header_line_height=&#8220;1.2em&#8220; header_2_font=&#8220;Stoshi Black &#8211; headlines||||||||&#8220; header_2_font_size=&#8220;42px&#8220; custom_margin=&#8220;|||&#8220; text_font_size_tablet=&#8220;18px&#8220; text_font_size_phone=&#8220;&#8220; text_font_size_last_edited=&#8220;on|desktop&#8220; header_font_size_tablet=&#8220;50px&#8220; header_font_size_phone=&#8220;40px&#8220; header_font_size_last_edited=&#8220;on|phone&#8220; header_2_font_size_tablet=&#8220;32px&#8220; header_2_font_size_phone=&#8220;32px&#8220; header_2_font_size_last_edited=&#8220;on|desktop&#8220; locked=&#8220;off&#8220; global_colors_info=&#8220;{}&#8220;]<\/p>\n<h2>Senden Sie eine Nachricht<\/h2>\n<p>Unser engagiertes Expertenteam aus internationalen Kundenbetreuern und Produktmanagern ist f\u00fcr Sie da und reagiert schnell.<\/p>\n<p>[\/et_pb_text][et_pb_contact_form email=&#8220;admin@jackmatrix.com.au&#8220; custom_message=&#8220;\u00dcbermittlung des Formulars von der Jack Matrix Website. Name: %%Name%%: %%Company%%: %%Email%%: %%Phone%%: %%Message%%&#8220; use_redirect=&#8220;on&#8220; redirect_url=&#8220;https:\/\/jackmatrix.com.au\/de\/danke\/&#8220; module_id=&#8220;et_pb_contact_form_0&#8243; _builder_version=&#8220;4.25.1&#8243; form_field_text_color=&#8220;rgba(0,0,0,0.3)&#8220; title_level=&#8220;h5&#8243; title_font=&#8220;|700||on|||||&#8220; title_font_size=&#8220;20px&#8220; title_line_height=&#8220;1.5em&#8220; captcha_font=&#8220;Satoshi Regular &#8211; Body Copy|700|||||||&#8220; captcha_font_size=&#8220;18px&#8220; form_field_font=&#8220;|600||on|||||&#8220; custom_button=&#8220;on&#8220; button_text_size=&#8220;20px&#8220; button_text_color=&#8220;#FFFFFF&#8220; button_bg_color=&#8220;#340059&#8243; button_border_width=&#8220;0px&#8220; button_border_radius=&#8220;0px&#8220; button_font=&#8220;Stoshi Black &#8211; headlines|700||on|||||&#8220; button_use_icon=&#8220;off&#8220; custom_margin=&#8220;60px|||&#8220; custom_margin_tablet=&#8220;60px|||&#8220; custom_margin_phone=&#8220;30px||||false|false&#8220; custom_margin_last_edited=&#8220;on|phone&#8220; hover_enabled=&#8220;0&#8243; locked=&#8220;off&#8220; global_colors_info=&#8220;{}&#8220; button_bg_color__hover_enabled=&#8220;on|hover&#8220; button_bg_color__hover=&#8220;#2AA78A&#8220; button_bg_enable_color__hover=&#8220;on&#8220; use_spam_service=&#8220;on&#8220; recaptcha_list=&#8220;Default|Default-0&#8243; sticky_enabled=&#8220;0&#8243;][et_pb_contact_field field_id=&#8220;Name&#8220; field_title=&#8220;Vollst\u00e4ndiger Name&#8220; _builder_version=&#8220;4.25.1&#8243; form_field_font=&#8220;Satoshi Regular &#8211; Body Copy|600|||||||&#8220; global_colors_info=&#8220;{}&#8220; button_text_size__hover_enabled=&#8220;off&#8220; button_one_text_size__hover_enabled=&#8220;off&#8220; button_two_text_size__hover_enabled=&#8220;off&#8220; button_text_color__hover_enabled=&#8220;off&#8220; button_one_text_color__hover_enabled=&#8220;off&#8220; button_two_text_color__hover_enabled=&#8220;off&#8220; button_border_width__hover_enabled=&#8220;off&#8220; button_one_border_width__hover_enabled=&#8220;off&#8220; button_two_border_width__hover_enabled=&#8220;off&#8220; button_border_color__hover_enabled=&#8220;off&#8220; button_one_border_color__hover_enabled=&#8220;off&#8220; button_two_border_color__hover_enabled=&#8220;off&#8220; button_border_radius__hover_enabled=&#8220;off&#8220; button_one_border_radius__hover_enabled=&#8220;off&#8220; button_two_border_radius__hover_enabled=&#8220;off&#8220; button_letter_spacing__hover_enabled=&#8220;off&#8220; button_one_letter_spacing__hover_enabled=&#8220;off&#8220; button_two_letter_spacing__hover_enabled=&#8220;off&#8220; button_bg_color__hover_enabled=&#8220;off&#8220; button_one_bg_color__hover_enabled=&#8220;off&#8220; button_two_bg_color__hover_enabled=&#8220;off&#8220;][\/et_pb_contact_field][et_pb_contact_field field_id=&#8220;Company&#8220; field_title=&#8220;Unternehmen&#8220; _builder_version=&#8220;4.25.1&#8243; _module_preset=&#8220;default&#8220; form_field_font=&#8220;Satoshi Regular &#8211; Body Copy|600|||||||&#8220; global_colors_info=&#8220;{}&#8220;][\/et_pb_contact_field][et_pb_contact_field field_id=&#8220;Email&#8220; field_title=&#8220;E-Mail Adresse&#8220; field_type=&#8220;email&#8220; _builder_version=&#8220;4.25.1&#8243; form_field_font=&#8220;Satoshi Regular &#8211; Body Copy|600|||||||&#8220; global_colors_info=&#8220;{}&#8220; button_text_size__hover_enabled=&#8220;off&#8220; button_one_text_size__hover_enabled=&#8220;off&#8220; button_two_text_size__hover_enabled=&#8220;off&#8220; button_text_color__hover_enabled=&#8220;off&#8220; button_one_text_color__hover_enabled=&#8220;off&#8220; button_two_text_color__hover_enabled=&#8220;off&#8220; button_border_width__hover_enabled=&#8220;off&#8220; button_one_border_width__hover_enabled=&#8220;off&#8220; button_two_border_width__hover_enabled=&#8220;off&#8220; button_border_color__hover_enabled=&#8220;off&#8220; button_one_border_color__hover_enabled=&#8220;off&#8220; button_two_border_color__hover_enabled=&#8220;off&#8220; button_border_radius__hover_enabled=&#8220;off&#8220; button_one_border_radius__hover_enabled=&#8220;off&#8220; button_two_border_radius__hover_enabled=&#8220;off&#8220; button_letter_spacing__hover_enabled=&#8220;off&#8220; button_one_letter_spacing__hover_enabled=&#8220;off&#8220; button_two_letter_spacing__hover_enabled=&#8220;off&#8220; button_bg_color__hover_enabled=&#8220;off&#8220; button_one_bg_color__hover_enabled=&#8220;off&#8220; button_two_bg_color__hover_enabled=&#8220;off&#8220;][\/et_pb_contact_field][et_pb_contact_field field_id=&#8220;Phone&#8220; field_title=&#8220;Rufnummer&#8220; allowed_symbols=&#8220;numbers&#8220; _builder_version=&#8220;4.25.1&#8243; _module_preset=&#8220;default&#8220; form_field_font=&#8220;Satoshi Regular &#8211; Body Copy|600||on|||||&#8220; global_colors_info=&#8220;{}&#8220;][\/et_pb_contact_field][et_pb_contact_field field_id=&#8220;Message&#8220; field_title=&#8220;Wie k\u00f6nnen wir helfen?&#8220; field_type=&#8220;text&#8220; fullwidth_field=&#8220;on&#8220; _builder_version=&#8220;4.25.1&#8243; form_field_font=&#8220;Satoshi Regular &#8211; Body Copy|600|||||||&#8220; global_colors_info=&#8220;{}&#8220; button_text_size__hover_enabled=&#8220;off&#8220; button_one_text_size__hover_enabled=&#8220;off&#8220; button_two_text_size__hover_enabled=&#8220;off&#8220; button_text_color__hover_enabled=&#8220;off&#8220; button_one_text_color__hover_enabled=&#8220;off&#8220; button_two_text_color__hover_enabled=&#8220;off&#8220; button_border_width__hover_enabled=&#8220;off&#8220; button_one_border_width__hover_enabled=&#8220;off&#8220; button_two_border_width__hover_enabled=&#8220;off&#8220; button_border_color__hover_enabled=&#8220;off&#8220; button_one_border_color__hover_enabled=&#8220;off&#8220; button_two_border_color__hover_enabled=&#8220;off&#8220; button_border_radius__hover_enabled=&#8220;off&#8220; button_one_border_radius__hover_enabled=&#8220;off&#8220; button_two_border_radius__hover_enabled=&#8220;off&#8220; button_letter_spacing__hover_enabled=&#8220;off&#8220; button_one_letter_spacing__hover_enabled=&#8220;off&#8220; button_two_letter_spacing__hover_enabled=&#8220;off&#8220; button_bg_color__hover_enabled=&#8220;off&#8220; button_one_bg_color__hover_enabled=&#8220;off&#8220; button_two_bg_color__hover_enabled=&#8220;off&#8220;][\/et_pb_contact_field][\/et_pb_contact_form][\/et_pb_column][et_pb_column type=&#8220;1_2&#8243; specialty_columns=&#8220;2&#8243; _builder_version=&#8220;4.16&#8243; use_background_color_gradient=&#8220;on&#8220; background_color_gradient_stops=&#8220;rgba(29,38,0,0.8) 0%|rgba(29,38,0,0.6) 100%&#8220; background_color_gradient_overlays_image=&#8220;on&#8220; background_color_gradient_start=&#8220;rgba(29,38,0,0.8)&#8220; background_color_gradient_end=&#8220;rgba(29,38,0,0.6)&#8220; custom_padding=&#8220;|||&#8220; global_colors_info=&#8220;{}&#8220; custom_padding__hover=&#8220;|||&#8220;][et_pb_row_inner column_structure=&#8220;1_2,1_2&#8243; use_custom_gutter=&#8220;on&#8220; gutter_width=&#8220;1&#8243; _builder_version=&#8220;4.16&#8243; custom_padding=&#8220;0|0px|0|0px|false|false&#8220; global_colors_info=&#8220;{}&#8220;][et_pb_column_inner type=&#8220;1_2&#8243; saved_specialty_column_type=&#8220;1_2&#8243; _builder_version=&#8220;4.16&#8243; custom_padding=&#8220;|||&#8220; global_colors_info=&#8220;{}&#8220; custom_padding__hover=&#8220;|||&#8220;][et_pb_image src=&#8220;https:\/\/jackmatrix.com.au\/wp-content\/uploads\/2024\/05\/Transparent-146&#215;164-1.png&#8220; title_text=&#8220;Transparent 146&#215;164&#8243; disabled_on=&#8220;on|on|off&#8220; _builder_version=&#8220;4.25.1&#8243; background_enable_color=&#8220;off&#8220; background_enable_image=&#8220;off&#8220; height=&#8220;240px&#8220; custom_margin=&#8220;0px||||false|false&#8220; custom_margin_tablet=&#8220;&#8220; custom_margin_phone=&#8220;-80px|||&#8220; custom_margin_last_edited=&#8220;on|tablet&#8220; animation_style=&#8220;fade&#8220; always_center_on_mobile=&#8220;off&#8220; locked=&#8220;off&#8220; global_colors_info=&#8220;{}&#8220;][\/et_pb_image][\/et_pb_column_inner][et_pb_column_inner type=&#8220;1_2&#8243; saved_specialty_column_type=&#8220;1_2&#8243; _builder_version=&#8220;4.16&#8243; custom_padding=&#8220;|||&#8220; global_colors_info=&#8220;{}&#8220; custom_padding__hover=&#8220;|||&#8220;][\/et_pb_column_inner][\/et_pb_row_inner][et_pb_row_inner column_structure=&#8220;1_2,1_2&#8243; use_custom_gutter=&#8220;on&#8220; gutter_width=&#8220;1&#8243; padding_top_bottom_link_1=&#8220;true&#8220; padding_left_right_link_1=&#8220;true&#8220; _builder_version=&#8220;4.24.2&#8243; custom_padding=&#8220;0|0px|0|0px|false|false&#8220; animation_style=&#8220;slide&#8220; animation_direction=&#8220;bottom&#8220; animation_intensity_slide=&#8220;2%&#8220; global_colors_info=&#8220;{}&#8220;][et_pb_column_inner type=&#8220;1_2&#8243; saved_specialty_column_type=&#8220;1_2&#8243; _builder_version=&#8220;4.24.2&#8243; background_color=&#8220;#2AA78A&#8220; custom_padding=&#8220;30px|30px|30px|30px&#8220; global_colors_info=&#8220;{}&#8220; custom_padding__hover=&#8220;|||&#8220;][et_pb_text _builder_version=&#8220;4.25.1&#8243; text_font=&#8220;||||||||&#8220; ul_font=&#8220;||||||||&#8220; ol_font=&#8220;||||||||&#8220; header_font=&#8220;||||||||&#8220; header_2_font=&#8220;||||||||&#8220; header_3_font=&#8220;||||||||&#8220; header_4_font=&#8220;Stoshi Black &#8211; headlines|700||on|||||&#8220; header_4_letter_spacing=&#8220;1px&#8220; header_4_line_height=&#8220;1.5em&#8220; header_5_font=&#8220;||||||||&#8220; header_6_font=&#8220;||||||||&#8220; background_layout=&#8220;dark&#8220; locked=&#8220;off&#8220; global_colors_info=&#8220;{}&#8220;]<\/p>\n<h4>Kontaktieren Sie uns<\/h4>\n<h4><\/h4>\n<p>[\/et_pb_text][et_pb_blurb url=&#8220;tel:+610286020000&#8243; use_icon=&#8220;on&#8220; font_icon=&#8220;&#xe090;||divi||400&#8243; icon_color=&#8220;#FFFFFF&#8220; icon_placement=&#8220;left&#8220; image_icon_width=&#8220;20px&#8220; _builder_version=&#8220;4.25.1&#8243; header_font=&#8220;Stoshi Black &#8211; headlines|700||on|||||&#8220; header_text_color=&#8220;#FFFFFF&#8220; header_font_size=&#8220;11px&#8220; header_letter_spacing=&#8220;2px&#8220; header_line_height=&#8220;1.8em&#8220; background_layout=&#8220;dark&#8220; custom_margin=&#8220;20px|||&#8220; animation=&#8220;off&#8220; icon_font_size=&#8220;20px&#8220; locked=&#8220;off&#8220; global_colors_info=&#8220;{}&#8220;]<\/p>\n<h4><span style=\"color: #ffffff;\"><a href=\"tel:+610286020000\" style=\"color: #ffffff;\">+61 02 8602 0000<\/a><\/span><\/h4>\n<p>[\/et_pb_blurb][et_pb_blurb url=&#8220;tel:001611300559732&#8243; use_icon=&#8220;on&#8220; font_icon=&#8220;&#xe090;||divi||400&#8243; icon_color=&#8220;#FFFFFF&#8220; icon_placement=&#8220;left&#8220; image_icon_width=&#8220;20px&#8220; _builder_version=&#8220;4.25.1&#8243; header_font=&#8220;Stoshi Black &#8211; headlines|700||on|||||&#8220; header_text_color=&#8220;#FFFFFF&#8220; header_font_size=&#8220;11px&#8220; header_letter_spacing=&#8220;2px&#8220; header_line_height=&#8220;1.8em&#8220; background_layout=&#8220;dark&#8220; custom_margin=&#8220;20px|||&#8220; animation=&#8220;off&#8220; icon_font_size=&#8220;20px&#8220; locked=&#8220;off&#8220; global_colors_info=&#8220;{}&#8220;]<\/p>\n<h4><span style=\"color: #ffffff;\"><a href=\"tel:+611300559732\" style=\"color: #ffffff;\">+61 1300 559 732<\/a><\/span><\/h4>\n<p>[\/et_pb_blurb][et_pb_blurb url=&#8220;mailto:info@jackmatrix.com.au&#8220; use_icon=&#8220;on&#8220; font_icon=&#8220;&#xe076;||divi||400&#8243; icon_color=&#8220;#FFFFFF&#8220; icon_placement=&#8220;left&#8220; image_icon_width=&#8220;20px&#8220; _builder_version=&#8220;4.25.1&#8243; header_font=&#8220;Stoshi Black &#8211; headlines|700||on|||||&#8220; header_text_color=&#8220;#FFFFFF&#8220; header_font_size=&#8220;11px&#8220; header_letter_spacing=&#8220;2px&#8220; header_line_height=&#8220;1.8em&#8220; background_layout=&#8220;dark&#8220; custom_margin=&#8220;20px|||&#8220; animation=&#8220;off&#8220; icon_font_size=&#8220;20px&#8220; locked=&#8220;off&#8220; global_colors_info=&#8220;{}&#8220;]<\/p>\n<h4><span style=\"color: #ffffff;\"><a href=\"mailto:info@jackmatrix.com.au\" style=\"color: #ffffff;\">info@jackmatrix.com.au<\/a><\/span><\/h4>\n<p>[\/et_pb_blurb][et_pb_blurb use_icon=&#8220;on&#8220; font_icon=&#8220;&#xe081;||divi||400&#8243; icon_color=&#8220;#FFFFFF&#8220; icon_placement=&#8220;left&#8220; image_icon_width=&#8220;20px&#8220; _builder_version=&#8220;4.25.1&#8243; header_font=&#8220;Stoshi Black &#8211; headlines|700||on|||||&#8220; header_text_color=&#8220;#FFFFFF&#8220; header_font_size=&#8220;11px&#8220; header_letter_spacing=&#8220;2px&#8220; header_line_height=&#8220;1.8em&#8220; background_layout=&#8220;dark&#8220; custom_margin=&#8220;20px|||&#8220; animation=&#8220;off&#8220; icon_font_size=&#8220;20px&#8220; locked=&#8220;off&#8220; global_colors_info=&#8220;{}&#8220;]<\/p>\n<h4><span style=\"color: #ffffff;\">11-13 Quality Drive, Dandenong South VIC 3175, Australien.<br \/><\/span><\/h4>\n<p>[\/et_pb_blurb][\/et_pb_column_inner][et_pb_column_inner type=&#8220;1_2&#8243; saved_specialty_column_type=&#8220;1_2&#8243; _builder_version=&#8220;4.16&#8243; custom_padding=&#8220;|||&#8220; global_colors_info=&#8220;{}&#8220; custom_padding__hover=&#8220;|||&#8220;][\/et_pb_column_inner][\/et_pb_row_inner][\/et_pb_column][\/et_pb_section]<\/p>\n","protected":false},"excerpt":{"rendered":"<p>Kontaktieren Sie uns Sind Sie daran interessiert, Produkte aus unserem Jack Matrix-Sortiment zu f\u00fchren, oder haben Sie Fragen?Kontaktieren Sie noch heute unsere Experten f\u00fcr Wiederverk\u00e4ufer.Senden Sie eine Nachricht Unser engagiertes Expertenteam aus internationalen Kundenbetreuern und Produktmanagern ist f\u00fcr Sie da und reagiert schnell.Kontaktieren Sie uns +61 02 8602 0000+61 1300 559 732info@jackmatrix.com.au11-13 Quality Drive, Dandenong [&hellip;]<\/p>\n","protected":false},"author":2,"featured_media":0,"parent":0,"menu_order":0,"comment_status":"closed","ping_status":"closed","template":"","meta":{"_et_pb_use_builder":"on","_et_pb_old_content":"","_et_gb_content_width":"","footnotes":""},"class_list":["post-6219","page","type-page","status-publish","hentry"],"yoast_head":"<!-- This site is optimized with the Yoast SEO plugin v26.3 - https:\/\/yoast.com\/wordpress\/plugins\/seo\/ -->\n<title>Kontakt Matrix - Internationaler Matrixanbieter | Jack Matrix<\/title>\n<meta name=\"description\" content=\"Sind Sie daran interessiert, Produkte aus unserem Jack Matrix-Sortiment zu f\u00fchren, oder haben Sie Fragen? Kontaktieren Sie unsere Experten f\u00fcr Wiederverk\u00e4ufer noch heute unter +61 02 8602 0000\" \/>\n<meta name=\"robots\" content=\"index, follow, max-snippet:-1, max-image-preview:large, max-video-preview:-1\" \/>\n<link rel=\"canonical\" href=\"https:\/\/jackmatrix.com.au\/de\/kontaktieren-sie-uns\/\" \/>\n<meta property=\"og:locale\" content=\"de_DE\" \/>\n<meta property=\"og:type\" content=\"article\" \/>\n<meta property=\"og:title\" content=\"Kontakt Matrix - Internationaler Matrixanbieter | Jack Matrix\" \/>\n<meta property=\"og:description\" content=\"Sind Sie daran interessiert, Produkte aus unserem Jack Matrix-Sortiment zu f\u00fchren, oder haben Sie Fragen? Kontaktieren Sie unsere Experten f\u00fcr Wiederverk\u00e4ufer noch heute unter +61 02 8602 0000\" \/>\n<meta property=\"og:url\" content=\"https:\/\/jackmatrix.com.au\/de\/kontaktieren-sie-uns\/\" \/>\n<meta property=\"og:site_name\" content=\"Jack Matrix\" \/>\n<meta property=\"article:modified_time\" content=\"2024-06-06T02:59:12+00:00\" \/>\n<meta name=\"twitter:card\" content=\"summary_large_image\" \/>\n<meta name=\"twitter:label1\" content=\"Gesch\u00e4tzte Lesezeit\" \/>\n\t<meta name=\"twitter:data1\" content=\"10\u00a0Minuten\" \/>\n<script type=\"application\/ld+json\" class=\"yoast-schema-graph\">{\"@context\":\"https:\/\/schema.org\",\"@graph\":[{\"@type\":\"WebPage\",\"@id\":\"https:\/\/jackmatrix.com.au\/de\/kontaktieren-sie-uns\/\",\"url\":\"https:\/\/jackmatrix.com.au\/de\/kontaktieren-sie-uns\/\",\"name\":\"Kontakt Matrix - Internationaler Matrixanbieter | Jack Matrix\",\"isPartOf\":{\"@id\":\"https:\/\/jackmatrix.com.au\/de\/#website\"},\"datePublished\":\"2024-03-21T07:34:51+00:00\",\"dateModified\":\"2024-06-06T02:59:12+00:00\",\"description\":\"Sind Sie daran interessiert, Produkte aus unserem Jack Matrix-Sortiment zu f\u00fchren, oder haben Sie Fragen? Kontaktieren Sie unsere Experten f\u00fcr Wiederverk\u00e4ufer noch heute unter +61 02 8602 0000\",\"breadcrumb\":{\"@id\":\"https:\/\/jackmatrix.com.au\/de\/kontaktieren-sie-uns\/#breadcrumb\"},\"inLanguage\":\"de\",\"potentialAction\":[{\"@type\":\"ReadAction\",\"target\":[\"https:\/\/jackmatrix.com.au\/de\/kontaktieren-sie-uns\/\"]}]},{\"@type\":\"BreadcrumbList\",\"@id\":\"https:\/\/jackmatrix.com.au\/de\/kontaktieren-sie-uns\/#breadcrumb\",\"itemListElement\":[{\"@type\":\"ListItem\",\"position\":1,\"name\":\"Home\",\"item\":\"https:\/\/jackmatrix.com.au\/de\/homepage\/\"},{\"@type\":\"ListItem\",\"position\":2,\"name\":\"Kontaktieren Sie uns\"}]},{\"@type\":\"WebSite\",\"@id\":\"https:\/\/jackmatrix.com.au\/de\/#website\",\"url\":\"https:\/\/jackmatrix.com.au\/de\/\",\"name\":\"Jack Matrix\",\"description\":\"\",\"potentialAction\":[{\"@type\":\"SearchAction\",\"target\":{\"@type\":\"EntryPoint\",\"urlTemplate\":\"https:\/\/jackmatrix.com.au\/de\/?s={search_term_string}\"},\"query-input\":{\"@type\":\"PropertyValueSpecification\",\"valueRequired\":true,\"valueName\":\"search_term_string\"}}],\"inLanguage\":\"de\"}]}<\/script>\n<!-- \/ Yoast SEO plugin. -->","yoast_head_json":{"title":"Kontakt Matrix - Internationaler Matrixanbieter | Jack Matrix","description":"Sind Sie daran interessiert, Produkte aus unserem Jack Matrix-Sortiment zu f\u00fchren, oder haben Sie Fragen? Kontaktieren Sie unsere Experten f\u00fcr Wiederverk\u00e4ufer noch heute unter +61 02 8602 0000","robots":{"index":"index","follow":"follow","max-snippet":"max-snippet:-1","max-image-preview":"max-image-preview:large","max-video-preview":"max-video-preview:-1"},"canonical":"https:\/\/jackmatrix.com.au\/de\/kontaktieren-sie-uns\/","og_locale":"de_DE","og_type":"article","og_title":"Kontakt Matrix - Internationaler Matrixanbieter | Jack Matrix","og_description":"Sind Sie daran interessiert, Produkte aus unserem Jack Matrix-Sortiment zu f\u00fchren, oder haben Sie Fragen? Kontaktieren Sie unsere Experten f\u00fcr Wiederverk\u00e4ufer noch heute unter +61 02 8602 0000","og_url":"https:\/\/jackmatrix.com.au\/de\/kontaktieren-sie-uns\/","og_site_name":"Jack Matrix","article_modified_time":"2024-06-06T02:59:12+00:00","twitter_card":"summary_large_image","twitter_misc":{"Gesch\u00e4tzte Lesezeit":"10\u00a0Minuten"},"schema":{"@context":"https:\/\/schema.org","@graph":[{"@type":"WebPage","@id":"https:\/\/jackmatrix.com.au\/de\/kontaktieren-sie-uns\/","url":"https:\/\/jackmatrix.com.au\/de\/kontaktieren-sie-uns\/","name":"Kontakt Matrix - Internationaler Matrixanbieter | Jack Matrix","isPartOf":{"@id":"https:\/\/jackmatrix.com.au\/de\/#website"},"datePublished":"2024-03-21T07:34:51+00:00","dateModified":"2024-06-06T02:59:12+00:00","description":"Sind Sie daran interessiert, Produkte aus unserem Jack Matrix-Sortiment zu f\u00fchren, oder haben Sie Fragen? Kontaktieren Sie unsere Experten f\u00fcr Wiederverk\u00e4ufer noch heute unter +61 02 8602 0000","breadcrumb":{"@id":"https:\/\/jackmatrix.com.au\/de\/kontaktieren-sie-uns\/#breadcrumb"},"inLanguage":"de","potentialAction":[{"@type":"ReadAction","target":["https:\/\/jackmatrix.com.au\/de\/kontaktieren-sie-uns\/"]}]},{"@type":"BreadcrumbList","@id":"https:\/\/jackmatrix.com.au\/de\/kontaktieren-sie-uns\/#breadcrumb","itemListElement":[{"@type":"ListItem","position":1,"name":"Home","item":"https:\/\/jackmatrix.com.au\/de\/homepage\/"},{"@type":"ListItem","position":2,"name":"Kontaktieren Sie uns"}]},{"@type":"WebSite","@id":"https:\/\/jackmatrix.com.au\/de\/#website","url":"https:\/\/jackmatrix.com.au\/de\/","name":"Jack Matrix","description":"","potentialAction":[{"@type":"SearchAction","target":{"@type":"EntryPoint","urlTemplate":"https:\/\/jackmatrix.com.au\/de\/?s={search_term_string}"},"query-input":{"@type":"PropertyValueSpecification","valueRequired":true,"valueName":"search_term_string"}}],"inLanguage":"de"}]}},"_links":{"self":[{"href":"https:\/\/jackmatrix.com.au\/de\/wp-json\/wp\/v2\/pages\/6219","targetHints":{"allow":["GET"]}}],"collection":[{"href":"https:\/\/jackmatrix.com.au\/de\/wp-json\/wp\/v2\/pages"}],"about":[{"href":"https:\/\/jackmatrix.com.au\/de\/wp-json\/wp\/v2\/types\/page"}],"author":[{"embeddable":true,"href":"https:\/\/jackmatrix.com.au\/de\/wp-json\/wp\/v2\/users\/2"}],"replies":[{"embeddable":true,"href":"https:\/\/jackmatrix.com.au\/de\/wp-json\/wp\/v2\/comments?post=6219"}],"version-history":[{"count":1,"href":"https:\/\/jackmatrix.com.au\/de\/wp-json\/wp\/v2\/pages\/6219\/revisions"}],"predecessor-version":[{"id":6224,"href":"https:\/\/jackmatrix.com.au\/de\/wp-json\/wp\/v2\/pages\/6219\/revisions\/6224"}],"wp:attachment":[{"href":"https:\/\/jackmatrix.com.au\/de\/wp-json\/wp\/v2\/media?parent=6219"}],"curies":[{"name":"wp","href":"https:\/\/api.w.org\/{rel}","templated":true}]}}