{"id":5784,"date":"2024-05-09T00:40:12","date_gmt":"2024-05-09T00:40:12","guid":{"rendered":"https:\/\/jackmatrix.com.au\/politica-de-privacidad\/"},"modified":"2024-06-06T02:53:43","modified_gmt":"2024-06-06T02:53:43","slug":"politica-de-privacidad","status":"publish","type":"page","link":"https:\/\/jackmatrix.com.au\/es\/politica-de-privacidad\/","title":{"rendered":"Pol\u00edtica de privacidad"},"content":{"rendered":"<p>[et_pb_section fb_built=\u00bb1&#8243; _builder_version=\u00bb4.25.0&#8243; background_color=\u00bb#2AA78A\u00bb background_enable_image=\u00bboff\u00bb custom_padding=\u00bb2vw|0px|2vw|0px|true|false\u00bb global_colors_info=\u00bb{}\u00bb][et_pb_row _builder_version=\u00bb4.16&#8243; global_colors_info=\u00bb{}\u00bb][et_pb_column type=\u00bb4_4&#8243; _builder_version=\u00bb4.16&#8243; custom_padding=\u00bb|||\u00bb global_colors_info=\u00bb{}\u00bb custom_padding__hover=\u00bb|||\u00bb][et_pb_text _builder_version=\u00bb4.25.1&#8243; text_font=\u00bbSatoshi Regular &#8211; Body Copy||||||||\u00bb text_font_size=\u00bb24px\u00bb text_line_height=\u00bb2em\u00bb ul_font=\u00bb||||||||\u00bb ol_font=\u00bb||||||||\u00bb header_font=\u00bbStoshi Black &#8211; headlines|700|||||||\u00bb header_font_size=\u00bb64px\u00bb header_line_height=\u00bb1.2em\u00bb header_2_font=\u00bb||||||||\u00bb header_3_font=\u00bb||||||||\u00bb header_4_font=\u00bb||||||||\u00bb header_5_font=\u00bb||||||||\u00bb header_6_font=\u00bb||||||||\u00bb text_orientation=\u00bbcenter\u00bb background_layout=\u00bbdark\u00bb max_width=\u00bb600px\u00bb module_alignment=\u00bbcenter\u00bb custom_margin=\u00bb|||\u00bb hover_enabled=\u00bb0&#8243; text_font_size_tablet=\u00bb\u00bb text_font_size_phone=\u00bb16px\u00bb text_font_size_last_edited=\u00bbon|phone\u00bb header_font_size_tablet=\u00bb45px\u00bb header_font_size_phone=\u00bb\u00bb header_font_size_last_edited=\u00bbon|phone\u00bb locked=\u00bboff\u00bb global_colors_info=\u00bb{}\u00bb sticky_enabled=\u00bb0&#8243;]<\/p>\n<h1>Pol\u00edtica de privacidad<\/h1>\n<p>[\/et_pb_text][\/et_pb_column][\/et_pb_row][\/et_pb_section][et_pb_section fb_built=\u00bb1&#8243; admin_label=\u00bbServices\u00bb _builder_version=\u00bb4.24.2&#8243; background_enable_image=\u00bboff\u00bb background_size=\u00bbinitial\u00bb background_position=\u00bbbottom_right\u00bb custom_padding=\u00bb0|0px|0px|0px|false|false\u00bb locked=\u00bboff\u00bb global_colors_info=\u00bb{}\u00bb][et_pb_row _builder_version=\u00bb4.16&#8243; custom_padding=\u00bb27px|0px|0|0px|false|false\u00bb global_colors_info=\u00bb{}\u00bb][et_pb_column type=\u00bb4_4&#8243; _builder_version=\u00bb4.16&#8243; custom_padding=\u00bb|||\u00bb global_colors_info=\u00bb{}\u00bb custom_padding__hover=\u00bb|||\u00bb][et_pb_text _builder_version=\u00bb4.25.0&#8243; text_font=\u00bbSatoshi Regular &#8211; Body Copy||||||||\u00bb text_font_size=\u00bb18px\u00bb text_line_height=\u00bb2em\u00bb header_font=\u00bb||||||||\u00bb header_2_font=\u00bbStoshi Black &#8211; headlines||||||||\u00bb header_2_font_size=\u00bb42px\u00bb header_3_font=\u00bb|700||on|||||\u00bb header_3_font_size=\u00bb20px\u00bb header_3_letter_spacing=\u00bb1px\u00bb header_3_line_height=\u00bb1.7em\u00bb text_font_size_tablet=\u00bb\u00bb text_font_size_phone=\u00bb14px\u00bb text_font_size_last_edited=\u00bbon|phone\u00bb global_colors_info=\u00bb{}\u00bb]<\/p>\n<p><span style=\"color: #000000;\"><strong>Respetar tu intimidad<\/strong><\/span><br \/>Whites Group Pty Ltd ABN 25 001 845 478 y cada una de sus entidades relacionadas (\u00abWhites Group\u00bb) se toman muy en serio sus obligaciones en virtud de la Ley de Privacidad de 1988 (Cth) (\u00abley\u00bb) y los Principios Australianos de Privacidad. Whites Group respeta el derecho a la privacidad de sus clientes, proveedores, contratistas, agentes y otras personas con las que trata (\u00abt\u00fa\/tu\u00bb) y entiende la necesidad de proteger tu informaci\u00f3n personal.Esta pol\u00edtica de privacidad establece c\u00f3mo Whites Group gestiona tu informaci\u00f3n personal. Tambi\u00e9n describe, en t\u00e9rminos generales, los tipos de informaci\u00f3n personal que el Grupo Whites posee, con qu\u00e9 finalidad y c\u00f3mo se recopila, utiliza, almacena y divulga dicha informaci\u00f3n.<\/p>\n<p><span style=\"color: #000000;\"><strong>Recoger tu informaci\u00f3n personal<\/strong><\/span><br \/>Como gran distribuidor de una amplia gama de productos, la informaci\u00f3n personal recopilada y mantenida por el Grupo Whites generalmente comprende:<\/p>\n<p><span style=\"color: #000000;\"><strong>Datos personales como nombre, direcci\u00f3n, informaci\u00f3n sobre el permiso de conducir;<\/strong><\/span><\/p>\n<p>Datos de contacto, incluidos el n\u00famero de tel\u00e9fono, el n\u00famero de fax y la direcci\u00f3n de correo electr\u00f3nico;<br \/>Datos de la tarjeta de cr\u00e9dito y del cheque;<br \/>Informes de agencias de informaci\u00f3n crediticia;<br \/>Datos de la empresa, como su nombre, tama\u00f1o y tipo de negocio; y<br \/>Identificadores \u00fanicos como nombre de usuario, n\u00famero de cuenta y contrase\u00f1a.<br \/>Esta informaci\u00f3n personal se recopila con el fin de que Whites Group trate con sus clientes, realice comprobaciones de solvencia de acuerdo con las pol\u00edticas de cr\u00e9dito de Whites Group y promocione y comercialice los bienes y servicios de Whites Group.<br \/>El Grupo Whites no recopila informaci\u00f3n sobre el origen racial o \u00e9tnico de un cliente, sus opiniones o convicciones pol\u00edticas, su pertenencia a cualquier asociaci\u00f3n pol\u00edtica, profesional o comercial, su afiliaci\u00f3n sindical, sus creencias o afiliaciones religiosas, sus creencias filos\u00f3ficas, sus preferencias o pr\u00e1cticas sexuales, sus antecedentes penales o informaci\u00f3n sobre su salud.<\/p>\n<p><span style=\"color: #000000;\"><strong>Uso y divulgaci\u00f3n de tu informaci\u00f3n personal<\/strong><\/span><br \/>Tus datos personales, tal y como fueron revelados en el momento de su recogida, son utilizados por Whites Group con el fin principal de suministrarte nuestros bienes y servicios. Tambi\u00e9n se utiliza para fines auxiliares, como satisfacer las solicitudes de los clientes y mantener la relaci\u00f3n del Grupo Whites con sus clientes.<\/p>\n<p>El Grupo Whites tambi\u00e9n puede utilizar la informaci\u00f3n personal recopilada con el fin de comercializar sus productos y servicios. El Grupo Whites tambi\u00e9n puede revelar informaci\u00f3n personal recopilada de forma confidencial a terceros cuando realice promociones conjuntas. En esos casos, el Grupo Whites exigir\u00e1 al tercero que conserve y utilice la informaci\u00f3n personal estrictamente de acuerdo con los t\u00e9rminos de esta pol\u00edtica. Si, en cualquier momento, no deseas recibir marketing directo del Grupo Whites, puedes optar por \u00abexcluirte\u00bb de cualquier otra comunicaci\u00f3n de marketing directo.<\/p>\n<p>El Grupo Whites se compromete contigo a no vender, licenciar o intercambiar tu informaci\u00f3n personal. El Grupo Whites no utilizar\u00e1 ni divulgar\u00e1 de otro modo tus datos personales a menos que dicho uso o divulgaci\u00f3n est\u00e9 autorizado en virtud de los Principios de Privacidad Australianos. Algunos ejemplos de d\u00f3nde se autorizar\u00eda dicho uso o divulgaci\u00f3n de tus datos personales son:<\/p>\n<p>La ley exige o autoriza el uso o la divulgaci\u00f3n;<\/p>\n<p>El uso o divulgaci\u00f3n es necesario para evitar una amenaza para la vida, la salud o la seguridad;<br \/>El uso o divulgaci\u00f3n es necesario para investigar una presunta actividad ilegal, para prevenir o detectar un delito o una conducta indebida;<br \/>El uso o divulgaci\u00f3n sea razonablemente necesario para la preparaci\u00f3n o desarrollo de un procedimiento judicial; o<br \/>Has consentido, expresa o impl\u00edcitamente, la divulgaci\u00f3n de informaci\u00f3n sobre ti.<br \/><span style=\"color: #000000;\"><strong>Uso del sitio web jackmatrix.com.au<\/strong><\/span><br \/>El Grupo Whites utiliza cookies en su sitio web para recopilar informaci\u00f3n. La informaci\u00f3n recopilada puede contener datos personales sobre ti, como tus actividades de navegaci\u00f3n en el sitio web meetjack.com.au, con el fin de proporcionar marketing dirigido basado en tus intereses. Si no deseas que se recopile informaci\u00f3n mediante el uso de cookies, el Grupo Whites te recomienda que desactives las cookies en tu navegador. Tambi\u00e9n hay servicios web que te ayudan a controlar qu\u00e9 informaci\u00f3n se recopila sobre ti, como el gestor de preferencias de anuncios de Google.<\/p>\n<p><span style=\"color: #000000;\"><strong>Exactitud de tus datos personales<\/strong><\/span><br \/>El Grupo Whites pretende garantizar que toda la informaci\u00f3n personal que posea sobre ti se recopile y utilice de acuerdo con los Principios Australianos de Privacidad. Esto significa que, de vez en cuando, Whites Group puede ponerse en contacto contigo para ver si hay alg\u00fan cambio en tu informaci\u00f3n personal. Si consideras que los datos personales que obran en poder de Whites Group no son exactos, no est\u00e1n completos o requieren alguna modificaci\u00f3n, no dudes en ponerte en contacto con Whites Group.<\/p>\n<p><span style=\"color: #000000;\"><strong>Seguridad de la informaci\u00f3n personal<\/strong><\/span><br \/>El Grupo Whites mantiene segura la informaci\u00f3n personal de sus clientes y toma precauciones razonables para minimizar la probabilidad de p\u00e9rdida, uso indebido o acceso no autorizado, modificaci\u00f3n o divulgaci\u00f3n o alteraci\u00f3n de dicha informaci\u00f3n.<\/p>\n<p><span style=\"color: #000000;\"><strong>Destrucci\u00f3n de informaci\u00f3n personal<\/strong><\/span><br \/>El Grupo Whites toma todas las medidas razonables para garantizar que la informaci\u00f3n personal sobre sus clientes se destruya cuando ya no sea necesaria.<\/p>\n<p><span style=\"color: #000000;\"><strong>Acceso a tu informaci\u00f3n personal<\/strong><\/span><br \/>El Grupo Whites te dar\u00e1 acceso a la informaci\u00f3n personal que tiene sobre ti. Tu derecho a acceder a tus datos personales que obran en poder del Grupo Whites est\u00e1 sujeto a ciertas excepciones permitidas por la ley y puede verse afectado por cuestiones como:<\/p>\n<p>Que la informaci\u00f3n sea comercialmente sensible para el Grupo Whites o uno de sus proveedores de servicios o clientes;<\/p>\n<p>El acceso es ilegal;<br \/>Una solicitud fr\u00edvola o vejatoria por tu parte o por parte de otra persona en tu nombre; o<br \/>La existencia de una disputa legal o de una disputa legal potencial.<\/p>\n<p>Si Whites Group te deniega el acceso a tu informaci\u00f3n personal, Whites Group te dar\u00e1 una explicaci\u00f3n al respecto. Para la mayor\u00eda de las solicitudes, tu informaci\u00f3n se proporcionar\u00e1 de forma gratuita, sin embargo, Whites Group puede cobrar una tarifa para cubrir sus costes razonables en relaci\u00f3n con la recuperaci\u00f3n y el suministro de la informaci\u00f3n.<\/p>\n<p><span style=\"color: #000000;\"><strong>Exclusi\u00f3n voluntaria en relaci\u00f3n con el marketing directo<\/strong><\/span><br \/>El Grupo Whites reconoce y respeta la opci\u00f3n de sus clientes de \u00abexcluirse\u00bb del marketing directo realizado por el Grupo Whites. Si no deseas recibir comunicaciones de marketing directo del Grupo Whites, puedes optar por no recibirlas siguiendo el enlace que aparece en cualquier comunicaci\u00f3n electr\u00f3nica de marketing directo o notificando al responsable de privacidad del Grupo Whites que no deseas recibir comunicaciones de marketing directo.<\/p>\n<p><span style=\"color: #000000;\"><strong>Exenciones a esta pol\u00edtica<\/strong><\/span><br \/>Esta pol\u00edtica no se aplica a la informaci\u00f3n que pueda ser compartida entre el Grupo Whites y cualquiera de sus entidades relacionadas. Tampoco se aplica a la informaci\u00f3n que el Grupo Whites posee sobre sus empleados.<\/p>\n<p>&nbsp;<\/p>\n<p><span style=\"color: #000000;\"><strong>Resolver tus dudas sobre privacidad<\/strong><\/span><br \/>El Grupo Whites ha nombrado a un responsable de privacidad, para gestionar cualquier reclamaci\u00f3n sobre privacidad. Si tienes alguna pregunta sobre las pr\u00e1cticas de privacidad del Grupo Whites o deseas presentar una queja sobre c\u00f3mo se gestiona tu informaci\u00f3n personal, ponte en contacto con el responsable de privacidad del Grupo Whites por correo electr\u00f3nico en la direcci\u00f3n <strong><br \/>\n  <a href=\"mailto:privacy@whitesgroup.com.au\">privacy@whitesgroup.com.au<\/a><br \/>\n<\/strong>.<\/p>\n<p>&nbsp;<\/p>\n<p><span style=\"color: #000000;\"><strong>Cambios en esta pol\u00edtica<\/strong><\/span><br \/>El Grupo Whites se reserva el derecho a realizar cambios en esta pol\u00edtica de privacidad de vez en cuando. Cualquier cambio en la Pol\u00edtica de Privacidad se publicar\u00e1 en el sitio web del Grupo Whites.<\/p>\n<p>&nbsp;<\/p>\n<p><span style=\"color: #000000;\"><strong>Contactar con el Grupo Whites<\/strong><\/span><br \/>Para revisar y actualizar tu informaci\u00f3n personal u obtener una copia de esta Pol\u00edtica de Privacidad, ponte en contacto con el responsable de privacidad del Grupo Whites. Esta pol\u00edtica de privacidad tambi\u00e9n puede encontrarse en el sitio web del Grupo Whites en www.whitesgroup.com.au.<\/p>\n<p>Autorizado por:<br \/>Whites Group Pty Ltd<br \/>ABN 25 001 845 478<br \/>Pol\u00edtica en vigor: Febrero de 2015<\/p>\n<p>&nbsp;<\/p>\n<p>[\/et_pb_text][\/et_pb_column][\/et_pb_row][\/et_pb_section]<\/p>\n","protected":false},"excerpt":{"rendered":"<p>Pol\u00edtica de privacidadRespetar tu intimidadWhites Group Pty Ltd ABN 25 001 845 478 y cada una de sus entidades relacionadas (\u00abWhites Group\u00bb) se toman muy en serio sus obligaciones en virtud de la Ley de Privacidad de 1988 (Cth) (\u00abley\u00bb) y los Principios Australianos de Privacidad. Whites Group respeta el derecho a la privacidad de [&hellip;]<\/p>\n","protected":false},"author":2,"featured_media":0,"parent":0,"menu_order":0,"comment_status":"closed","ping_status":"closed","template":"","meta":{"_et_pb_use_builder":"on","_et_pb_old_content":"","_et_gb_content_width":"","footnotes":""},"class_list":["post-5784","page","type-page","status-publish","hentry"],"yoast_head":"<!-- This site is optimized with the Yoast SEO plugin v26.3 - https:\/\/yoast.com\/wordpress\/plugins\/seo\/ -->\n<title>Pol\u00edtica de privacidad - Jack Matrix<\/title>\n<meta name=\"robots\" content=\"index, follow, max-snippet:-1, max-image-preview:large, max-video-preview:-1\" \/>\n<link rel=\"canonical\" href=\"https:\/\/jackmatrix.com.au\/es\/politica-de-privacidad\/\" \/>\n<meta property=\"og:locale\" content=\"es_ES\" \/>\n<meta property=\"og:type\" content=\"article\" \/>\n<meta property=\"og:title\" content=\"Pol\u00edtica de privacidad - Jack Matrix\" \/>\n<meta property=\"og:description\" content=\"Pol\u00edtica de privacidadRespetar tu intimidadWhites Group Pty Ltd ABN 25 001 845 478 y cada una de sus entidades relacionadas (&quot;Whites Group&quot;) se toman muy en serio sus obligaciones en virtud de la Ley de Privacidad de 1988 (Cth) (&quot;ley&quot;) y los Principios Australianos de Privacidad. Whites Group respeta el derecho a la privacidad de [&hellip;]\" \/>\n<meta property=\"og:url\" content=\"https:\/\/jackmatrix.com.au\/es\/politica-de-privacidad\/\" \/>\n<meta property=\"og:site_name\" content=\"Jack Matrix\" \/>\n<meta property=\"article:modified_time\" content=\"2024-06-06T02:53:43+00:00\" \/>\n<meta name=\"twitter:card\" content=\"summary_large_image\" \/>\n<meta name=\"twitter:label1\" content=\"Tiempo de lectura\" \/>\n\t<meta name=\"twitter:data1\" content=\"8 minutos\" \/>\n<script type=\"application\/ld+json\" class=\"yoast-schema-graph\">{\"@context\":\"https:\/\/schema.org\",\"@graph\":[{\"@type\":\"WebPage\",\"@id\":\"https:\/\/jackmatrix.com.au\/es\/politica-de-privacidad\/\",\"url\":\"https:\/\/jackmatrix.com.au\/es\/politica-de-privacidad\/\",\"name\":\"Pol\u00edtica de privacidad - Jack Matrix\",\"isPartOf\":{\"@id\":\"https:\/\/jackmatrix.com.au\/es\/#website\"},\"datePublished\":\"2024-05-09T00:40:12+00:00\",\"dateModified\":\"2024-06-06T02:53:43+00:00\",\"breadcrumb\":{\"@id\":\"https:\/\/jackmatrix.com.au\/es\/politica-de-privacidad\/#breadcrumb\"},\"inLanguage\":\"es\",\"potentialAction\":[{\"@type\":\"ReadAction\",\"target\":[\"https:\/\/jackmatrix.com.au\/es\/politica-de-privacidad\/\"]}]},{\"@type\":\"BreadcrumbList\",\"@id\":\"https:\/\/jackmatrix.com.au\/es\/politica-de-privacidad\/#breadcrumb\",\"itemListElement\":[{\"@type\":\"ListItem\",\"position\":1,\"name\":\"Home\",\"item\":\"https:\/\/jackmatrix.com.au\/es\/pagina-de-inicio\/\"},{\"@type\":\"ListItem\",\"position\":2,\"name\":\"Pol\u00edtica de privacidad\"}]},{\"@type\":\"WebSite\",\"@id\":\"https:\/\/jackmatrix.com.au\/es\/#website\",\"url\":\"https:\/\/jackmatrix.com.au\/es\/\",\"name\":\"Jack Matrix\",\"description\":\"\",\"potentialAction\":[{\"@type\":\"SearchAction\",\"target\":{\"@type\":\"EntryPoint\",\"urlTemplate\":\"https:\/\/jackmatrix.com.au\/es\/?s={search_term_string}\"},\"query-input\":{\"@type\":\"PropertyValueSpecification\",\"valueRequired\":true,\"valueName\":\"search_term_string\"}}],\"inLanguage\":\"es\"}]}<\/script>\n<!-- \/ Yoast SEO plugin. -->","yoast_head_json":{"title":"Pol\u00edtica de privacidad - Jack Matrix","robots":{"index":"index","follow":"follow","max-snippet":"max-snippet:-1","max-image-preview":"max-image-preview:large","max-video-preview":"max-video-preview:-1"},"canonical":"https:\/\/jackmatrix.com.au\/es\/politica-de-privacidad\/","og_locale":"es_ES","og_type":"article","og_title":"Pol\u00edtica de privacidad - Jack Matrix","og_description":"Pol\u00edtica de privacidadRespetar tu intimidadWhites Group Pty Ltd ABN 25 001 845 478 y cada una de sus entidades relacionadas (\"Whites Group\") se toman muy en serio sus obligaciones en virtud de la Ley de Privacidad de 1988 (Cth) (\"ley\") y los Principios Australianos de Privacidad. Whites Group respeta el derecho a la privacidad de [&hellip;]","og_url":"https:\/\/jackmatrix.com.au\/es\/politica-de-privacidad\/","og_site_name":"Jack Matrix","article_modified_time":"2024-06-06T02:53:43+00:00","twitter_card":"summary_large_image","twitter_misc":{"Tiempo de lectura":"8 minutos"},"schema":{"@context":"https:\/\/schema.org","@graph":[{"@type":"WebPage","@id":"https:\/\/jackmatrix.com.au\/es\/politica-de-privacidad\/","url":"https:\/\/jackmatrix.com.au\/es\/politica-de-privacidad\/","name":"Pol\u00edtica de privacidad - Jack Matrix","isPartOf":{"@id":"https:\/\/jackmatrix.com.au\/es\/#website"},"datePublished":"2024-05-09T00:40:12+00:00","dateModified":"2024-06-06T02:53:43+00:00","breadcrumb":{"@id":"https:\/\/jackmatrix.com.au\/es\/politica-de-privacidad\/#breadcrumb"},"inLanguage":"es","potentialAction":[{"@type":"ReadAction","target":["https:\/\/jackmatrix.com.au\/es\/politica-de-privacidad\/"]}]},{"@type":"BreadcrumbList","@id":"https:\/\/jackmatrix.com.au\/es\/politica-de-privacidad\/#breadcrumb","itemListElement":[{"@type":"ListItem","position":1,"name":"Home","item":"https:\/\/jackmatrix.com.au\/es\/pagina-de-inicio\/"},{"@type":"ListItem","position":2,"name":"Pol\u00edtica de privacidad"}]},{"@type":"WebSite","@id":"https:\/\/jackmatrix.com.au\/es\/#website","url":"https:\/\/jackmatrix.com.au\/es\/","name":"Jack Matrix","description":"","potentialAction":[{"@type":"SearchAction","target":{"@type":"EntryPoint","urlTemplate":"https:\/\/jackmatrix.com.au\/es\/?s={search_term_string}"},"query-input":{"@type":"PropertyValueSpecification","valueRequired":true,"valueName":"search_term_string"}}],"inLanguage":"es"}]}},"_links":{"self":[{"href":"https:\/\/jackmatrix.com.au\/es\/wp-json\/wp\/v2\/pages\/5784","targetHints":{"allow":["GET"]}}],"collection":[{"href":"https:\/\/jackmatrix.com.au\/es\/wp-json\/wp\/v2\/pages"}],"about":[{"href":"https:\/\/jackmatrix.com.au\/es\/wp-json\/wp\/v2\/types\/page"}],"author":[{"embeddable":true,"href":"https:\/\/jackmatrix.com.au\/es\/wp-json\/wp\/v2\/users\/2"}],"replies":[{"embeddable":true,"href":"https:\/\/jackmatrix.com.au\/es\/wp-json\/wp\/v2\/comments?post=5784"}],"version-history":[{"count":1,"href":"https:\/\/jackmatrix.com.au\/es\/wp-json\/wp\/v2\/pages\/5784\/revisions"}],"predecessor-version":[{"id":5803,"href":"https:\/\/jackmatrix.com.au\/es\/wp-json\/wp\/v2\/pages\/5784\/revisions\/5803"}],"wp:attachment":[{"href":"https:\/\/jackmatrix.com.au\/es\/wp-json\/wp\/v2\/media?parent=5784"}],"curies":[{"name":"wp","href":"https:\/\/api.w.org\/{rel}","templated":true}]}}