{"id":5742,"date":"2024-05-09T00:29:05","date_gmt":"2024-05-09T00:29:05","guid":{"rendered":"https:\/\/jackmatrix.com.au\/conditions-dutilisation-du-site\/"},"modified":"2024-06-06T02:53:42","modified_gmt":"2024-06-06T02:53:42","slug":"conditions-dutilisation-du-site","status":"publish","type":"page","link":"https:\/\/jackmatrix.com.au\/fr\/conditions-dutilisation-du-site\/","title":{"rendered":"Conditions d&#8217;utilisation du site"},"content":{"rendered":"<p>[et_pb_section fb_built=&#8221;1&#8243; _builder_version=&#8221;4.25.0&#8243; background_color=&#8221;#2AA78A&#8221; background_enable_image=&#8221;off&#8221; custom_padding=&#8221;2vw|0px|2vw|0px|true|false&#8221; global_colors_info=&#8221;{}&#8221;][et_pb_row _builder_version=&#8221;4.16&#8243; global_colors_info=&#8221;{}&#8221;][et_pb_column type=&#8221;4_4&#8243; _builder_version=&#8221;4.16&#8243; custom_padding=&#8221;|||&#8221; global_colors_info=&#8221;{}&#8221; custom_padding__hover=&#8221;|||&#8221;][et_pb_text _builder_version=&#8221;4.25.1&#8243; text_font=&#8221;Satoshi Regular &#8211; Body Copy||||||||&#8221; text_font_size=&#8221;24px&#8221; text_line_height=&#8221;2em&#8221; ul_font=&#8221;||||||||&#8221; ol_font=&#8221;||||||||&#8221; header_font=&#8221;Stoshi Black &#8211; headlines|700|||||||&#8221; header_font_size=&#8221;64px&#8221; header_line_height=&#8221;1.2em&#8221; header_2_font=&#8221;||||||||&#8221; header_3_font=&#8221;||||||||&#8221; header_4_font=&#8221;||||||||&#8221; header_5_font=&#8221;||||||||&#8221; header_6_font=&#8221;||||||||&#8221; text_orientation=&#8221;center&#8221; background_layout=&#8221;dark&#8221; max_width=&#8221;600px&#8221; module_alignment=&#8221;center&#8221; custom_margin=&#8221;|||&#8221; hover_enabled=&#8221;0&#8243; text_font_size_tablet=&#8221;&#8221; text_font_size_phone=&#8221;16px&#8221; text_font_size_last_edited=&#8221;on|phone&#8221; header_font_size_tablet=&#8221;45px&#8221; header_font_size_phone=&#8221;&#8221; header_font_size_last_edited=&#8221;on|phone&#8221; locked=&#8221;off&#8221; global_colors_info=&#8221;{}&#8221; sticky_enabled=&#8221;0&#8243;]<\/p>\n<h1>Conditions d&#8217;utilisation du site<\/h1>\n<p>[\/et_pb_text][\/et_pb_column][\/et_pb_row][\/et_pb_section][et_pb_section fb_built=&#8221;1&#8243; admin_label=&#8221;Services&#8221; _builder_version=&#8221;4.24.2&#8243; background_enable_image=&#8221;off&#8221; background_size=&#8221;initial&#8221; background_position=&#8221;bottom_right&#8221; custom_padding=&#8221;0|0px|0px|0px|false|false&#8221; locked=&#8221;off&#8221; global_colors_info=&#8221;{}&#8221;][et_pb_row _builder_version=&#8221;4.16&#8243; custom_padding=&#8221;27px|0px|0|0px|false|false&#8221; global_colors_info=&#8221;{}&#8221;][et_pb_column type=&#8221;4_4&#8243; _builder_version=&#8221;4.16&#8243; custom_padding=&#8221;|||&#8221; global_colors_info=&#8221;{}&#8221; custom_padding__hover=&#8221;|||&#8221;][et_pb_text _builder_version=&#8221;4.25.0&#8243; text_font=&#8221;Satoshi Regular &#8211; Body Copy||||||||&#8221; text_font_size=&#8221;18px&#8221; text_line_height=&#8221;2em&#8221; header_font=&#8221;||||||||&#8221; header_2_font=&#8221;Stoshi Black &#8211; headlines||||||||&#8221; header_2_font_size=&#8221;42px&#8221; header_3_font=&#8221;|700||on|||||&#8221; header_3_font_size=&#8221;20px&#8221; header_3_letter_spacing=&#8221;1px&#8221; header_3_line_height=&#8221;1.7em&#8221; text_font_size_tablet=&#8221;&#8221; text_font_size_phone=&#8221;14px&#8221; text_font_size_last_edited=&#8221;on|phone&#8221; global_colors_info=&#8221;{}&#8221;]<\/p>\n<p><span style=\"color: #000000;\"><strong>Accord entre les utilisateurs et le groupe Whites<\/strong><\/span><\/p>\n<p>Le site web de Whites Group est compos\u00e9 de plusieurs pages web exploit\u00e9es par Whites Group.<br \/>Le site web du Groupe Whites vous est propos\u00e9 \u00e0 condition que vous acceptiez sans modification les termes, conditions et avis contenus dans le pr\u00e9sent document.<br \/>Votre utilisation du site web du Groupe Whites constitue votre acceptation de tous ces termes, conditions et avis.<\/p>\n<p><span style=\"color: #000000;\"><strong>Modification des pr\u00e9sentes conditions d&#8217;utilisation<\/strong><\/span><br \/>Whites Group se r\u00e9serve le droit de modifier les termes, conditions et avis en vertu desquels le site Web de Whites Group est offert, y compris, mais sans s&#8217;y limiter, les frais associ\u00e9s \u00e0 l&#8217;utilisation du site Web de Whites Group.<\/p>\n<p><span style=\"color: #000000;\"><strong>Liens vers des sites de tiers<\/strong><\/span><br \/>Le site web de Whites Group peut contenir des liens vers d&#8217;autres sites web (&#8220;sites li\u00e9s&#8221;). Les sites li\u00e9s ne sont pas sous le contr\u00f4le de Whites Group et Whites Group n&#8217;est pas responsable du contenu de tout site li\u00e9, y compris, sans limitation, tout lien contenu dans un site li\u00e9, ou toute modification ou mise \u00e0 jour d&#8217;un site li\u00e9. Whites Group n&#8217;est pas responsable du webcasting ou de toute autre forme de transmission re\u00e7ue d&#8217;un site li\u00e9. Whites Group ne vous fournit ces liens qu&#8217;\u00e0 titre de commodit\u00e9, et l&#8217;inclusion de tout lien n&#8217;implique pas l&#8217;approbation par Whites Group du site ou toute association avec ses op\u00e9rateurs.<\/p>\n<p><span style=\"color: #000000;\"><strong>Pas d&#8217;utilisation ill\u00e9gale ou interdite<\/strong><\/span><br \/>Comme condition de votre utilisation du site web de Whites Group, vous garantissez \u00e0 Whites Group que vous n&#8217;utiliserez pas le site web de Whites Group \u00e0 des fins ill\u00e9gales ou interdites par les pr\u00e9sents termes, conditions et avis. Vous ne pouvez pas utiliser le site web de Whites Group d&#8217;une mani\u00e8re qui pourrait endommager, d\u00e9sactiver, surcharger ou compromettre le site web de Whites Group ou interf\u00e9rer avec l&#8217;utilisation et la jouissance du site web de Whites Group par d&#8217;autres parties. Vous ne pouvez pas obtenir ou tenter d&#8217;obtenir des mat\u00e9riaux ou des informations par des moyens qui ne sont pas intentionnellement mis \u00e0 disposition ou fournis par les sites web de Whites Group.<\/p>\n<p><span style=\"color: #000000;\"><strong>Utilisation des services de communication<\/strong><\/span><br \/>Le site web de Whites Group peut contenir des services de tableau d&#8217;affichage, des zones de discussion, des groupes de discussion, des forums, des communaut\u00e9s, des pages web personnelles, des calendriers et\/ou d&#8217;autres messages ou moyens de communication con\u00e7us pour vous permettre de communiquer avec le public en g\u00e9n\u00e9ral ou avec un groupe (collectivement, les &#8220;services de communication&#8221;), vous acceptez d&#8217;utiliser les services de communication uniquement pour publier, envoyer et recevoir des messages et du mat\u00e9riel appropri\u00e9s et li\u00e9s au service de communication particulier. \u00c0 titre d&#8217;exemple, et sans que cela soit limitatif, vous acceptez, lorsque vous utilisez un service de communication, de ne pas.. :<\/p>\n<p>&#8211; Diffamer, abuser, harceler, traquer, menacer ou violer de toute autre mani\u00e8re les droits l\u00e9gaux (tels que les droits \u00e0 la vie priv\u00e9e et \u00e0 la publicit\u00e9) d&#8217;autrui.<br \/>&#8211; Publier, poster, t\u00e9l\u00e9charger, distribuer ou diffuser tout sujet, nom, mat\u00e9riel ou information inappropri\u00e9, blasph\u00e9matoire, diffamatoire, contrefait, obsc\u00e8ne, ind\u00e9cent ou ill\u00e9gal.<br \/>&#8211; T\u00e9l\u00e9charger des fichiers contenant des logiciels ou d&#8217;autres \u00e9l\u00e9ments prot\u00e9g\u00e9s par les lois sur la propri\u00e9t\u00e9 intellectuelle (ou par le droit \u00e0 la vie priv\u00e9e ou \u00e0 la publicit\u00e9), \u00e0 moins que vous ne poss\u00e9diez ou contr\u00f4liez les droits y aff\u00e9rents ou que vous ayez re\u00e7u tous les consentements n\u00e9cessaires.<br \/>&#8211; T\u00e9l\u00e9charger des fichiers contenant des virus, des fichiers corrompus ou tout autre logiciel ou programme similaire susceptible d&#8217;endommager le fonctionnement de l&#8217;ordinateur d&#8217;autrui.<br \/>&#8211; Faire de la publicit\u00e9 ou proposer de vendre ou d&#8217;acheter des biens ou des services \u00e0 des fins commerciales, sauf si le service de communication en question autorise sp\u00e9cifiquement ce type de messages.<br \/>&#8211; R\u00e9aliser ou transmettre des enqu\u00eates, des concours, des syst\u00e8mes pyramidaux ou des cha\u00eenes de lettres.<br \/>&#8211; T\u00e9l\u00e9charger tout fichier post\u00e9 par un autre utilisateur d&#8217;un service de communication dont vous savez, ou devriez raisonnablement savoir, qu&#8217;il ne peut \u00eatre l\u00e9galement distribu\u00e9 de cette mani\u00e8re.<br \/>&#8211; Falsifier ou supprimer les mentions d&#8217;auteur, les avis l\u00e9gaux ou autres avis appropri\u00e9s, les d\u00e9signations de propri\u00e9t\u00e9 ou les \u00e9tiquettes indiquant l&#8217;origine ou la source du logiciel ou de tout autre mat\u00e9riel contenu dans un fichier t\u00e9l\u00e9charg\u00e9.<br \/>&#8211; Restreindre ou emp\u00eacher tout autre utilisateur d&#8217;utiliser et de profiter des services de communication.<br \/>&#8211; violer un code de conduite ou d&#8217;autres lignes directrices applicables \u00e0 un service de communication particulier.<br \/>&#8211; R\u00e9colter ou collecter de toute autre mani\u00e8re des informations sur d&#8217;autres personnes, y compris des adresses \u00e9lectroniques, sans leur consentement.<br \/>&#8211; violer toute loi ou r\u00e9glementation applicable.<\/p>\n<p>Whites Group n&#8217;a aucune obligation de surveiller les services de communication. Cependant, Whites Group se r\u00e9serve le droit d&#8217;examiner les documents publi\u00e9s sur un service de communication et de supprimer tout document \u00e0 sa seule discr\u00e9tion. Whites Group se r\u00e9serve le droit de mettre fin \u00e0 votre acc\u00e8s \u00e0 tout ou partie des services de communication, \u00e0 tout moment et sans pr\u00e9avis, pour quelque raison que ce soit.<\/p>\n<p>Whites Group se r\u00e9serve le droit, \u00e0 tout moment, de divulguer toute information n\u00e9cessaire pour satisfaire \u00e0 toute loi, r\u00e9glementation, proc\u00e9dure l\u00e9gale ou demande gouvernementale applicable, ou d&#8217;\u00e9diter, de refuser de publier ou de supprimer toute information ou tout mat\u00e9riel, en tout ou en partie, \u00e0 la seule discr\u00e9tion de Whites Group.<\/p>\n<p>Soyez toujours prudent lorsque vous donnez des informations d&#8217;identification personnelle sur vous ou vos enfants dans un service de communication. Whites Group ne contr\u00f4le ni n&#8217;approuve le contenu, les messages ou les informations trouv\u00e9s dans un service de communication et, par cons\u00e9quent, Whites Group d\u00e9cline sp\u00e9cifiquement toute responsabilit\u00e9 concernant les services de communication et toute action r\u00e9sultant de votre participation \u00e0 un service de communication. Les gestionnaires et les h\u00f4tes ne sont pas des porte-parole autoris\u00e9s de Whites Group, et leurs opinions ne refl\u00e8tent pas n\u00e9cessairement celles de Whites Group.<\/p>\n<p>Les documents t\u00e9l\u00e9charg\u00e9s vers un service de communication peuvent \u00eatre soumis \u00e0 des restrictions d&#8217;utilisation, de reproduction et\/ou de diffusion.<\/p>\n<p>Vous \u00eates responsable du respect de ces limitations si vous t\u00e9l\u00e9chargez le mat\u00e9riel.<\/p>\n<p><span style=\"color: #000000;\"><strong>Le mat\u00e9riel fourni \u00e0 Whites Group ou post\u00e9 sur tout site web de Whites Group<\/strong><\/span><br \/>Whites Group ne revendique pas la propri\u00e9t\u00e9 du mat\u00e9riel que vous fournissez \u00e0 Whites Group (y compris les commentaires et les suggestions) ou que vous publiez, t\u00e9l\u00e9chargez, saisissez ou soumettez \u00e0 un site Web de Whites Group ou \u00e0 ses services associ\u00e9s (collectivement, les &#8220;soumissions&#8221;). Toutefois, en publiant, t\u00e9l\u00e9chargeant, saisissant, fournissant ou soumettant votre soumission, vous accordez \u00e0 Whites Group, \u00e0 ses soci\u00e9t\u00e9s affili\u00e9es et aux sous-licenci\u00e9s n\u00e9cessaires la permission d&#8217;utiliser votre soumission dans le cadre du fonctionnement de leurs activit\u00e9s sur Internet, y compris, sans limitation, les droits de : copier, distribuer, transmettre, afficher publiquement, ex\u00e9cuter publiquement, reproduire, \u00e9diter, traduire et reformater votre soumission ; et de publier votre nom en relation avec votre soumission.<\/p>\n<p>Aucune compensation ne sera vers\u00e9e en ce qui concerne l&#8217;utilisation de votre soumission, comme pr\u00e9vu dans le pr\u00e9sent document. Whites Group n&#8217;a aucune obligation de publier ou d&#8217;utiliser toute soumission que vous pourriez fournir et peut supprimer toute soumission \u00e0 tout moment \u00e0 la seule discr\u00e9tion de Whites Group.<br \/>En publiant, t\u00e9l\u00e9chargeant, saisissant, fournissant ou soumettant votre soumission, vous garantissez et d\u00e9clarez que vous poss\u00e9dez ou contr\u00f4lez d&#8217;une autre mani\u00e8re tous les droits relatifs \u00e0 votre soumission tels que d\u00e9crits dans la pr\u00e9sente section, y compris, mais sans s&#8217;y limiter, tous les droits n\u00e9cessaires pour vous permettre de fournir, publier, t\u00e9l\u00e9charger, saisir ou soumettre les soumissions.<\/p>\n<p><span style=\"color: #000000;\"><strong>Clause de non-responsabilit\u00e9<\/strong><\/span><br \/>Les informations, les logiciels, les produits et les services inclus ou disponibles sur le site web de Whites Group peuvent comporter des inexactitudes ou des erreurs typographiques. Des modifications sont r\u00e9guli\u00e8rement apport\u00e9es aux informations contenues dans le pr\u00e9sent document. Whites Group et\/ou ses fournisseurs peuvent \u00e0 tout moment apporter des am\u00e9liorations et\/ou des modifications au site web de Whites Group. Les conseils re\u00e7us via le site web du Groupe Whites ne doivent pas \u00eatre utilis\u00e9s pour des d\u00e9cisions personnelles, m\u00e9dicales, juridiques ou financi\u00e8res et vous devez consulter un professionnel appropri\u00e9 pour obtenir des conseils sp\u00e9cifiques adapt\u00e9s \u00e0 votre situation.<\/p>\n<p>Whites Group et\/ou ses fournisseurs ne font aucune d\u00e9claration quant \u00e0 l&#8217;ad\u00e9quation, la fiabilit\u00e9, la disponibilit\u00e9, l&#8217;opportunit\u00e9 et l&#8217;exactitude des informations, logiciels, produits, services et graphiques connexes contenus sur le site web de Whites Group \u00e0 quelque fin que ce soit. Dans toute la mesure permise par la loi applicable, l&#8217;ensemble de ces informations, logiciels, produits, services et graphiques connexes sont fournis &#8220;en l&#8217;\u00e9tat&#8221; sans garantie ni condition d&#8217;aucune sorte. Whites Group et\/ou ses fournisseurs d\u00e9clinent par la pr\u00e9sente toutes les garanties et conditions relatives \u00e0 ces informations, logiciels, produits, services et graphiques connexes, y compris toutes les garanties ou conditions implicites de qualit\u00e9 marchande, d&#8217;ad\u00e9quation \u00e0 un usage particulier, de titre et d&#8217;absence de contrefa\u00e7on.<\/p>\n<p>Dans la mesure maximale autoris\u00e9e par la loi applicable, Whites Group et\/ou ses fournisseurs ne seront en aucun cas responsables des dommages directs, indirects, punitifs, accessoires, sp\u00e9ciaux, cons\u00e9cutifs ou de tout autre dommage, y compris, mais sans s&#8217;y limiter, les dommages pour perte d&#8217;utilisation, de donn\u00e9es ou de profits, d\u00e9coulant de ou li\u00e9s de quelque mani\u00e8re que ce soit \u00e0 l&#8217;utilisation ou \u00e0 la performance du site web de Whites Group, au retard ou \u00e0 l&#8217;incapacit\u00e9 d&#8217;utiliser le site web de Whites Group ou les services connexes, la fourniture ou l&#8217;absence de fourniture de services, ou pour toute information, tout logiciel, tout produit, tout service et tout graphique connexe obtenu par le biais du site web du Groupe Whites, ou d\u00e9coulant autrement de l&#8217;utilisation du site web du Groupe Whites, que ce soit sur la base d&#8217;un contrat, d&#8217;un d\u00e9lit, d&#8217;une n\u00e9gligence, d&#8217;une responsabilit\u00e9 stricte ou autre, m\u00eame si le Groupe Whites ou l&#8217;un de ses fournisseurs a \u00e9t\u00e9 averti de la possibilit\u00e9 de tels dommages. \u00c9tant donn\u00e9 que certains \u00c9tats\/juridictions n&#8217;autorisent pas l&#8217;exclusion ou la limitation de la responsabilit\u00e9 pour les dommages cons\u00e9cutifs ou accessoires, la limitation ci-dessus peut ne pas s&#8217;appliquer \u00e0 vous. Si vous n&#8217;\u00eates pas satisfait d&#8217;une partie du site web de Whites Group ou de l&#8217;une des pr\u00e9sentes conditions d&#8217;utilisation, votre seul et unique recours est de cesser d&#8217;utiliser le site web de Whites Group.<\/p>\n<p><span style=\"color: #000000;\"><strong>R\u00e9siliation\/restriction d&#8217;acc\u00e8s<\/strong><\/span><br \/>Whites Group se r\u00e9serve le droit, \u00e0 sa seule discr\u00e9tion, de mettre fin \u00e0 votre acc\u00e8s au site Web de Whites Group et aux services connexes ou \u00e0 toute partie de ceux-ci, \u00e0 tout moment et sans pr\u00e9avis.<\/p>\n<p><span style=\"color: #000000;\"><strong>Droits d&#8217;auteur et marques d\u00e9pos\u00e9es :<\/strong><\/span><br \/>Tous les contenus du site web de Whites Group sont : \u00a9 2015 &#8211; Whites Group Pty Ltd et\/ou ses fournisseurs. Tous droits r\u00e9serv\u00e9s.<\/p>\n<p><span style=\"color: #000000;\"><strong>Marques d\u00e9pos\u00e9es<\/strong><\/span><br \/>Les noms des entreprises et des produits mentionn\u00e9s dans le pr\u00e9sent document peuvent \u00eatre des marques d\u00e9pos\u00e9es par leurs propri\u00e9taires respectifs.<br \/>Les exemples d&#8217;entreprises, d&#8217;organisations, de produits, de personnes et d&#8217;\u00e9v\u00e9nements d\u00e9crits dans le pr\u00e9sent document sont fictifs. Aucune association avec une entreprise, une organisation, un produit, une personne ou un \u00e9v\u00e9nement r\u00e9el n&#8217;est pr\u00e9vue ou ne doit \u00eatre d\u00e9duite.<\/p>\n<p>JACK, MURRAY, WHITES THINKING OUTSIDE, RETAIN-iT, SCREEN UP, ULTRAPOST, GRIP &amp; GROW, STAYMESH, WHITES RURAL, STOCKPOST, STOCKBOSS, UTE PACK, STIFF STAY et Agri-Wire sont des marques d\u00e9pos\u00e9es de Whites Group Pty Ltd.<br \/>\u2122 HANDYPAK, WIREPAK, MINI MESH, ENVIRO-TIE, FIREGUARD, WEATHERVIEW, BELTPAK, TOP NOTCH, FARM PAK, FARMLITE, HANDYFENCE, FIN GRIP, RINGfast et RIGI-FLOOR sont des marques d\u00e9pos\u00e9es de Whites Group Pty Ltd.<br \/>MaxTensor est une marque d\u00e9pos\u00e9e de Shiny Works, S.L.<br \/>STOCK-ade, Impulse et Jambro sont des marques d\u00e9pos\u00e9es de Paslode Pty Limited.<br \/>Knipex est une marque d\u00e9pos\u00e9e de KNIPEX-Werk C. Gustav Putsch KG.<br \/>Bezinal est une marque d\u00e9pos\u00e9e de NV Bekaert SA.<br \/>FAMOUS TOLEDO EXCELLENCE BY DESIGN est une marque d\u00e9pos\u00e9e de Tridon Australia Pty Ltd.<\/p>\n<p>Tous les droits qui ne sont pas express\u00e9ment accord\u00e9s dans le pr\u00e9sent document sont r\u00e9serv\u00e9s.<\/p>\n<p><span style=\"color: #000000;\"><strong>Avis et proc\u00e9dure de d\u00e9p\u00f4t de plainte pour violation du droit d&#8217;auteur<\/strong><\/span><br \/>Conform\u00e9ment au titre 17 du code des \u00e9tats-unis, section 512(c)(2), les notifications de violation pr\u00e9sum\u00e9e des droits d&#8217;auteur en vertu de la loi sur les droits d&#8217;auteur des \u00e9tats-unis doivent \u00eatre envoy\u00e9es \u00e0 l&#8217;agent d\u00e9sign\u00e9 par le fournisseur de services. Toutes les demandes qui ne sont pas pertinentes pour la proc\u00e9dure suivante ne recevront pas de r\u00e9ponse. Voir l&#8217;avis et la proc\u00e9dure de d\u00e9p\u00f4t de plainte pour violation des droits d&#8217;auteur.<\/p>\n<p>&nbsp;<\/p>\n<p>[\/et_pb_text][\/et_pb_column][\/et_pb_row][\/et_pb_section]<\/p>\n","protected":false},"excerpt":{"rendered":"<p>Conditions d&#8217;utilisation du siteAccord entre les utilisateurs et le groupe Whites Le site web de Whites Group est compos\u00e9 de plusieurs pages web exploit\u00e9es par Whites Group.Le site web du Groupe Whites vous est propos\u00e9 \u00e0 condition que vous acceptiez sans modification les termes, conditions et avis contenus dans le pr\u00e9sent document.Votre utilisation du site [&hellip;]<\/p>\n","protected":false},"author":2,"featured_media":0,"parent":0,"menu_order":0,"comment_status":"closed","ping_status":"closed","template":"","meta":{"_et_pb_use_builder":"on","_et_pb_old_content":"","_et_gb_content_width":"","footnotes":""},"class_list":["post-5742","page","type-page","status-publish","hentry"],"yoast_head":"<!-- This site is optimized with the Yoast SEO plugin v27.5 - https:\/\/yoast.com\/product\/yoast-seo-wordpress\/ -->\n<title>Conditions d&#039;utilisation du site - Jack Matrix<\/title>\n<meta name=\"robots\" content=\"index, follow, max-snippet:-1, max-image-preview:large, max-video-preview:-1\" \/>\n<link rel=\"canonical\" href=\"https:\/\/jackmatrix.com.au\/fr\/conditions-dutilisation-du-site\/\" \/>\n<meta property=\"og:locale\" content=\"fr_FR\" \/>\n<meta property=\"og:type\" content=\"article\" \/>\n<meta property=\"og:title\" content=\"Conditions d&#039;utilisation du site - Jack Matrix\" \/>\n<meta property=\"og:description\" content=\"Conditions d&#039;utilisation du siteAccord entre les utilisateurs et le groupe Whites Le site web de Whites Group est compos\u00e9 de plusieurs pages web exploit\u00e9es par Whites Group.Le site web du Groupe Whites vous est propos\u00e9 \u00e0 condition que vous acceptiez sans modification les termes, conditions et avis contenus dans le pr\u00e9sent document.Votre utilisation du site [&hellip;]\" \/>\n<meta property=\"og:url\" content=\"https:\/\/jackmatrix.com.au\/fr\/conditions-dutilisation-du-site\/\" \/>\n<meta property=\"og:site_name\" content=\"Jack Matrix\" \/>\n<meta property=\"article:modified_time\" content=\"2024-06-06T02:53:42+00:00\" \/>\n<meta name=\"twitter:card\" content=\"summary_large_image\" \/>\n<meta name=\"twitter:label1\" content=\"Est. reading time\" \/>\n\t<meta name=\"twitter:data1\" content=\"13 minutes\" \/>\n<script type=\"application\/ld+json\" class=\"yoast-schema-graph\">{\"@context\":\"https:\\\/\\\/schema.org\",\"@graph\":[{\"@type\":\"WebPage\",\"@id\":\"https:\\\/\\\/jackmatrix.com.au\\\/fr\\\/conditions-dutilisation-du-site\\\/\",\"url\":\"https:\\\/\\\/jackmatrix.com.au\\\/fr\\\/conditions-dutilisation-du-site\\\/\",\"name\":\"Conditions d'utilisation du site - Jack Matrix\",\"isPartOf\":{\"@id\":\"https:\\\/\\\/jackmatrix.com.au\\\/fr\\\/#website\"},\"datePublished\":\"2024-05-09T00:29:05+00:00\",\"dateModified\":\"2024-06-06T02:53:42+00:00\",\"breadcrumb\":{\"@id\":\"https:\\\/\\\/jackmatrix.com.au\\\/fr\\\/conditions-dutilisation-du-site\\\/#breadcrumb\"},\"inLanguage\":\"fr-FR\",\"potentialAction\":[{\"@type\":\"ReadAction\",\"target\":[\"https:\\\/\\\/jackmatrix.com.au\\\/fr\\\/conditions-dutilisation-du-site\\\/\"]}]},{\"@type\":\"BreadcrumbList\",\"@id\":\"https:\\\/\\\/jackmatrix.com.au\\\/fr\\\/conditions-dutilisation-du-site\\\/#breadcrumb\",\"itemListElement\":[{\"@type\":\"ListItem\",\"position\":1,\"name\":\"Home\",\"item\":\"https:\\\/\\\/jackmatrix.com.au\\\/fr\\\/page-daccueil\\\/\"},{\"@type\":\"ListItem\",\"position\":2,\"name\":\"Conditions d&#8217;utilisation du site\"}]},{\"@type\":\"WebSite\",\"@id\":\"https:\\\/\\\/jackmatrix.com.au\\\/fr\\\/#website\",\"url\":\"https:\\\/\\\/jackmatrix.com.au\\\/fr\\\/\",\"name\":\"Jack Matrix\",\"description\":\"\",\"potentialAction\":[{\"@type\":\"SearchAction\",\"target\":{\"@type\":\"EntryPoint\",\"urlTemplate\":\"https:\\\/\\\/jackmatrix.com.au\\\/fr\\\/?s={search_term_string}\"},\"query-input\":{\"@type\":\"PropertyValueSpecification\",\"valueRequired\":true,\"valueName\":\"search_term_string\"}}],\"inLanguage\":\"fr-FR\"}]}<\/script>\n<!-- \/ Yoast SEO plugin. -->","yoast_head_json":{"title":"Conditions d'utilisation du site - Jack Matrix","robots":{"index":"index","follow":"follow","max-snippet":"max-snippet:-1","max-image-preview":"max-image-preview:large","max-video-preview":"max-video-preview:-1"},"canonical":"https:\/\/jackmatrix.com.au\/fr\/conditions-dutilisation-du-site\/","og_locale":"fr_FR","og_type":"article","og_title":"Conditions d'utilisation du site - Jack Matrix","og_description":"Conditions d'utilisation du siteAccord entre les utilisateurs et le groupe Whites Le site web de Whites Group est compos\u00e9 de plusieurs pages web exploit\u00e9es par Whites Group.Le site web du Groupe Whites vous est propos\u00e9 \u00e0 condition que vous acceptiez sans modification les termes, conditions et avis contenus dans le pr\u00e9sent document.Votre utilisation du site [&hellip;]","og_url":"https:\/\/jackmatrix.com.au\/fr\/conditions-dutilisation-du-site\/","og_site_name":"Jack Matrix","article_modified_time":"2024-06-06T02:53:42+00:00","twitter_card":"summary_large_image","twitter_misc":{"Est. reading time":"13 minutes"},"schema":{"@context":"https:\/\/schema.org","@graph":[{"@type":"WebPage","@id":"https:\/\/jackmatrix.com.au\/fr\/conditions-dutilisation-du-site\/","url":"https:\/\/jackmatrix.com.au\/fr\/conditions-dutilisation-du-site\/","name":"Conditions d'utilisation du site - Jack Matrix","isPartOf":{"@id":"https:\/\/jackmatrix.com.au\/fr\/#website"},"datePublished":"2024-05-09T00:29:05+00:00","dateModified":"2024-06-06T02:53:42+00:00","breadcrumb":{"@id":"https:\/\/jackmatrix.com.au\/fr\/conditions-dutilisation-du-site\/#breadcrumb"},"inLanguage":"fr-FR","potentialAction":[{"@type":"ReadAction","target":["https:\/\/jackmatrix.com.au\/fr\/conditions-dutilisation-du-site\/"]}]},{"@type":"BreadcrumbList","@id":"https:\/\/jackmatrix.com.au\/fr\/conditions-dutilisation-du-site\/#breadcrumb","itemListElement":[{"@type":"ListItem","position":1,"name":"Home","item":"https:\/\/jackmatrix.com.au\/fr\/page-daccueil\/"},{"@type":"ListItem","position":2,"name":"Conditions d&#8217;utilisation du site"}]},{"@type":"WebSite","@id":"https:\/\/jackmatrix.com.au\/fr\/#website","url":"https:\/\/jackmatrix.com.au\/fr\/","name":"Jack Matrix","description":"","potentialAction":[{"@type":"SearchAction","target":{"@type":"EntryPoint","urlTemplate":"https:\/\/jackmatrix.com.au\/fr\/?s={search_term_string}"},"query-input":{"@type":"PropertyValueSpecification","valueRequired":true,"valueName":"search_term_string"}}],"inLanguage":"fr-FR"}]}},"_links":{"self":[{"href":"https:\/\/jackmatrix.com.au\/fr\/wp-json\/wp\/v2\/pages\/5742","targetHints":{"allow":["GET"]}}],"collection":[{"href":"https:\/\/jackmatrix.com.au\/fr\/wp-json\/wp\/v2\/pages"}],"about":[{"href":"https:\/\/jackmatrix.com.au\/fr\/wp-json\/wp\/v2\/types\/page"}],"author":[{"embeddable":true,"href":"https:\/\/jackmatrix.com.au\/fr\/wp-json\/wp\/v2\/users\/2"}],"replies":[{"embeddable":true,"href":"https:\/\/jackmatrix.com.au\/fr\/wp-json\/wp\/v2\/comments?post=5742"}],"version-history":[{"count":8,"href":"https:\/\/jackmatrix.com.au\/fr\/wp-json\/wp\/v2\/pages\/5742\/revisions"}],"predecessor-version":[{"id":5796,"href":"https:\/\/jackmatrix.com.au\/fr\/wp-json\/wp\/v2\/pages\/5742\/revisions\/5796"}],"wp:attachment":[{"href":"https:\/\/jackmatrix.com.au\/fr\/wp-json\/wp\/v2\/media?parent=5742"}],"curies":[{"name":"wp","href":"https:\/\/api.w.org\/{rel}","templated":true}]}}