{"id":5751,"date":"2024-05-09T00:40:12","date_gmt":"2024-05-09T00:40:12","guid":{"rendered":"https:\/\/jackmatrix.com.au\/politique-de-confidentialite\/"},"modified":"2024-06-06T02:53:42","modified_gmt":"2024-06-06T02:53:42","slug":"politique-de-confidentialite","status":"publish","type":"page","link":"https:\/\/jackmatrix.com.au\/fr\/politique-de-confidentialite\/","title":{"rendered":"Politique de confidentialit\u00e9"},"content":{"rendered":"<p>[et_pb_section fb_built=&#8221;1&#8243; _builder_version=&#8221;4.25.0&#8243; background_color=&#8221;#2AA78A&#8221; background_enable_image=&#8221;off&#8221; custom_padding=&#8221;2vw|0px|2vw|0px|true|false&#8221; global_colors_info=&#8221;{}&#8221;][et_pb_row _builder_version=&#8221;4.16&#8243; global_colors_info=&#8221;{}&#8221;][et_pb_column type=&#8221;4_4&#8243; _builder_version=&#8221;4.16&#8243; custom_padding=&#8221;|||&#8221; global_colors_info=&#8221;{}&#8221; custom_padding__hover=&#8221;|||&#8221;][et_pb_text _builder_version=&#8221;4.25.1&#8243; text_font=&#8221;Satoshi Regular &#8211; Body Copy||||||||&#8221; text_font_size=&#8221;24px&#8221; text_line_height=&#8221;2em&#8221; ul_font=&#8221;||||||||&#8221; ol_font=&#8221;||||||||&#8221; header_font=&#8221;Stoshi Black &#8211; headlines|700|||||||&#8221; header_font_size=&#8221;64px&#8221; header_line_height=&#8221;1.2em&#8221; header_2_font=&#8221;||||||||&#8221; header_3_font=&#8221;||||||||&#8221; header_4_font=&#8221;||||||||&#8221; header_5_font=&#8221;||||||||&#8221; header_6_font=&#8221;||||||||&#8221; text_orientation=&#8221;center&#8221; background_layout=&#8221;dark&#8221; max_width=&#8221;600px&#8221; module_alignment=&#8221;center&#8221; custom_margin=&#8221;|||&#8221; hover_enabled=&#8221;0&#8243; text_font_size_tablet=&#8221;&#8221; text_font_size_phone=&#8221;16px&#8221; text_font_size_last_edited=&#8221;on|phone&#8221; header_font_size_tablet=&#8221;45px&#8221; header_font_size_phone=&#8221;&#8221; header_font_size_last_edited=&#8221;on|phone&#8221; locked=&#8221;off&#8221; global_colors_info=&#8221;{}&#8221; sticky_enabled=&#8221;0&#8243;]<\/p>\n<h1>Politique de confidentialit\u00e9<\/h1>\n<p>[\/et_pb_text][\/et_pb_column][\/et_pb_row][\/et_pb_section][et_pb_section fb_built=&#8221;1&#8243; admin_label=&#8221;Services&#8221; _builder_version=&#8221;4.24.2&#8243; background_enable_image=&#8221;off&#8221; background_size=&#8221;initial&#8221; background_position=&#8221;bottom_right&#8221; custom_padding=&#8221;0|0px|0px|0px|false|false&#8221; locked=&#8221;off&#8221; global_colors_info=&#8221;{}&#8221;][et_pb_row _builder_version=&#8221;4.16&#8243; custom_padding=&#8221;27px|0px|0|0px|false|false&#8221; global_colors_info=&#8221;{}&#8221;][et_pb_column type=&#8221;4_4&#8243; _builder_version=&#8221;4.16&#8243; custom_padding=&#8221;|||&#8221; global_colors_info=&#8221;{}&#8221; custom_padding__hover=&#8221;|||&#8221;][et_pb_text _builder_version=&#8221;4.25.0&#8243; text_font=&#8221;Satoshi Regular &#8211; Body Copy||||||||&#8221; text_font_size=&#8221;18px&#8221; text_line_height=&#8221;2em&#8221; header_font=&#8221;||||||||&#8221; header_2_font=&#8221;Stoshi Black &#8211; headlines||||||||&#8221; header_2_font_size=&#8221;42px&#8221; header_3_font=&#8221;|700||on|||||&#8221; header_3_font_size=&#8221;20px&#8221; header_3_letter_spacing=&#8221;1px&#8221; header_3_line_height=&#8221;1.7em&#8221; text_font_size_tablet=&#8221;&#8221; text_font_size_phone=&#8221;14px&#8221; text_font_size_last_edited=&#8221;on|phone&#8221; global_colors_info=&#8221;{}&#8221;]<\/p>\n<p><span style=\"color: #000000;\"><strong>Respect de votre vie priv\u00e9e<\/strong><\/span><br \/>Whites Group Pty Ltd ABN 25 001 845 478 et chacune de ses entit\u00e9s li\u00e9es (&#8220;Whites Group&#8221;) prend au s\u00e9rieux ses obligations en vertu de la loi sur la protection de la vie priv\u00e9e de 1988 (Cth) (&#8220;loi&#8221;) et des principes australiens de protection de la vie priv\u00e9e. Whites Group respecte le droit \u00e0 la vie priv\u00e9e de ses clients, fournisseurs, contractants, agents et autres personnes avec lesquelles il traite (&#8220;vous\/votre&#8221;) et comprend la n\u00e9cessit\u00e9 de prot\u00e9ger vos informations personnelles. Il d\u00e9crit \u00e9galement, en termes g\u00e9n\u00e9raux, les types d&#8217;informations personnelles que Whites Group d\u00e9tient, dans quel but et comment ces informations sont collect\u00e9es, utilis\u00e9es, stock\u00e9es et divulgu\u00e9es.<\/p>\n<p><span style=\"color: #000000;\"><strong>Collecte de vos donn\u00e9es personnelles<\/strong><\/span><br \/>En tant que grand distributeur d&#8217;une large gamme de produits, les informations personnelles collect\u00e9es et conserv\u00e9es par Whites Group sont g\u00e9n\u00e9ralement les suivantes :<\/p>\n<p><span style=\"color: #000000;\"><strong>Les donn\u00e9es personnelles telles que le nom, l&#8217;adresse, les informations relatives au permis de conduire ;<\/strong><\/span><\/p>\n<p>Coordonn\u00e9es, y compris le num\u00e9ro de t\u00e9l\u00e9phone, le num\u00e9ro de fax et l&#8217;adresse \u00e9lectronique ;<br \/>Coordonn\u00e9es de la carte de cr\u00e9dit et du ch\u00e8que ;<br \/>Rapports des agences d&#8217;\u00e9valuation du cr\u00e9dit ;<br \/>des informations sur l&#8217;entreprise, telles que le nom, la taille et le type d&#8217;entreprise ; et<br \/>Identifiants uniques tels que le nom d&#8217;utilisateur, le num\u00e9ro de compte et le mot de passe.<br \/>Ces informations personnelles sont collect\u00e9es dans le cadre des relations entre Whites Group et ses clients, pour effectuer des contr\u00f4les de solvabilit\u00e9 conform\u00e9ment aux politiques de cr\u00e9dit de Whites Group et pour promouvoir et commercialiser les biens et services de Whites Group.<br \/>Whites Group ne recueille pas d&#8217;informations sur l&#8217;origine raciale ou ethnique d&#8217;un client, ses opinions ou ses convictions politiques, son appartenance \u00e0 une association politique, \u00e0 une association professionnelle ou commerciale, son appartenance \u00e0 un syndicat, sa croyance ou son affiliation religieuse, ses convictions philosophiques, ses pr\u00e9f\u00e9rences ou pratiques sexuelles, son casier judiciaire ou des informations sur sa sant\u00e9.<\/p>\n<p><span style=\"color: #000000;\"><strong>Utilisation et divulgation de vos informations personnelles<\/strong><\/span><br \/>Vos informations personnelles, telles que divulgu\u00e9es au moment de la collecte, sont utilis\u00e9es par Whites Group dans le but principal de vous fournir nos biens et services. Elles sont \u00e9galement utilis\u00e9es \u00e0 des fins auxiliaires telles que la satisfaction des demandes des clients et le maintien de la relation de Whites Group avec ses clients.<\/p>\n<p>Le Groupe Whites peut \u00e9galement utiliser les informations personnelles collect\u00e9es dans le but de commercialiser ses biens et services. Le Groupe Whites peut \u00e9galement divulguer des informations personnelles collect\u00e9es de mani\u00e8re confidentielle \u00e0 des tiers dans le cadre de promotions conjointes. Dans ces cas, Whites Group demandera au tiers de conserver et d&#8217;utiliser les informations personnelles en stricte conformit\u00e9 avec les termes de cette politique. Si, \u00e0 tout moment, vous ne souhaitez pas recevoir de marketing direct de la part de Whites Group, vous pouvez choisir de vous &#8220;d\u00e9sinscrire&#8221; de toute communication de marketing direct ult\u00e9rieure.<\/p>\n<p>Whites Group s&#8217;engage \u00e0 ne pas vendre, c\u00e9der sous licence ou \u00e9changer vos informations personnelles. Whites Group n&#8217;utilisera ni ne divulguera autrement vos informations personnelles, \u00e0 moins que cette utilisation ou divulgation ne soit autoris\u00e9e en vertu des principes australiens de protection de la vie priv\u00e9e. Voici quelques exemples de cas o\u00f9 l&#8217;utilisation ou la divulgation de vos informations personnelles serait autoris\u00e9e :<\/p>\n<p>L&#8217;utilisation ou la divulgation est requise ou autoris\u00e9e par la loi ;<\/p>\n<p>L&#8217;utilisation ou la divulgation est n\u00e9cessaire pour pr\u00e9venir une menace pour la vie, la sant\u00e9 ou la s\u00e9curit\u00e9 ;<br \/>L&#8217;utilisation ou la divulgation est n\u00e9cessaire pour enqu\u00eater sur une activit\u00e9 ill\u00e9gale pr\u00e9sum\u00e9e, pour pr\u00e9venir ou d\u00e9tecter une infraction p\u00e9nale ou un comportement inappropri\u00e9 ;<br \/>L&#8217;utilisation ou la divulgation est raisonnablement n\u00e9cessaire \u00e0 la pr\u00e9paration ou \u00e0 la conduite d&#8217;une proc\u00e9dure judiciaire ; ou<br \/>Vous avez consenti, express\u00e9ment ou implicitement, \u00e0 la divulgation d&#8217;informations vous concernant.<br \/><span style=\"color: #000000;\"><strong>Utiliser le site jackmatrix.com.au<\/strong><\/span><br \/>Whites Group utilise des cookies sur son site web pour collecter des informations. Les informations collect\u00e9es peuvent contenir des informations personnelles vous concernant, telles que vos activit\u00e9s de navigation sur le site web meetjack.com.au, afin de fournir un marketing cibl\u00e9 bas\u00e9 sur vos int\u00e9r\u00eats. Si vous ne souhaitez pas que des informations soient collect\u00e9es par le biais de cookies, Whites Group vous recommande de d\u00e9sactiver les cookies dans votre navigateur. Il existe \u00e9galement des services web qui vous permettent de contr\u00f4ler les informations collect\u00e9es \u00e0 votre sujet, comme le gestionnaire des pr\u00e9f\u00e9rences en mati\u00e8re d&#8217;annonces de Google.<\/p>\n<p><span style=\"color: #000000;\"><strong>Exactitude de vos donn\u00e9es personnelles<\/strong><\/span><br \/>Le groupe Whites vise \u00e0 garantir que toutes les informations personnelles d\u00e9tenues \u00e0 votre sujet sont collect\u00e9es et utilis\u00e9es conform\u00e9ment aux principes australiens de protection de la vie priv\u00e9e. Cela signifie que, de temps \u00e0 autre, Whites Group peut vous contacter pour v\u00e9rifier si des changements ont \u00e9t\u00e9 apport\u00e9s \u00e0 vos informations personnelles. Si vous estimez que vos informations personnelles d\u00e9tenues par Whites Group ne sont pas exactes, compl\u00e8tes ou doivent \u00eatre modifi\u00e9es, n&#8217;h\u00e9sitez pas \u00e0 contacter Whites Group.<\/p>\n<p><span style=\"color: #000000;\"><strong>S\u00e9curit\u00e9 des informations personnelles<\/strong><\/span><br \/>Whites Group conserve les informations personnelles de ses clients en toute s\u00e9curit\u00e9 et prend des pr\u00e9cautions raisonnables pour minimiser la probabilit\u00e9 de perte, d&#8217;utilisation abusive ou d&#8217;acc\u00e8s non autoris\u00e9, de modification, de divulgation ou d&#8217;alt\u00e9ration de ces informations.<\/p>\n<p><span style=\"color: #000000;\"><strong>Destruction des informations personnelles<\/strong><\/span><br \/>Whites Group prend toutes les mesures raisonnables pour s&#8217;assurer que les informations personnelles concernant ses clients sont d\u00e9truites lorsqu&#8217;elles ne sont plus n\u00e9cessaires.<\/p>\n<p><span style=\"color: #000000;\"><strong>Acc\u00e8s \u00e0 vos donn\u00e9es personnelles<\/strong><\/span><br \/>Whites Group vous donnera acc\u00e8s aux informations personnelles qu&#8217;il d\u00e9tient \u00e0 votre sujet. Votre droit d&#8217;acc\u00e8s \u00e0 vos informations personnelles d\u00e9tenues par Whites Group est soumis \u00e0 certaines exceptions autoris\u00e9es par la loi et peut \u00eatre affect\u00e9 par des questions telles que :<\/p>\n<p>Les informations sont commercialement sensibles pour Whites Group ou l&#8217;un de ses fournisseurs de services ou clients ;<\/p>\n<p>L&#8217;acc\u00e8s est ill\u00e9gal ;<br \/>une demande frivole ou vexatoire de votre part ou de la part d&#8217;une autre personne en votre nom ; ou<br \/>L&#8217;existence d&#8217;un litige juridique ou d&#8217;un litige juridique potentiel.<\/p>\n<p>Si Whites Group vous refuse l&#8217;acc\u00e8s \u00e0 vos informations personnelles, Whites Group vous fournira une explication. Pour la plupart des demandes, vos informations seront fournies gratuitement, mais Whites Group peut facturer des frais pour couvrir ses co\u00fbts raisonnables li\u00e9s \u00e0 la recherche et \u00e0 la fourniture des informations.<\/p>\n<p><span style=\"color: #000000;\"><strong>Refus de participer au marketing direct<\/strong><\/span><br \/>Whites Group reconna\u00eet et respecte le choix de ses clients de refuser le marketing direct entrepris par Whites Group. Si vous ne souhaitez pas recevoir de marketing direct de la part de Whites Group, vous pouvez vous y opposer en suivant le lien figurant sur tout message \u00e9lectronique de marketing direct ou en notifiant au responsable de la protection de la vie priv\u00e9e de Whites Group que vous ne souhaitez pas recevoir de communication de marketing direct.<\/p>\n<p><span style=\"color: #000000;\"><strong>D\u00e9rogations \u00e0 cette politique<\/strong><\/span><br \/>Cette politique ne s&#8217;applique pas aux informations d\u00e9tenues qui peuvent \u00eatre partag\u00e9es entre Whites Group et l&#8217;une de ses entit\u00e9s li\u00e9es. Elle ne s&#8217;applique pas non plus aux informations d\u00e9tenues par Whites Group sur ses employ\u00e9s.<\/p>\n<p>&nbsp;<\/p>\n<p><span style=\"color: #000000;\"><strong>R\u00e9soudre vos probl\u00e8mes de protection de la vie priv\u00e9e<\/strong><\/span><br \/>Whites Group a d\u00e9sign\u00e9 un responsable de la protection de la vie priv\u00e9e, charg\u00e9 de g\u00e9rer toute plainte relative \u00e0 la protection de la vie priv\u00e9e. Si vous avez des questions sur les pratiques de Whites Group en mati\u00e8re de protection de la vie priv\u00e9e ou si vous souhaitez d\u00e9poser une plainte sur la mani\u00e8re dont vos informations personnelles sont g\u00e9r\u00e9es, veuillez contacter le responsable de la protection de la vie priv\u00e9e de Whites Group par courrier \u00e9lectronique \u00e0 l&#8217;adresse suivante <strong><br \/>\n  <a href=\"mailto:privacy@whitesgroup.com.au\">privacy@whitesgroup.com.au<\/a><br \/>\n<\/strong>.<\/p>\n<p>&nbsp;<\/p>\n<p><span style=\"color: #000000;\"><strong>Modifications de cette politique<\/strong><\/span><br \/>Whites Group se r\u00e9serve le droit d&#8217;apporter des modifications \u00e0 cette politique de confidentialit\u00e9 de temps \u00e0 autre. Toute modification de la politique de confidentialit\u00e9 sera publi\u00e9e sur le site web de Whites Group.<\/p>\n<p>&nbsp;<\/p>\n<p><span style=\"color: #000000;\"><strong>Contacter le groupe Whites<\/strong><\/span><br \/>Pour consulter et mettre \u00e0 jour vos informations personnelles ou pour obtenir une copie de la pr\u00e9sente politique de confidentialit\u00e9, veuillez contacter le responsable de la protection de la vie priv\u00e9e de Whites Group. Cette politique de confidentialit\u00e9 peut \u00e9galement \u00eatre consult\u00e9e sur le site web de Whites Group \u00e0 l&#8217;adresse www.whitesgroup.com.au.<\/p>\n<p>Autoris\u00e9 par :<br \/>Whites Group Pty Ltd<br \/>ABN 25 001 845 478<br \/>Politique en vigueur : F\u00e9vrier 2015<\/p>\n<p>&nbsp;<\/p>\n<p>[\/et_pb_text][\/et_pb_column][\/et_pb_row][\/et_pb_section]<\/p>\n","protected":false},"excerpt":{"rendered":"<p>Politique de confidentialit\u00e9Respect de votre vie priv\u00e9eWhites Group Pty Ltd ABN 25 001 845 478 et chacune de ses entit\u00e9s li\u00e9es (&#8220;Whites Group&#8221;) prend au s\u00e9rieux ses obligations en vertu de la loi sur la protection de la vie priv\u00e9e de 1988 (Cth) (&#8220;loi&#8221;) et des principes australiens de protection de la vie priv\u00e9e. Whites [&hellip;]<\/p>\n","protected":false},"author":2,"featured_media":0,"parent":0,"menu_order":0,"comment_status":"closed","ping_status":"closed","template":"","meta":{"_et_pb_use_builder":"on","_et_pb_old_content":"","_et_gb_content_width":"","footnotes":""},"class_list":["post-5751","page","type-page","status-publish","hentry"],"yoast_head":"<!-- This site is optimized with the Yoast SEO plugin v27.5 - https:\/\/yoast.com\/product\/yoast-seo-wordpress\/ -->\n<title>Politique de confidentialit\u00e9 - Jack Matrix<\/title>\n<meta name=\"robots\" content=\"index, follow, max-snippet:-1, max-image-preview:large, max-video-preview:-1\" \/>\n<link rel=\"canonical\" href=\"https:\/\/jackmatrix.com.au\/fr\/politique-de-confidentialite\/\" \/>\n<meta property=\"og:locale\" content=\"fr_FR\" \/>\n<meta property=\"og:type\" content=\"article\" \/>\n<meta property=\"og:title\" content=\"Politique de confidentialit\u00e9 - Jack Matrix\" \/>\n<meta property=\"og:description\" content=\"Politique de confidentialit\u00e9Respect de votre vie priv\u00e9eWhites Group Pty Ltd ABN 25 001 845 478 et chacune de ses entit\u00e9s li\u00e9es (&quot;Whites Group&quot;) prend au s\u00e9rieux ses obligations en vertu de la loi sur la protection de la vie priv\u00e9e de 1988 (Cth) (&quot;loi&quot;) et des principes australiens de protection de la vie priv\u00e9e. Whites [&hellip;]\" \/>\n<meta property=\"og:url\" content=\"https:\/\/jackmatrix.com.au\/fr\/politique-de-confidentialite\/\" \/>\n<meta property=\"og:site_name\" content=\"Jack Matrix\" \/>\n<meta property=\"article:modified_time\" content=\"2024-06-06T02:53:42+00:00\" \/>\n<meta name=\"twitter:card\" content=\"summary_large_image\" \/>\n<meta name=\"twitter:label1\" content=\"Est. reading time\" \/>\n\t<meta name=\"twitter:data1\" content=\"9 minutes\" \/>\n<script type=\"application\/ld+json\" class=\"yoast-schema-graph\">{\"@context\":\"https:\\\/\\\/schema.org\",\"@graph\":[{\"@type\":\"WebPage\",\"@id\":\"https:\\\/\\\/jackmatrix.com.au\\\/fr\\\/politique-de-confidentialite\\\/\",\"url\":\"https:\\\/\\\/jackmatrix.com.au\\\/fr\\\/politique-de-confidentialite\\\/\",\"name\":\"Politique de confidentialit\u00e9 - Jack Matrix\",\"isPartOf\":{\"@id\":\"https:\\\/\\\/jackmatrix.com.au\\\/fr\\\/#website\"},\"datePublished\":\"2024-05-09T00:40:12+00:00\",\"dateModified\":\"2024-06-06T02:53:42+00:00\",\"breadcrumb\":{\"@id\":\"https:\\\/\\\/jackmatrix.com.au\\\/fr\\\/politique-de-confidentialite\\\/#breadcrumb\"},\"inLanguage\":\"fr-FR\",\"potentialAction\":[{\"@type\":\"ReadAction\",\"target\":[\"https:\\\/\\\/jackmatrix.com.au\\\/fr\\\/politique-de-confidentialite\\\/\"]}]},{\"@type\":\"BreadcrumbList\",\"@id\":\"https:\\\/\\\/jackmatrix.com.au\\\/fr\\\/politique-de-confidentialite\\\/#breadcrumb\",\"itemListElement\":[{\"@type\":\"ListItem\",\"position\":1,\"name\":\"Home\",\"item\":\"https:\\\/\\\/jackmatrix.com.au\\\/fr\\\/page-daccueil\\\/\"},{\"@type\":\"ListItem\",\"position\":2,\"name\":\"Politique de confidentialit\u00e9\"}]},{\"@type\":\"WebSite\",\"@id\":\"https:\\\/\\\/jackmatrix.com.au\\\/fr\\\/#website\",\"url\":\"https:\\\/\\\/jackmatrix.com.au\\\/fr\\\/\",\"name\":\"Jack Matrix\",\"description\":\"\",\"potentialAction\":[{\"@type\":\"SearchAction\",\"target\":{\"@type\":\"EntryPoint\",\"urlTemplate\":\"https:\\\/\\\/jackmatrix.com.au\\\/fr\\\/?s={search_term_string}\"},\"query-input\":{\"@type\":\"PropertyValueSpecification\",\"valueRequired\":true,\"valueName\":\"search_term_string\"}}],\"inLanguage\":\"fr-FR\"}]}<\/script>\n<!-- \/ Yoast SEO plugin. -->","yoast_head_json":{"title":"Politique de confidentialit\u00e9 - Jack Matrix","robots":{"index":"index","follow":"follow","max-snippet":"max-snippet:-1","max-image-preview":"max-image-preview:large","max-video-preview":"max-video-preview:-1"},"canonical":"https:\/\/jackmatrix.com.au\/fr\/politique-de-confidentialite\/","og_locale":"fr_FR","og_type":"article","og_title":"Politique de confidentialit\u00e9 - Jack Matrix","og_description":"Politique de confidentialit\u00e9Respect de votre vie priv\u00e9eWhites Group Pty Ltd ABN 25 001 845 478 et chacune de ses entit\u00e9s li\u00e9es (\"Whites Group\") prend au s\u00e9rieux ses obligations en vertu de la loi sur la protection de la vie priv\u00e9e de 1988 (Cth) (\"loi\") et des principes australiens de protection de la vie priv\u00e9e. Whites [&hellip;]","og_url":"https:\/\/jackmatrix.com.au\/fr\/politique-de-confidentialite\/","og_site_name":"Jack Matrix","article_modified_time":"2024-06-06T02:53:42+00:00","twitter_card":"summary_large_image","twitter_misc":{"Est. reading time":"9 minutes"},"schema":{"@context":"https:\/\/schema.org","@graph":[{"@type":"WebPage","@id":"https:\/\/jackmatrix.com.au\/fr\/politique-de-confidentialite\/","url":"https:\/\/jackmatrix.com.au\/fr\/politique-de-confidentialite\/","name":"Politique de confidentialit\u00e9 - Jack Matrix","isPartOf":{"@id":"https:\/\/jackmatrix.com.au\/fr\/#website"},"datePublished":"2024-05-09T00:40:12+00:00","dateModified":"2024-06-06T02:53:42+00:00","breadcrumb":{"@id":"https:\/\/jackmatrix.com.au\/fr\/politique-de-confidentialite\/#breadcrumb"},"inLanguage":"fr-FR","potentialAction":[{"@type":"ReadAction","target":["https:\/\/jackmatrix.com.au\/fr\/politique-de-confidentialite\/"]}]},{"@type":"BreadcrumbList","@id":"https:\/\/jackmatrix.com.au\/fr\/politique-de-confidentialite\/#breadcrumb","itemListElement":[{"@type":"ListItem","position":1,"name":"Home","item":"https:\/\/jackmatrix.com.au\/fr\/page-daccueil\/"},{"@type":"ListItem","position":2,"name":"Politique de confidentialit\u00e9"}]},{"@type":"WebSite","@id":"https:\/\/jackmatrix.com.au\/fr\/#website","url":"https:\/\/jackmatrix.com.au\/fr\/","name":"Jack Matrix","description":"","potentialAction":[{"@type":"SearchAction","target":{"@type":"EntryPoint","urlTemplate":"https:\/\/jackmatrix.com.au\/fr\/?s={search_term_string}"},"query-input":{"@type":"PropertyValueSpecification","valueRequired":true,"valueName":"search_term_string"}}],"inLanguage":"fr-FR"}]}},"_links":{"self":[{"href":"https:\/\/jackmatrix.com.au\/fr\/wp-json\/wp\/v2\/pages\/5751","targetHints":{"allow":["GET"]}}],"collection":[{"href":"https:\/\/jackmatrix.com.au\/fr\/wp-json\/wp\/v2\/pages"}],"about":[{"href":"https:\/\/jackmatrix.com.au\/fr\/wp-json\/wp\/v2\/types\/page"}],"author":[{"embeddable":true,"href":"https:\/\/jackmatrix.com.au\/fr\/wp-json\/wp\/v2\/users\/2"}],"replies":[{"embeddable":true,"href":"https:\/\/jackmatrix.com.au\/fr\/wp-json\/wp\/v2\/comments?post=5751"}],"version-history":[{"count":6,"href":"https:\/\/jackmatrix.com.au\/fr\/wp-json\/wp\/v2\/pages\/5751\/revisions"}],"predecessor-version":[{"id":5799,"href":"https:\/\/jackmatrix.com.au\/fr\/wp-json\/wp\/v2\/pages\/5751\/revisions\/5799"}],"wp:attachment":[{"href":"https:\/\/jackmatrix.com.au\/fr\/wp-json\/wp\/v2\/media?parent=5751"}],"curies":[{"name":"wp","href":"https:\/\/api.w.org\/{rel}","templated":true}]}}