{"id":5859,"date":"2024-05-15T16:01:07","date_gmt":"2024-05-15T16:01:07","guid":{"rendered":"https:\/\/jackmatrix.com.au\/a-propos-de-nous\/"},"modified":"2024-06-06T02:54:12","modified_gmt":"2024-06-06T02:54:12","slug":"a-propos-de-nous","status":"publish","type":"page","link":"https:\/\/jackmatrix.com.au\/fr\/a-propos-de-nous\/","title":{"rendered":"A propos de nous"},"content":{"rendered":"<p>[et_pb_section fb_built=\u00a0\u00bb1&Prime; _builder_version=\u00a0\u00bb4.25.1&Prime; use_background_color_gradient=\u00a0\u00bbon\u00a0\u00bb background_color_gradient_direction=\u00a0\u00bb45deg\u00a0\u00bb background_color_gradient_stops=\u00a0\u00bbrgba(29,38,0,0.85) 0%|rgba(29,38,0,0) 100%\u00a0\u00bb background_color_gradient_overlays_image=\u00a0\u00bbon\u00a0\u00bb background_color_gradient_start=\u00a0\u00bbrgba(29,38,0,0.85)\u00a0\u00bb background_color_gradient_end=\u00a0\u00bbrgba(29,38,0,0)\u00a0\u00bb background_image=\u00a0\u00bbhttps:\/\/jackmatrix.com.au\/wp-content\/uploads\/2024\/05\/Jack-Matrix-About-Us-1252&#215;400-1.jpg\u00a0\u00bb background_position=\u00a0\u00bbtop_center\u00a0\u00bb custom_padding=\u00a0\u00bb6vw|0px|6vw|0px|true|false\u00a0\u00bb background_last_edited=\u00a0\u00bbon|phone\u00a0\u00bb background_image_phone=\u00a0\u00bbhttps:\/\/jackmatrix.com.au\/wp-content\/uploads\/2024\/05\/Jack-Matrix-About-Us-400&#215;400-1.jpg\u00a0\u00bb background_enable_image_phone=\u00a0\u00bbon\u00a0\u00bb global_colors_info=\u00a0\u00bb{}\u00a0\u00bb][et_pb_row _builder_version=\u00a0\u00bb4.25.1&Prime; hover_enabled=\u00a0\u00bb0&Prime; global_colors_info=\u00a0\u00bb{}\u00a0\u00bb max_width=\u00a0\u00bb74%\u00a0\u00bb sticky_enabled=\u00a0\u00bb0&Prime;][et_pb_column type=\u00a0\u00bb4_4&Prime; _builder_version=\u00a0\u00bb4.16&Prime; custom_padding=\u00a0\u00bb|||\u00a0\u00bb global_colors_info=\u00a0\u00bb{}\u00a0\u00bb custom_padding__hover=\u00a0\u00bb|||\u00a0\u00bb][et_pb_text content_tablet=\u00a0\u00bb<\/p>\n<h1>A propos de nous<\/h1>\n<p>D\u00e9couvrez l&apos;entreprise qui se cache derri\u00e8re la gamme de produits, de notre histoire \u00e0 nos installations en passant par la responsabilit\u00e9 sociale de l&apos;entreprise.<\/p>\n<p>\u00a0\u00bb content_phone=\u00a0\u00bb<\/p>\n<h1>A propos de nous<\/h1>\n<p>D\u00e9couvrez l&apos;entreprise qui se cache derri\u00e8re la gamme de produits, de notre histoire \u00e0 nos installations en passant par la responsabilit\u00e9 sociale de l&apos;entreprise.<\/p>\n<p>\u00a0\u00bb content_last_edited=\u00a0\u00bbon|phone\u00a0\u00bb _builder_version=\u00a0\u00bb4.25.1&Prime; text_font=\u00a0\u00bbSatoshi Regular &#8211; Body Copy||||||||\u00a0\u00bb text_font_size=\u00a0\u00bb22px\u00a0\u00bb text_line_height=\u00a0\u00bb2em\u00a0\u00bb ul_font=\u00a0\u00bb||||||||\u00a0\u00bb ol_font=\u00a0\u00bb||||||||\u00a0\u00bb header_font=\u00a0\u00bbStoshi Black &#8211; headlines|700|||||||\u00a0\u00bb header_font_size=\u00a0\u00bb64px\u00a0\u00bb header_line_height=\u00a0\u00bb1.2em\u00a0\u00bb header_2_font=\u00a0\u00bb||||||||\u00a0\u00bb header_3_font=\u00a0\u00bb||||||||\u00a0\u00bb header_4_font=\u00a0\u00bb||||||||\u00a0\u00bb header_5_font=\u00a0\u00bb||||||||\u00a0\u00bb header_6_font=\u00a0\u00bb||||||||\u00a0\u00bb text_orientation=\u00a0\u00bbcenter\u00a0\u00bb background_layout=\u00a0\u00bbdark\u00a0\u00bb width_tablet=\u00a0\u00bb100%\u00a0\u00bb width_phone=\u00a0\u00bb100%\u00a0\u00bb width_last_edited=\u00a0\u00bboff|desktop\u00a0\u00bb module_alignment=\u00a0\u00bbcenter\u00a0\u00bb custom_margin=\u00a0\u00bb|||\u00a0\u00bb hover_enabled=\u00a0\u00bb0&Prime; text_font_size_tablet=\u00a0\u00bb18px\u00a0\u00bb text_font_size_phone=\u00a0\u00bb18px\u00a0\u00bb text_font_size_last_edited=\u00a0\u00bbon|phone\u00a0\u00bb header_font_size_tablet=\u00a0\u00bb45px\u00a0\u00bb header_font_size_phone=\u00a0\u00bb\u00a0\u00bb header_font_size_last_edited=\u00a0\u00bbon|desktop\u00a0\u00bb locked=\u00a0\u00bboff\u00a0\u00bb global_colors_info=\u00a0\u00bb{}\u00a0\u00bb sticky_enabled=\u00a0\u00bb0&Prime;]<\/p>\n<h1>A propos de nous<\/h1>\n<p>D\u00e9couvrez l&rsquo;entreprise qui se cache derri\u00e8re la gamme de produits, de notre histoire \u00e0 nos installations.<br \/>et la responsabilit\u00e9 sociale des entreprises.<\/p>\n<p>[\/et_pb_text][\/et_pb_column][\/et_pb_row][\/et_pb_section][et_pb_section fb_built=\u00a0\u00bb1&Prime; _builder_version=\u00a0\u00bb4.25.1&Prime; background_color=\u00a0\u00bb#f9f9f9&Prime; custom_padding=\u00a0\u00bb|0px|54px|0px|false|false\u00a0\u00bb locked=\u00a0\u00bboff\u00a0\u00bb global_colors_info=\u00a0\u00bb{}\u00a0\u00bb][et_pb_row column_structure=\u00a0\u00bb1_3,1_3,1_3&Prime; use_custom_gutter=\u00a0\u00bbon\u00a0\u00bb gutter_width=\u00a0\u00bb2&Prime; _builder_version=\u00a0\u00bb4.24.2&Prime; width=\u00a0\u00bb90%\u00a0\u00bb max_width=\u00a0\u00bb90%\u00a0\u00bb module_alignment=\u00a0\u00bbcenter\u00a0\u00bb hover_enabled=\u00a0\u00bb0&Prime; use_custom_width=\u00a0\u00bbon\u00a0\u00bb width_unit=\u00a0\u00bboff\u00a0\u00bb custom_width_percent=\u00a0\u00bb90%\u00a0\u00bb global_colors_info=\u00a0\u00bb{}\u00a0\u00bb sticky_enabled=\u00a0\u00bb0&Prime;][et_pb_column type=\u00a0\u00bb1_3&Prime; _builder_version=\u00a0\u00bb4.16&Prime; custom_padding=\u00a0\u00bb|||\u00a0\u00bb global_colors_info=\u00a0\u00bb{}\u00a0\u00bb custom_padding__hover=\u00a0\u00bb|||\u00a0\u00bb][et_pb_heading title=\u00a0\u00bbEcrans d\u00e9coratifs\u00a0\u00bb _builder_version=\u00a0\u00bb4.24.2&Prime; _module_preset=\u00a0\u00bbdefault\u00a0\u00bb title_level=\u00a0\u00bbh2&Prime; title_font=\u00a0\u00bbStoshi Black &#8211; headlines||||||||\u00a0\u00bb title_text_align=\u00a0\u00bbcenter\u00a0\u00bb title_text_color=\u00a0\u00bb#ffffff\u00a0\u00bb positioning=\u00a0\u00bbabsolute\u00a0\u00bb position_origin_a=\u00a0\u00bbcenter_center\u00a0\u00bb width=\u00a0\u00bb100%\u00a0\u00bb global_colors_info=\u00a0\u00bb{}\u00a0\u00bb][\/et_pb_heading][et_pb_cta title=\u00a0\u00bbNotre histoire\u00a0\u00bb button_url=\u00a0\u00bbhttps:\/\/jackmatrix.com.au\/about-us\/our-story\/\u00a0\u00bb button_text=\u00a0\u00bbEn savoir plus\u00a0\u00bb _builder_version=\u00a0\u00bb4.25.1&Prime; _module_preset=\u00a0\u00bbdefault\u00a0\u00bb header_font=\u00a0\u00bbStoshi Black &#8211; headlines||||||||\u00a0\u00bb header_font_size=\u00a0\u00bb30px\u00a0\u00bb header_letter_spacing=\u00a0\u00bb1px\u00a0\u00bb body_font=\u00a0\u00bbSatoshi Regular &#8211; Body Copy||||||||\u00a0\u00bb body_font_size=\u00a0\u00bb22px\u00a0\u00bb body_line_height=\u00a0\u00bb1.8em\u00a0\u00bb background_color=\u00a0\u00bbrgba(0,0,0,0.3)\u00a0\u00bb background_image=\u00a0\u00bbhttps:\/\/jackmatrix.com.au\/wp-content\/uploads\/2024\/05\/Jack-Matrix-Our-Story-355&#215;300-1.jpg\u00a0\u00bb background_position=\u00a0\u00bbtop_center\u00a0\u00bb background_blend=\u00a0\u00bbsaturation\u00a0\u00bb custom_button=\u00a0\u00bbon\u00a0\u00bb button_text_size=\u00a0\u00bb18px\u00a0\u00bb button_bg_color=\u00a0\u00bb#340059&Prime; button_border_color=\u00a0\u00bbRGBA(255,255,255,0)\u00a0\u00bb button_font=\u00a0\u00bbStoshi Black &#8211; headlines||||||||\u00a0\u00bb button_use_icon=\u00a0\u00bboff\u00a0\u00bb button_alignment=\u00a0\u00bbcenter\u00a0\u00bb height=\u00a0\u00bb300px\u00a0\u00bb height_tablet=\u00a0\u00bb300px\u00a0\u00bb height_phone=\u00a0\u00bb350px\u00a0\u00bb height_last_edited=\u00a0\u00bbon|phone\u00a0\u00bb custom_padding=\u00a0\u00bb||||false|false\u00a0\u00bb hover_enabled=\u00a0\u00bb0&Prime; header_letter_spacing_tablet=\u00a0\u00bb1px\u00a0\u00bb header_letter_spacing_phone=\u00a0\u00bb0px\u00a0\u00bb header_letter_spacing_last_edited=\u00a0\u00bbon|desktop\u00a0\u00bb body_line_height_tablet=\u00a0\u00bb1.8em\u00a0\u00bb body_line_height_phone=\u00a0\u00bb1.7em\u00a0\u00bb body_line_height_last_edited=\u00a0\u00bbon|phone\u00a0\u00bb background_last_edited=\u00a0\u00bbon|phone\u00a0\u00bb background_image_phone=\u00a0\u00bbhttps:\/\/jackmatrix.com.au\/wp-content\/uploads\/2024\/05\/Jack-Matrix-Our-Story-355&#215;350-1.jpg\u00a0\u00bb background_enable_image_phone=\u00a0\u00bbon\u00a0\u00bb custom_css_main_element=\u00a0\u00bbbackground-size: 100%;||transition: all 0.5s ease;\u00a0\u00bb custom_css_free_form=\u00a0\u00bb.selector {||  display: flex;||  flex-direction: column;||  justify-content: center;||  align-items: center;||}\u00a0\u00bb locked=\u00a0\u00bboff\u00a0\u00bb global_colors_info=\u00a0\u00bb{}\u00a0\u00bb button_bg_color__hover_enabled=\u00a0\u00bbon|hover\u00a0\u00bb button_bg_color__hover=\u00a0\u00bb#2AA78A\u00a0\u00bb button_bg_enable_color__hover=\u00a0\u00bbon\u00a0\u00bb custom_css_main_element__hover_enabled=\u00a0\u00bbon|desktop\u00a0\u00bb custom_css_main_element__hover=\u00a0\u00bbbackground-size: 110%;\u00a0\u00bb sticky_enabled=\u00a0\u00bb0&Prime; body_font_size_last_edited=\u00a0\u00bbon|desktop\u00a0\u00bb body_font_size_tablet=\u00a0\u00bb18px\u00a0\u00bb body_font_size_phone=\u00a0\u00bb18px\u00a0\u00bb]<\/p>\n<p>Nous sommes une entreprise familiale \u00e9tablie de longue date.<\/p>\n<p>[\/et_pb_cta][\/et_pb_column][et_pb_column type=\u00a0\u00bb1_3&Prime; _builder_version=\u00a0\u00bb4.16&Prime; custom_padding=\u00a0\u00bb|||\u00a0\u00bb global_colors_info=\u00a0\u00bb{}\u00a0\u00bb custom_padding__hover=\u00a0\u00bb|||\u00a0\u00bb][et_pb_cta title=\u00a0\u00bbNos installations\u00a0\u00bb button_url=\u00a0\u00bbhttps:\/\/jackmatrix.com.au\/fr\/a-propos-de-nous\/nos-installations\/\u00a0\u00bb button_text=\u00a0\u00bbEn savoir plus\u00a0\u00bb _builder_version=\u00a0\u00bb4.25.1&Prime; _module_preset=\u00a0\u00bbdefault\u00a0\u00bb header_font=\u00a0\u00bbStoshi Black &#8211; headlines||||||||\u00a0\u00bb header_font_size=\u00a0\u00bb30px\u00a0\u00bb body_font=\u00a0\u00bbSatoshi Regular &#8211; Body Copy||||||||\u00a0\u00bb body_font_size=\u00a0\u00bb22px\u00a0\u00bb background_color=\u00a0\u00bbrgba(0,0,0,0.3)\u00a0\u00bb background_image=\u00a0\u00bbhttps:\/\/jackmatrix.com.au\/wp-content\/uploads\/2024\/05\/Jack-Matrix-Australian-Manufacturing-Facility-355&#215;300-1.jpg\u00a0\u00bb background_blend=\u00a0\u00bbsaturation\u00a0\u00bb custom_button=\u00a0\u00bbon\u00a0\u00bb button_text_size=\u00a0\u00bb18px\u00a0\u00bb button_bg_color=\u00a0\u00bb#340059&Prime; button_border_color=\u00a0\u00bbRGBA(255,255,255,0)\u00a0\u00bb button_font=\u00a0\u00bbStoshi Black &#8211; headlines||||||||\u00a0\u00bb button_use_icon=\u00a0\u00bboff\u00a0\u00bb button_alignment=\u00a0\u00bbcenter\u00a0\u00bb height=\u00a0\u00bb300px\u00a0\u00bb height_tablet=\u00a0\u00bb300px\u00a0\u00bb height_phone=\u00a0\u00bb350px\u00a0\u00bb height_last_edited=\u00a0\u00bbon|phone\u00a0\u00bb custom_padding=\u00a0\u00bb||||false|false\u00a0\u00bb hover_enabled=\u00a0\u00bb0&Prime; header_letter_spacing_tablet=\u00a0\u00bb\u00a0\u00bb header_letter_spacing_phone=\u00a0\u00bb\u00a0\u00bb header_letter_spacing_last_edited=\u00a0\u00bbon|desktop\u00a0\u00bb body_line_height_tablet=\u00a0\u00bb\u00a0\u00bb body_line_height_phone=\u00a0\u00bb\u00a0\u00bb body_line_height_last_edited=\u00a0\u00bbon|desktop\u00a0\u00bb background_last_edited=\u00a0\u00bbon|phone\u00a0\u00bb background_image_phone=\u00a0\u00bbhttps:\/\/jackmatrix.com.au\/wp-content\/uploads\/2024\/05\/Jack-Matrix-Australian-Manufacturing-Facility-355&#215;350-1.jpg\u00a0\u00bb background_enable_image_phone=\u00a0\u00bbon\u00a0\u00bb custom_css_main_element=\u00a0\u00bbbackground-size: 100%;||transition: all 0.5s ease;\u00a0\u00bb custom_css_free_form=\u00a0\u00bb.selector {||  display: flex;||  flex-direction: column;||  justify-content: center;||  align-items: center;||}\u00a0\u00bb locked=\u00a0\u00bboff\u00a0\u00bb global_colors_info=\u00a0\u00bb{}\u00a0\u00bb button_bg_color__hover_enabled=\u00a0\u00bbon|hover\u00a0\u00bb button_bg_color__hover=\u00a0\u00bb#2AA78A\u00a0\u00bb button_bg_enable_color__hover=\u00a0\u00bbon\u00a0\u00bb custom_css_main_element__hover_enabled=\u00a0\u00bbon|desktop\u00a0\u00bb custom_css_main_element__hover=\u00a0\u00bbbackground-size: 110%;\u00a0\u00bb body_font_size_last_edited=\u00a0\u00bbon|phone\u00a0\u00bb sticky_enabled=\u00a0\u00bb0&Prime; body_font_size_tablet=\u00a0\u00bb18px\u00a0\u00bb body_font_size_phone=\u00a0\u00bb18px\u00a0\u00bb]<\/p>\n<p>D\u00e9couvrez notre centre d&rsquo;excellence en mati\u00e8re de fabrication.<\/p>\n<p>[\/et_pb_cta][\/et_pb_column][et_pb_column type=\u00a0\u00bb1_3&Prime; _builder_version=\u00a0\u00bb4.16&Prime; custom_padding=\u00a0\u00bb|||\u00a0\u00bb global_colors_info=\u00a0\u00bb{}\u00a0\u00bb custom_padding__hover=\u00a0\u00bb|||\u00a0\u00bb][et_pb_cta title=\u00a0\u00bbResponsabilit\u00e9 sociale des entreprises\u00a0\u00bb button_url=\u00a0\u00bbhttps:\/\/jackmatrix.com.au\/fr\/a-propos-de-nous\/responsabilite-sociale-des-entreprises\/\u00a0\u00bb button_text=\u00a0\u00bbEn savoir plus\u00a0\u00bb _builder_version=\u00a0\u00bb4.25.1&Prime; _module_preset=\u00a0\u00bbdefault\u00a0\u00bb header_font=\u00a0\u00bbStoshi Black &#8211; headlines||||||||\u00a0\u00bb header_font_size=\u00a0\u00bb30px\u00a0\u00bb header_letter_spacing=\u00a0\u00bb1px\u00a0\u00bb body_font=\u00a0\u00bbSatoshi Regular &#8211; Body Copy||||||||\u00a0\u00bb body_font_size=\u00a0\u00bb22px\u00a0\u00bb body_line_height=\u00a0\u00bb1.8em\u00a0\u00bb background_color=\u00a0\u00bbrgba(0,0,0,0.3)\u00a0\u00bb background_image=\u00a0\u00bbhttps:\/\/jackmatrix.com.au\/wp-content\/uploads\/2024\/05\/Corporate-Social-Responsibility-355&#215;300-1.jpg\u00a0\u00bb background_blend=\u00a0\u00bbsaturation\u00a0\u00bb custom_button=\u00a0\u00bbon\u00a0\u00bb button_text_size=\u00a0\u00bb18px\u00a0\u00bb button_bg_color=\u00a0\u00bb#340059&Prime; button_border_color=\u00a0\u00bbRGBA(255,255,255,0)\u00a0\u00bb button_font=\u00a0\u00bbStoshi Black &#8211; headlines||||||||\u00a0\u00bb button_use_icon=\u00a0\u00bboff\u00a0\u00bb button_alignment=\u00a0\u00bbcenter\u00a0\u00bb height=\u00a0\u00bb300px\u00a0\u00bb height_tablet=\u00a0\u00bb300px\u00a0\u00bb height_phone=\u00a0\u00bb350px\u00a0\u00bb height_last_edited=\u00a0\u00bbon|phone\u00a0\u00bb custom_padding=\u00a0\u00bb||||false|false\u00a0\u00bb hover_enabled=\u00a0\u00bb0&Prime; header_letter_spacing_tablet=\u00a0\u00bb1px\u00a0\u00bb header_letter_spacing_phone=\u00a0\u00bb0px\u00a0\u00bb header_letter_spacing_last_edited=\u00a0\u00bbon|phone\u00a0\u00bb body_line_height_tablet=\u00a0\u00bb1.8em\u00a0\u00bb body_line_height_phone=\u00a0\u00bb1.7em\u00a0\u00bb body_line_height_last_edited=\u00a0\u00bbon|phone\u00a0\u00bb background_last_edited=\u00a0\u00bbon|phone\u00a0\u00bb background_image_phone=\u00a0\u00bbhttps:\/\/jackmatrix.com.au\/wp-content\/uploads\/2024\/05\/Corporate-Social-Responsibility-355&#215;350-1.jpg\u00a0\u00bb background_enable_image_phone=\u00a0\u00bbon\u00a0\u00bb custom_css_main_element=\u00a0\u00bbbackground-size: 100%;||transition: all 0.5s ease;\u00a0\u00bb custom_css_free_form=\u00a0\u00bb.selector {||  display: flex;||  flex-direction: column;||  justify-content: center;||  align-items: center;||}\u00a0\u00bb locked=\u00a0\u00bboff\u00a0\u00bb global_colors_info=\u00a0\u00bb{}\u00a0\u00bb button_bg_color__hover_enabled=\u00a0\u00bbon|hover\u00a0\u00bb button_bg_color__hover=\u00a0\u00bb#2AA78A\u00a0\u00bb button_bg_enable_color__hover=\u00a0\u00bbon\u00a0\u00bb custom_css_main_element__hover_enabled=\u00a0\u00bbon|desktop\u00a0\u00bb custom_css_main_element__hover=\u00a0\u00bbbackground-size: 110%;\u00a0\u00bb body_font_size_last_edited=\u00a0\u00bbon|phone\u00a0\u00bb sticky_enabled=\u00a0\u00bb0&Prime; body_font_size_tablet=\u00a0\u00bb18px\u00a0\u00bb body_font_size_phone=\u00a0\u00bb18px\u00a0\u00bb]<\/p>\n<p>Nous nous soucions de notre impact sur le monde.<\/p>\n<p>[\/et_pb_cta][\/et_pb_column][\/et_pb_row][\/et_pb_section]<\/p>\n","protected":false},"excerpt":{"rendered":"<p>A propos de nous D\u00e9couvrez l&rsquo;entreprise qui se cache derri\u00e8re la gamme de produits, de notre histoire \u00e0 nos installations.et la responsabilit\u00e9 sociale des entreprises.Nous sommes une entreprise familiale \u00e9tablie de longue date.D\u00e9couvrez notre centre d&rsquo;excellence en mati\u00e8re de fabrication.Nous nous soucions de notre impact sur le monde.<\/p>\n","protected":false},"author":2,"featured_media":0,"parent":0,"menu_order":0,"comment_status":"closed","ping_status":"closed","template":"","meta":{"_et_pb_use_builder":"on","_et_pb_old_content":"","_et_gb_content_width":"","footnotes":""},"class_list":["post-5859","page","type-page","status-publish","hentry"],"yoast_head":"<!-- This site is optimized with the Yoast SEO plugin v26.3 - https:\/\/yoast.com\/wordpress\/plugins\/seo\/ -->\n<title>A propos de nous - Wholesale Home D\u00e9cor Suppliers Australia | Jack Matrix<\/title>\n<meta name=\"description\" content=\"D\u00e9couvrez l&#039;entreprise qui se cache derri\u00e8re la gamme de produits, de notre histoire \u00e0 nos installations en passant par la responsabilit\u00e9 sociale de l&#039;entreprise. Fournisseurs de d\u00e9cor en gros Australie\" \/>\n<meta name=\"robots\" content=\"index, follow, max-snippet:-1, max-image-preview:large, max-video-preview:-1\" \/>\n<link rel=\"canonical\" href=\"https:\/\/jackmatrix.com.au\/fr\/a-propos-de-nous\/\" \/>\n<meta property=\"og:locale\" content=\"fr_FR\" \/>\n<meta property=\"og:type\" content=\"article\" \/>\n<meta property=\"og:title\" content=\"A propos de nous - Wholesale Home D\u00e9cor Suppliers Australia | Jack Matrix\" \/>\n<meta property=\"og:description\" content=\"D\u00e9couvrez l&#039;entreprise qui se cache derri\u00e8re la gamme de produits, de notre histoire \u00e0 nos installations en passant par la responsabilit\u00e9 sociale de l&#039;entreprise. Fournisseurs de d\u00e9cor en gros Australie\" \/>\n<meta property=\"og:url\" content=\"https:\/\/jackmatrix.com.au\/fr\/a-propos-de-nous\/\" \/>\n<meta property=\"og:site_name\" content=\"Jack Matrix\" \/>\n<meta property=\"article:modified_time\" content=\"2024-06-06T02:54:12+00:00\" \/>\n<meta name=\"twitter:card\" content=\"summary_large_image\" \/>\n<meta name=\"twitter:label1\" content=\"Dur\u00e9e de lecture estim\u00e9e\" \/>\n\t<meta name=\"twitter:data1\" content=\"6 minutes\" \/>\n<script type=\"application\/ld+json\" class=\"yoast-schema-graph\">{\"@context\":\"https:\/\/schema.org\",\"@graph\":[{\"@type\":\"WebPage\",\"@id\":\"https:\/\/jackmatrix.com.au\/fr\/a-propos-de-nous\/\",\"url\":\"https:\/\/jackmatrix.com.au\/fr\/a-propos-de-nous\/\",\"name\":\"A propos de nous - Wholesale Home D\u00e9cor Suppliers Australia | Jack Matrix\",\"isPartOf\":{\"@id\":\"https:\/\/jackmatrix.com.au\/fr\/#website\"},\"datePublished\":\"2024-05-15T16:01:07+00:00\",\"dateModified\":\"2024-06-06T02:54:12+00:00\",\"description\":\"D\u00e9couvrez l'entreprise qui se cache derri\u00e8re la gamme de produits, de notre histoire \u00e0 nos installations en passant par la responsabilit\u00e9 sociale de l'entreprise. Fournisseurs de d\u00e9cor en gros Australie\",\"breadcrumb\":{\"@id\":\"https:\/\/jackmatrix.com.au\/fr\/a-propos-de-nous\/#breadcrumb\"},\"inLanguage\":\"fr-FR\",\"potentialAction\":[{\"@type\":\"ReadAction\",\"target\":[\"https:\/\/jackmatrix.com.au\/fr\/a-propos-de-nous\/\"]}]},{\"@type\":\"BreadcrumbList\",\"@id\":\"https:\/\/jackmatrix.com.au\/fr\/a-propos-de-nous\/#breadcrumb\",\"itemListElement\":[{\"@type\":\"ListItem\",\"position\":1,\"name\":\"Home\",\"item\":\"https:\/\/jackmatrix.com.au\/fr\/page-daccueil\/\"},{\"@type\":\"ListItem\",\"position\":2,\"name\":\"A propos de nous\"}]},{\"@type\":\"WebSite\",\"@id\":\"https:\/\/jackmatrix.com.au\/fr\/#website\",\"url\":\"https:\/\/jackmatrix.com.au\/fr\/\",\"name\":\"Jack Matrix\",\"description\":\"\",\"potentialAction\":[{\"@type\":\"SearchAction\",\"target\":{\"@type\":\"EntryPoint\",\"urlTemplate\":\"https:\/\/jackmatrix.com.au\/fr\/?s={search_term_string}\"},\"query-input\":{\"@type\":\"PropertyValueSpecification\",\"valueRequired\":true,\"valueName\":\"search_term_string\"}}],\"inLanguage\":\"fr-FR\"}]}<\/script>\n<!-- \/ Yoast SEO plugin. -->","yoast_head_json":{"title":"A propos de nous - Wholesale Home D\u00e9cor Suppliers Australia | Jack Matrix","description":"D\u00e9couvrez l'entreprise qui se cache derri\u00e8re la gamme de produits, de notre histoire \u00e0 nos installations en passant par la responsabilit\u00e9 sociale de l'entreprise. Fournisseurs de d\u00e9cor en gros Australie","robots":{"index":"index","follow":"follow","max-snippet":"max-snippet:-1","max-image-preview":"max-image-preview:large","max-video-preview":"max-video-preview:-1"},"canonical":"https:\/\/jackmatrix.com.au\/fr\/a-propos-de-nous\/","og_locale":"fr_FR","og_type":"article","og_title":"A propos de nous - Wholesale Home D\u00e9cor Suppliers Australia | Jack Matrix","og_description":"D\u00e9couvrez l'entreprise qui se cache derri\u00e8re la gamme de produits, de notre histoire \u00e0 nos installations en passant par la responsabilit\u00e9 sociale de l'entreprise. Fournisseurs de d\u00e9cor en gros Australie","og_url":"https:\/\/jackmatrix.com.au\/fr\/a-propos-de-nous\/","og_site_name":"Jack Matrix","article_modified_time":"2024-06-06T02:54:12+00:00","twitter_card":"summary_large_image","twitter_misc":{"Dur\u00e9e de lecture estim\u00e9e":"6 minutes"},"schema":{"@context":"https:\/\/schema.org","@graph":[{"@type":"WebPage","@id":"https:\/\/jackmatrix.com.au\/fr\/a-propos-de-nous\/","url":"https:\/\/jackmatrix.com.au\/fr\/a-propos-de-nous\/","name":"A propos de nous - Wholesale Home D\u00e9cor Suppliers Australia | Jack Matrix","isPartOf":{"@id":"https:\/\/jackmatrix.com.au\/fr\/#website"},"datePublished":"2024-05-15T16:01:07+00:00","dateModified":"2024-06-06T02:54:12+00:00","description":"D\u00e9couvrez l'entreprise qui se cache derri\u00e8re la gamme de produits, de notre histoire \u00e0 nos installations en passant par la responsabilit\u00e9 sociale de l'entreprise. Fournisseurs de d\u00e9cor en gros Australie","breadcrumb":{"@id":"https:\/\/jackmatrix.com.au\/fr\/a-propos-de-nous\/#breadcrumb"},"inLanguage":"fr-FR","potentialAction":[{"@type":"ReadAction","target":["https:\/\/jackmatrix.com.au\/fr\/a-propos-de-nous\/"]}]},{"@type":"BreadcrumbList","@id":"https:\/\/jackmatrix.com.au\/fr\/a-propos-de-nous\/#breadcrumb","itemListElement":[{"@type":"ListItem","position":1,"name":"Home","item":"https:\/\/jackmatrix.com.au\/fr\/page-daccueil\/"},{"@type":"ListItem","position":2,"name":"A propos de nous"}]},{"@type":"WebSite","@id":"https:\/\/jackmatrix.com.au\/fr\/#website","url":"https:\/\/jackmatrix.com.au\/fr\/","name":"Jack Matrix","description":"","potentialAction":[{"@type":"SearchAction","target":{"@type":"EntryPoint","urlTemplate":"https:\/\/jackmatrix.com.au\/fr\/?s={search_term_string}"},"query-input":{"@type":"PropertyValueSpecification","valueRequired":true,"valueName":"search_term_string"}}],"inLanguage":"fr-FR"}]}},"_links":{"self":[{"href":"https:\/\/jackmatrix.com.au\/fr\/wp-json\/wp\/v2\/pages\/5859","targetHints":{"allow":["GET"]}}],"collection":[{"href":"https:\/\/jackmatrix.com.au\/fr\/wp-json\/wp\/v2\/pages"}],"about":[{"href":"https:\/\/jackmatrix.com.au\/fr\/wp-json\/wp\/v2\/types\/page"}],"author":[{"embeddable":true,"href":"https:\/\/jackmatrix.com.au\/fr\/wp-json\/wp\/v2\/users\/2"}],"replies":[{"embeddable":true,"href":"https:\/\/jackmatrix.com.au\/fr\/wp-json\/wp\/v2\/comments?post=5859"}],"version-history":[{"count":10,"href":"https:\/\/jackmatrix.com.au\/fr\/wp-json\/wp\/v2\/pages\/5859\/revisions"}],"predecessor-version":[{"id":5913,"href":"https:\/\/jackmatrix.com.au\/fr\/wp-json\/wp\/v2\/pages\/5859\/revisions\/5913"}],"wp:attachment":[{"href":"https:\/\/jackmatrix.com.au\/fr\/wp-json\/wp\/v2\/media?parent=5859"}],"curies":[{"name":"wp","href":"https:\/\/api.w.org\/{rel}","templated":true}]}}